{"id":4907,"date":"2025-03-21T11:38:54","date_gmt":"2025-03-21T10:38:54","guid":{"rendered":"https:\/\/www.optimal-germany.com\/?page_id=4907"},"modified":"2025-03-21T11:38:54","modified_gmt":"2025-03-21T10:38:54","slug":"supply-chain-planner-m-w-d","status":"publish","type":"page","link":"https:\/\/www.optimal-germany.com\/de\/karriere\/fur-professionals\/fuer-professionals\/supply-chain-planner-m-w-d\/","title":{"rendered":"Supply Chain Planner (m\/w\/d)"},"content":{"rendered":"<div class=\"wp-block-uagb-container page-header-image-container uagb-block-f1ca19c8 alignfull uagb-is-root-container\"><div class=\"uagb-container-inner-blocks-wrap\">\n<figure class=\"wp-block-image aligncenter size-full\"><img loading=\"lazy\" decoding=\"async\" width=\"1140\" height=\"232\" src=\"https:\/\/www.optimal-germany.com\/wp-content\/uploads\/2024\/02\/image-276.png\" alt=\"\" class=\"wp-image-3768\" srcset=\"https:\/\/www.optimal-germany.com\/wp-content\/uploads\/2024\/02\/image-276.png 1140w, https:\/\/www.optimal-germany.com\/wp-content\/uploads\/2024\/02\/image-276-300x61.png 300w, https:\/\/www.optimal-germany.com\/wp-content\/uploads\/2024\/02\/image-276-1024x208.png 1024w, https:\/\/www.optimal-germany.com\/wp-content\/uploads\/2024\/02\/image-276-768x156.png 768w, https:\/\/www.optimal-germany.com\/wp-content\/uploads\/2024\/02\/image-276-18x4.png 18w\" sizes=\"auto, (max-width: 1140px) 100vw, 1140px\" \/><\/figure>\n\n\n\n<p class=\"has-text-align-center page-header-image-text-front\"><strong>F\u00fcr Professionals<\/strong><\/p>\n\n\n\n<p class=\"has-text-align-center page-header-image-text-back\"><strong>F\u00fcr Professionals<\/strong><\/p>\n<\/div><\/div>\n\n\n\n<div class=\"wp-block-uagb-container uagb-block-5e603625 alignfull uagb-is-root-container\"><div class=\"uagb-container-inner-blocks-wrap\">\n<aside class=\"wp-block-uagb-container side-menu-container uagb-block-9766e0f1\"><nav style=\"font-size:14px;font-style:normal;font-weight:700;text-transform:uppercase;\" class=\"has-background has-ast-global-color-5-background-color  is-vertical side-menu wp-block-navigation is-layout-flex wp-container-core-navigation-is-layout-42e9c677 wp-block-navigation-is-layout-flex\" aria-label=\"Karriere\"><ul style=\"font-size:14px;font-style:normal;font-weight:700;text-transform:uppercase;\" class=\"wp-block-navigation__container has-background has-ast-global-color-5-background-color  is-vertical side-menu wp-block-navigation\"><li style=\"font-size: 14px;\" class=\"wp-block-navigation-item wp-block-navigation-link\"><a class=\"wp-block-navigation-item__content\"  href=\"https:\/\/www.optimal-germany.com\/de\/karriere\/karriere\/\"><span class=\"wp-block-navigation-item__label\">Karriere-\u00dcberblick<\/span><\/a><\/li><li style=\"font-size: 14px;\" class=\"wp-block-navigation-item wp-block-navigation-link\"><a class=\"wp-block-navigation-item__content\"  href=\"https:\/\/www.optimal-germany.com\/de\/karriere\/fur-professionals\/\"><span class=\"wp-block-navigation-item__label\">F\u00fcr professionals<\/span><\/a><\/li><li style=\"font-size: 14px;\" class=\"wp-block-navigation-item wp-block-navigation-link\"><a class=\"wp-block-navigation-item__content\"  href=\"https:\/\/www.optimal-germany.com\/de\/karriere\/fuer-studierende-und-praktikanten\/\"><span class=\"wp-block-navigation-item__label\">F\u00fcr Studierende und Praktikanten<\/span><\/a><\/li><li style=\"font-size: 14px;\" class=\"wp-block-navigation-item wp-block-navigation-link\"><a class=\"wp-block-navigation-item__content\"  href=\"https:\/\/www.optimal-germany.com\/de\/karriere\/fuer-auszubildende\/\"><span class=\"wp-block-navigation-item__label\">F\u00fcr Auszubildende<\/span><\/a><\/li><li style=\"font-size: 14px;\" class=\"wp-block-navigation-item wp-block-navigation-link\"><a class=\"wp-block-navigation-item__content\"  href=\"https:\/\/www.optimal-germany.com\/de\/karriere\/fuer-initiativbewerber\/\"><span class=\"wp-block-navigation-item__label\">F\u00fcr Initiativbewerber<\/span><\/a><\/li><\/ul><\/nav>\n\n\n<div class=\"wp-block-uagb-image uagb-block-876d2c63 wp-block-uagb-image--layout-default wp-block-uagb-image--effect-static wp-block-uagb-image--align-none\"><figure class=\"wp-block-uagb-image__figure\"><a class=\"\" href=\"https:\/\/b2b.optimal-germany.com\" target=\"_blank\" rel=\"noreferrer noopener\"><img decoding=\"async\"  sizes=\"auto, (max-width: 480px) 150px\" src=\"https:\/\/www.optimal-germany.com\/wp-content\/uploads\/2024\/02\/image-20.png\" alt=\"B2B Online Shop\" width=\"262\" height=\"97\" title=\"\" loading=\"lazy\" role=\"img\"\/><\/a><\/figure><\/div>\n\n\n\n<div class=\"wp-block-uagb-image uagb-block-c148217a wp-block-uagb-image--layout-default wp-block-uagb-image--effect-static wp-block-uagb-image--align-none\"><figure class=\"wp-block-uagb-image__figure\"><a class=\"\" href=\"https:\/\/www.tecalliance.net\/\" target=\"_blank\" rel=\"noreferrer noopener\"><img decoding=\"async\"  sizes=\"auto, (max-width: 480px) 150px\" src=\"https:\/\/www.optimal-germany.com\/wp-content\/uploads\/2024\/02\/image-23.png\" alt=\"\" width=\"262\" height=\"98\" title=\"\" loading=\"lazy\" role=\"img\"\/><\/a><\/figure><\/div>\n<\/aside>\n\n\n\n<div class=\"wp-block-uagb-container main-content uagb-block-26b8dfe4\">\n<div class=\"wp-block-group shadow has-ast-global-color-5-background-color has-background is-layout-constrained wp-container-core-group-is-layout-a51490eb wp-block-group-is-layout-constrained\" style=\"margin-bottom:0;padding-top:14px;padding-right:30px;padding-bottom:14px;padding-left:30px\">\n<div class=\"wp-block-uagb-container uagb-block-9bc97d1b\">\n<p class=\"has-text-color has-link-color wp-elements-9aebe0cc1f510d8358977f31522446c8\" style=\"color:#777777;margin-top:0;margin-bottom:0;padding-top:0;padding-right:0;padding-bottom:0;padding-left:0;font-size:11px\">Sie sind hier:<\/p>\n\n\n<div class=\"breadcrumbs align  wp-block-bcn-breadcrumb-trail has-text-color has-background\" vocab=\"https:\/\/schema.org\/\" typeof=\"BreadcrumbList\">\n\t<span><\/span>\n\t<span property=\"itemListElement\" typeof=\"ListItem\"><a property=\"item\" typeof=\"WebPage\" title=\"Go to OPTIMAL Automotive GmbH.\" href=\"https:\/\/www.optimal-germany.com\/de\" class=\"home\" aria-current=\"page\"><span property=\"name\">Home<\/span><\/a><meta property=\"position\" content=\"1\"><\/span><\/div>\n<\/div>\n\n\n\n<h1 class=\"wp-block-heading\" style=\"margin-top:var(--wp--preset--spacing--30);margin-bottom:var(--wp--preset--spacing--30)\">Supply Chain Planner (m\/w\/d)<\/h1>\n\n\n\n<p>Gestalten Sie mit uns die Zukunft des Ersatzteilhandels und werden Sie ein Mitglied im Team von<br>OPTIMAL. Nehmen Sie die Herausforderung in einem wachstumsorientierten Unternehmen an, das sich<br>in einem spannenden Markt bewegt.<\/p>\n\n\n\n<p><strong>Wir \u00fcber uns<\/strong><\/p>\n\n\n\n<p>Die 1991 gegr\u00fcndete OPTIMAL Automotive GmbH vertreibt als Spezialist f\u00fcr Kfz-Ersatzteile<br>erfolgreich Radlagerkits, Lenkungsteile, Bremsen und Sto\u00dfd\u00e4mpfer.<\/p>\n\n\n\n<p>Die intensive und direkte Zusammenarbeit mit unseren Kunden steht dabei im Mittelpunkt unseres<br>Handelns. Die Qualit\u00e4t unserer Produkte und unser sehr hoher Servicestandard sind der Schl\u00fcssel zur<br>Kundenzufriedenheit.<\/p>\n\n\n\n<p>Die Optimal Automotive GmbH ist eine Tochtergesellschaft der Stahlgruber GmbH. Beide geh\u00f6ren zu<br>LKQ Europe, dem f\u00fchrenden Gro\u00dfh\u00e4ndler f\u00fcr Kfz-Ersatzteile und Zubeh\u00f6r f\u00fcr Pkw, Nutz- und<br>Industriefahrzeuge sowie Werkstattausr\u00fcstung<\/p>\n\n\n\n<p>LKQ Europe ist derzeit in 21 europ\u00e4ischen L\u00e4ndern mit mehr als 26.000 Mitarbeitern t\u00e4tig und beliefert<br>\u00fcber 100.000 Werkst\u00e4tten im Aftermarket.<\/p>\n\n\n\n<p style=\"margin-top:var(--wp--preset--spacing--60);margin-bottom:var(--wp--preset--spacing--20)\"><strong>&nbsp;Ihre Aufgaben<\/strong><\/p>\n\n\n\n<ul style=\"margin-bottom:10px\" class=\"wp-block-list\">\n<li>Verwaltung und Planung eines bestm\u00f6glichen Lager- und Materialbestands<\/li>\n\n\n\n<li>Eigenverantwortliche Bedarfsermittlung und Bestellung von Ersatzteilen unter kostenoptimalen Aspekten<\/li>\n\n\n\n<li>Selbstst\u00e4ndige Analyse der Daten, um Engp\u00e4sse in der Lieferkette zu vermeiden<\/li>\n\n\n\n<li>Enge Zusammenarbeit mit nationalen und internationalen Lieferanten<\/li>\n\n\n\n<li>Erstellen von Auswertungen (Verf\u00fcgbarkeit, \u00dcberbestandsartikel, etc.)<\/li>\n<\/ul>\n\n\n\n<p style=\"margin-top:var(--wp--preset--spacing--60);margin-bottom:var(--wp--preset--spacing--20)\"><strong>Ihr Profil<\/strong><\/p>\n\n\n\n<ul style=\"margin-bottom:10px\" class=\"wp-block-list\">\n<li>Erfolgreiche abgeschlossene Berufsausbildung oder Studium im kaufm\u00e4nnischen oder logistischen\/Supply Chain Management Bereich<\/li>\n\n\n\n<li>Erste Berufserfahrung im Einkauf und in der Disposition von Vorteil<\/li>\n\n\n\n<li>Sehr gute Englischkenntnisse in Wort und Schrift<\/li>\n\n\n\n<li>Zuverl\u00e4ssige und selbstst\u00e4ndige Arbeitsweise, sowie gute kommunikative F\u00e4higkeiten<\/li>\n\n\n\n<li>Verhandlungsgeschick, Belastbarkeit und Teamf\u00e4higkeit<\/li>\n\n\n\n<li>Analytisches und strukturiertes Denken, sowie ein gutes Zahlenverst\u00e4ndnis<\/li>\n\n\n\n<li>Affinit\u00e4t zu technischen Produkten und gutes technisches Verst\u00e4ndnis<\/li>\n\n\n\n<li>Sicherer Umgang mit MS-Office-Anwendungen (insbesondere Excel)<\/li>\n<\/ul>\n\n\n\n<p style=\"margin-top:var(--wp--preset--spacing--60);margin-bottom:var(--wp--preset--spacing--20)\"><strong>Benefits<\/strong><\/p>\n\n\n\n<ul style=\"margin-bottom:30px\" class=\"wp-block-list\">\n<li>Moderner Arbeitsplatz und beste technische Voraussetzungen<\/li>\n\n\n\n<li>Als Teil dieses globalen Unternehmens gibt es vielfache M\u00f6glichkeiten f\u00fcr internationale Zusammenarbeit<\/li>\n\n\n\n<li>Wir haben eine gro\u00dfz\u00fcgige Dachterrasse f\u00fcr sonnige Pausenzeiten<\/li>\n\n\n\n<li>Wir pflegen eine wertsch\u00e4tzende Kultur f\u00fcr Mitarbeiter und Kunden<\/li>\n\n\n\n<li>Gleitzeit ist f\u00fcr uns selbstverst\u00e4ndlich<\/li>\n\n\n\n<li>Freuen Sie sich auf ein kollegiales &amp; dynamisches Team mit starkem Zusammenhalt<\/li>\n\n\n\n<li>Als Mitarbeitende erhalten Sie Personaleinkaufspreise auf unser eigenes Produktsortiment<\/li>\n\n\n\n<li>Zus\u00e4tzlich sind wir Partner von Corporate Benefits und bieten dadurch Zugang zu weiteren attraktiven Rabatten<\/li>\n\n\n\n<li>Wir legen Wert auf Fort-&amp; Weiterbildung unserer Mitarbeitenden und unterst\u00fctzen durch umfassende Trainings- und Entwicklungsprogramme<\/li>\n\n\n\n<li>Unser Standort in Langenbach ist sowohl mit dem \u00d6PNV als auch mit dem Auto gut zu erreichen \u2013 selbstverst\u00e4ndlich mit kostenlosen Parkpl\u00e4tzen!<\/li>\n\n\n\n<li>Die Benefits der Benefits: Weihnachtsfeier und Sommerfest \u2013 wir sind f\u00fcr jeden Spa\u00df zu haben<\/li>\n\n\n\n<li>Wir bieten Ihnen eine betriebliche Altersvorsorge<\/li>\n\n\n\n<li>Wenn Sie mit Ihrem E-Bike zur Arbeit kommen, k\u00f6nnen Sie dies an unserer Ladestation aufladen<\/li>\n\n\n\n<li>Gute Entwicklungsm\u00f6glichkeiten auch \u00fcber unsere internationale Schwesterunternehmen<\/li>\n<\/ul>\n\n\n\n<p><strong>Sind Sie neugierig geworden auf diese interessante, verantwortungsvolle Vollzeitposition?<\/strong><\/p>\n\n\n\n<p>Wir freuen uns auf Ihre vollst\u00e4ndigen Bewerbungsunterlagen unter Angabe Ihrer Gehaltsvorstellung an&nbsp;<strong><a href=\"mailto:bewerbung@optimal-germany.com\">bewerbung@optimal-germany.com<\/a>.<\/strong><\/p>\n\n\n\n<div class=\"wp-block-uagb-container uagb-block-f93a7eca\">\n<p><\/p>\n<\/div>\n<\/div>\n<\/div>\n<\/div><\/div>\n\n\n\n<p><\/p>","protected":false},"excerpt":{"rendered":"<p>F\u00fcr Professionals F\u00fcr Professionals Supply Chain Planner (m\/w\/d) Gestalten Sie mit uns die Zukunft des Ersatzteilhandels und werden Sie ein Mitglied im Team vonOPTIMAL. Nehmen Sie die Herausforderung in einem wachstumsorientierten Unternehmen an, das sichin einem spannenden Markt bewegt. Wir \u00fcber uns Die 1991 gegr\u00fcndete OPTIMAL Automotive GmbH vertreibt als Spezialist f\u00fcr Kfz-Ersatzteileerfolgreich Radlagerkits, Lenkungsteile, [&hellip;]<\/p>\n","protected":false},"author":1,"featured_media":0,"parent":3849,"menu_order":0,"comment_status":"closed","ping_status":"closed","template":"","meta":{"_uag_custom_page_level_css":"","site-sidebar-layout":"no-sidebar","site-content-layout":"plain-container","ast-site-content-layout":"normal-width-container","site-content-style":"unboxed","site-sidebar-style":"unboxed","ast-global-header-display":"","ast-banner-title-visibility":"","ast-main-header-display":"","ast-hfb-above-header-display":"","ast-hfb-below-header-display":"","ast-hfb-mobile-header-display":"","site-post-title":"disabled","ast-breadcrumbs-content":"","ast-featured-img":"disabled","footer-sml-layout":"","ast-disable-related-posts":"","theme-transparent-header-meta":"disabled","adv-header-id-meta":"","stick-header-meta":"","header-above-stick-meta":"","header-main-stick-meta":"","header-below-stick-meta":"","astra-migrate-meta-layouts":"set","ast-page-background-enabled":"default","ast-page-background-meta":{"desktop":{"background-color":"var(--ast-global-color-4)","background-image":"","background-repeat":"repeat","background-position":"center center","background-size":"auto","background-attachment":"scroll","background-type":"","background-media":"","overlay-type":"","overlay-color":"","overlay-opacity":"","overlay-gradient":""},"tablet":{"background-color":"","background-image":"","background-repeat":"repeat","background-position":"center center","background-size":"auto","background-attachment":"scroll","background-type":"","background-media":"","overlay-type":"","overlay-color":"","overlay-opacity":"","overlay-gradient":""},"mobile":{"background-color":"","background-image":"","background-repeat":"repeat","background-position":"center center","background-size":"auto","background-attachment":"scroll","background-type":"","background-media":"","overlay-type":"","overlay-color":"","overlay-opacity":"","overlay-gradient":""}},"ast-content-background-meta":{"desktop":{"background-color":"var(--ast-global-color-5)","background-image":"","background-repeat":"repeat","background-position":"center center","background-size":"auto","background-attachment":"scroll","background-type":"","background-media":"","overlay-type":"","overlay-color":"","overlay-opacity":"","overlay-gradient":""},"tablet":{"background-color":"var(--ast-global-color-5)","background-image":"","background-repeat":"repeat","background-position":"center center","background-size":"auto","background-attachment":"scroll","background-type":"","background-media":"","overlay-type":"","overlay-color":"","overlay-opacity":"","overlay-gradient":""},"mobile":{"background-color":"var(--ast-global-color-5)","background-image":"","background-repeat":"repeat","background-position":"center center","background-size":"auto","background-attachment":"scroll","background-type":"","background-media":"","overlay-type":"","overlay-color":"","overlay-opacity":"","overlay-gradient":""}},"footnotes":""},"class_list":["post-4907","page","type-page","status-publish","hentry"],"uagb_featured_image_src":{"full":false,"thumbnail":false,"medium":false,"medium_large":false,"large":false,"1536x1536":false,"2048x2048":false,"trp-custom-language-flag":false},"uagb_author_info":{"display_name":"Administrator","author_link":"https:\/\/www.optimal-germany.com\/de\/author\/wpadmino\/"},"uagb_comment_info":0,"uagb_excerpt":"F\u00fcr Professionals F\u00fcr Professionals Supply Chain Planner (m\/w\/d) Gestalten Sie mit uns die Zukunft des Ersatzteilhandels und werden Sie ein Mitglied im Team vonOPTIMAL. Nehmen Sie die Herausforderung in einem wachstumsorientierten Unternehmen an, das sichin einem spannenden Markt bewegt. Wir \u00fcber uns Die 1991 gegr\u00fcndete OPTIMAL Automotive GmbH vertreibt als Spezialist f\u00fcr Kfz-Ersatzteileerfolgreich Radlagerkits, Lenkungsteile,&hellip;","_links":{"self":[{"href":"https:\/\/www.optimal-germany.com\/de\/wp-json\/wp\/v2\/pages\/4907","targetHints":{"allow":["GET"]}}],"collection":[{"href":"https:\/\/www.optimal-germany.com\/de\/wp-json\/wp\/v2\/pages"}],"about":[{"href":"https:\/\/www.optimal-germany.com\/de\/wp-json\/wp\/v2\/types\/page"}],"author":[{"embeddable":true,"href":"https:\/\/www.optimal-germany.com\/de\/wp-json\/wp\/v2\/users\/1"}],"replies":[{"embeddable":true,"href":"https:\/\/www.optimal-germany.com\/de\/wp-json\/wp\/v2\/comments?post=4907"}],"version-history":[{"count":3,"href":"https:\/\/www.optimal-germany.com\/de\/wp-json\/wp\/v2\/pages\/4907\/revisions"}],"predecessor-version":[{"id":4910,"href":"https:\/\/www.optimal-germany.com\/de\/wp-json\/wp\/v2\/pages\/4907\/revisions\/4910"}],"up":[{"embeddable":true,"href":"https:\/\/www.optimal-germany.com\/de\/wp-json\/wp\/v2\/pages\/3849"}],"wp:attachment":[{"href":"https:\/\/www.optimal-germany.com\/de\/wp-json\/wp\/v2\/media?parent=4907"}],"curies":[{"name":"wp","href":"https:\/\/api.w.org\/{rel}","templated":true}]}}