{"id":4584,"date":"2024-03-13T12:33:10","date_gmt":"2024-03-13T11:33:10","guid":{"rendered":"https:\/\/srv-www.optimal-germany.com\/?page_id=4584"},"modified":"2024-03-13T12:33:12","modified_gmt":"2024-03-13T11:33:12","slug":"stahlgruber-erwirbt-mehrheit-a-optimal","status":"publish","type":"page","link":"https:\/\/www.optimal-germany.com\/de\/mediacenter\/news\/stahlgruber-acquires-majority-stake-in-optimal\/","title":{"rendered":"Stahlgruber acquires majority stake in optimal"},"content":{"rendered":"<div class=\"wp-block-uagb-container page-header-image-container uagb-block-f1ca19c8 alignfull uagb-is-root-container\"><div class=\"uagb-container-inner-blocks-wrap\">\n<figure class=\"wp-block-image aligncenter size-full\"><img loading=\"lazy\" decoding=\"async\" width=\"1140\" height=\"232\" src=\"https:\/\/www.optimal-germany.com\/wp-content\/uploads\/2024\/02\/image-99.png\" alt=\"\" class=\"wp-image-2360\" srcset=\"https:\/\/www.optimal-germany.com\/wp-content\/uploads\/2024\/02\/image-99.png 1140w, https:\/\/www.optimal-germany.com\/wp-content\/uploads\/2024\/02\/image-99-300x61.png 300w, https:\/\/www.optimal-germany.com\/wp-content\/uploads\/2024\/02\/image-99-1024x208.png 1024w, https:\/\/www.optimal-germany.com\/wp-content\/uploads\/2024\/02\/image-99-768x156.png 768w\" sizes=\"auto, (max-width: 1140px) 100vw, 1140px\" \/><\/figure>\n<\/div><\/div>\n\n\n\n<div class=\"wp-block-uagb-container uagb-block-5e603625 alignfull uagb-is-root-container\"><div class=\"uagb-container-inner-blocks-wrap\">\n<aside class=\"wp-block-uagb-container side-menu-container uagb-block-9766e0f1\"><nav style=\"font-size:14px;font-style:normal;font-weight:700;text-transform:uppercase;\" class=\"has-background has-ast-global-color-5-background-color  is-vertical side-menu wp-block-navigation is-layout-flex wp-container-core-navigation-is-layout-42e9c677 wp-block-navigation-is-layout-flex\" aria-label=\"Mediacenter\"><ul style=\"font-size:14px;font-style:normal;font-weight:700;text-transform:uppercase;\" class=\"wp-block-navigation__container has-background has-ast-global-color-5-background-color  is-vertical side-menu wp-block-navigation\"><li style=\"font-size: 14px;\" class=\"wp-block-navigation-item wp-block-navigation-link\"><a class=\"wp-block-navigation-item__content\"  href=\"https:\/\/www.optimal-germany.com\/de\/media-center\/news\/\"><span class=\"wp-block-navigation-item__label\">News<\/span><\/a><\/li><li data-wp-context=\"{ &quot;submenuOpenedBy&quot;: { &quot;click&quot;: false, &quot;hover&quot;: false, &quot;focus&quot;: false }, &quot;type&quot;: &quot;submenu&quot;, &quot;modal&quot;: null, &quot;previousFocus&quot;: null }\" data-wp-interactive=\"core\/navigation\" data-wp-on--focusout=\"actions.handleMenuFocusout\" data-wp-on--keydown=\"actions.handleMenuKeydown\" data-wp-watch=\"callbacks.initMenu\" tabindex=\"-1\" style=\"font-size: 14px;\" class=\"wp-block-navigation-item has-child open-on-click wp-block-navigation-submenu\"><button data-wp-bind--aria-expanded=\"state.isMenuOpen\" data-wp-on--click=\"actions.toggleMenuOnClick\" aria-label=\"Untermen\u00fc von Downloads\" class=\"wp-block-navigation-item__content wp-block-navigation-submenu__toggle\" ><span class=\"wp-block-navigation-item__label\">Downloads<\/span><\/button><span class=\"wp-block-navigation__submenu-icon\"><svg xmlns=\"http:\/\/www.w3.org\/2000\/svg\" width=\"12\" height=\"12\" viewbox=\"0 0 12 12\" fill=\"none\" aria-hidden=\"true\" focusable=\"false\"><path d=\"M1.50002 4L6.00002 8L10.5 4\" stroke-width=\"1.5\"><\/path><\/svg><\/span><ul data-wp-on--focus=\"actions.openMenuOnFocus\" class=\"wp-block-navigation__submenu-container wp-block-navigation-submenu\"><li style=\"font-size: 14px;\" class=\"wp-block-navigation-item wp-block-navigation-link\"><a class=\"wp-block-navigation-item__content\"  href=\"https:\/\/www.optimal-germany.com\/de\/media-center\/downloads\/downloads\/\"><span class=\"wp-block-navigation-item__label\">Downloads<\/span><\/a><\/li><li style=\"font-size: 14px;\" class=\"wp-block-navigation-item wp-block-navigation-link\"><a class=\"wp-block-navigation-item__content\"  href=\"https:\/\/www.optimal-germany.com\/de\/media-center\/downloads\/rechtliches\/\"><span class=\"wp-block-navigation-item__label\">Rechtliches<\/span><\/a><\/li><li style=\"font-size: 14px;\" class=\"wp-block-navigation-item wp-block-navigation-link\"><a class=\"wp-block-navigation-item__content\"  href=\"https:\/\/www.optimal-germany.com\/de\/media-center\/downloads\/kataloge\/\"><span class=\"wp-block-navigation-item__label\">Kataloge<\/span><\/a><\/li><li style=\"font-size: 14px;\" class=\"wp-block-navigation-item wp-block-navigation-link\"><a class=\"wp-block-navigation-item__content\"  href=\"https:\/\/www.optimal-germany.com\/de\/media-center\/downloads\/technik-tipp\/\"><span class=\"wp-block-navigation-item__label\">Technik-Tipp<\/span><\/a><\/li><li style=\"font-size: 14px;\" class=\"wp-block-navigation-item wp-block-navigation-link\"><a class=\"wp-block-navigation-item__content\"  href=\"https:\/\/www.optimal-germany.com\/de\/media-center\/downloads\/flyer\/\"><span class=\"wp-block-navigation-item__label\">Flyer<\/span><\/a><\/li><li style=\"font-size: 14px;\" class=\"wp-block-navigation-item wp-block-navigation-link\"><a class=\"wp-block-navigation-item__content\"  href=\"https:\/\/www.optimal-germany.com\/de\/media-center\/downloads\/zertifikate-2\/\"><span class=\"wp-block-navigation-item__label\">Zertifikate<\/span><\/a><\/li><li style=\"font-size: 14px;\" class=\"wp-block-navigation-item wp-block-navigation-link\"><a class=\"wp-block-navigation-item__content\"  href=\"https:\/\/www.optimal-germany.com\/de\/media-center\/downloads\/trainingsprogramm\/\"><span class=\"wp-block-navigation-item__label\">Trainingsprogramm<\/span><\/a><\/li><\/ul><\/li><li style=\"font-size: 14px;\" class=\"wp-block-navigation-item wp-block-navigation-link\"><a class=\"wp-block-navigation-item__content\"  href=\"https:\/\/www.optimal-germany.com\/de\/media-center\/optimal-image-movie\/\"><span class=\"wp-block-navigation-item__label\">Optimal image movie<\/span><\/a><\/li><li style=\"font-size: 14px;\" class=\"wp-block-navigation-item image-movie-link-de wp-block-navigation-link\"><a class=\"wp-block-navigation-item__content\"  href=\"https:\/\/www.optimal-germany.com\/de\/media-center\/optimal-ausbildungsfilm\/\"><span class=\"wp-block-navigation-item__label\">optimal ausbildungsfilm<\/span><\/a><\/li><\/ul><\/nav>\n\n\n<div class=\"wp-block-uagb-image uagb-block-876d2c63 wp-block-uagb-image--layout-default wp-block-uagb-image--effect-static wp-block-uagb-image--align-none\"><figure class=\"wp-block-uagb-image__figure\"><a class=\"\" href=\"https:\/\/b2b.optimal-germany.com\" target=\"_blank\" rel=\"noreferrer noopener\"><img decoding=\"async\"  sizes=\"auto, (max-width: 480px) 150px\" src=\"https:\/\/www.optimal-germany.com\/wp-content\/uploads\/2024\/02\/image-20.png\" alt=\"B2B Online Shop\" width=\"262\" height=\"97\" title=\"\" loading=\"lazy\" role=\"img\"\/><\/a><\/figure><\/div>\n\n\n\n<div class=\"wp-block-uagb-image uagb-block-c148217a wp-block-uagb-image--layout-default wp-block-uagb-image--effect-static wp-block-uagb-image--align-none\"><figure class=\"wp-block-uagb-image__figure\"><a class=\"\" href=\"https:\/\/www.tecalliance.net\/\" target=\"_blank\" rel=\"noreferrer noopener\"><img decoding=\"async\"  sizes=\"auto, (max-width: 480px) 150px\" src=\"https:\/\/www.optimal-germany.com\/wp-content\/uploads\/2024\/02\/image-23.png\" alt=\"\" width=\"262\" height=\"98\" title=\"\" loading=\"lazy\" role=\"img\"\/><\/a><\/figure><\/div>\n<\/aside>\n\n\n\n<div class=\"wp-block-uagb-container main-content uagb-block-26b8dfe4\">\n<div class=\"wp-block-group shadow has-ast-global-color-5-background-color has-background is-layout-constrained wp-container-core-group-is-layout-a51490eb wp-block-group-is-layout-constrained\" style=\"margin-bottom:0;padding-top:14px;padding-right:30px;padding-bottom:14px;padding-left:30px\">\n<div class=\"wp-block-uagb-container uagb-block-9bc97d1b\">\n<p class=\"has-text-color has-link-color wp-elements-9aebe0cc1f510d8358977f31522446c8\" style=\"color:#777777;margin-top:0;margin-bottom:0;padding-top:0;padding-right:0;padding-bottom:0;padding-left:0;font-size:11px\">Sie sind hier:<\/p>\n\n\n<div class=\"breadcrumbs align  wp-block-bcn-breadcrumb-trail has-text-color has-background\" vocab=\"https:\/\/schema.org\/\" typeof=\"BreadcrumbList\">\n\t<span><\/span>\n\t<span property=\"itemListElement\" typeof=\"ListItem\"><a property=\"item\" typeof=\"WebPage\" title=\"Go to OPTIMAL Automotive GmbH.\" href=\"https:\/\/www.optimal-germany.com\/de\" class=\"home\" aria-current=\"page\"><span property=\"name\">Home<\/span><\/a><meta property=\"position\" content=\"1\"><\/span><\/div>\n<\/div>\n\n\n\n<h1 class=\"wp-block-heading\">NEWS<\/h1>\n\n\n\n<h1 class=\"wp-block-heading\" style=\"margin-top:var(--wp--preset--spacing--40);margin-bottom:var(--wp--preset--spacing--40)\">STAHLGRUBER ERWIRBT MEHRHEIT AN OPTIMAL<\/h1>\n\n\n\n<p>22.03.2017<\/p>\n\n\n\n<p><strong>Poing, den 22.03.2017 \u2013 Die STAHLGRUBER GmbH, einer der f\u00fchrenden Kfz-Teileh\u00e4ndler Europas, hat \u2013 unter Vorbehalt der Zustimmung der Kartellbeh\u00f6rden \u2013 einen Mehrheitsanteil an der OPTIMAL AG &amp; Co. KG aus Langenbach erworben. OPTIMAL bietet seit mehr als 25 Jahren international erfolgreich Kfz-Ersatzteile unter den Marken OPTIMAL und Bendix an.&nbsp;<\/strong><strong>OPTIMAL<\/strong><strong>&nbsp;AG &amp; Co. KG \u2013&nbsp;<\/strong><strong>subject to approval&nbsp;<\/strong><strong>by competition authorities. For more than 25 years,&nbsp;<\/strong><strong>OPTIMAL<\/strong><strong>&nbsp;has been successfully supplying automotive spare parts to international customers under the brands&nbsp;<\/strong><strong>OPTIMAL<\/strong><strong>&nbsp;&nbsp;<\/strong><strong>and Bendix.<\/strong><\/p>\n\n\n\n<p><strong>&nbsp;<\/strong>\u201eMit der Beteiligung an OPTIMAL mit Standorten in Deutschland, Frankreich, Belgien, Spanien, Gro\u00dfbritannien, Polen, der T\u00fcrkei sowie in S\u00fcdamerika verst\u00e4rkt STAHLGRUBER seine internationale Marktposition im freien Kfz-Teilemarkt\u201c, so Werner Maier, CFO (Chief Financial Officer) von STAHLGRUBER. \u201eOPTIMAL wird als eigenst\u00e4ndiges Unternehmen mit eigenem Management weitergef\u00fchrt und die Unternehmenszentrale in Langenbach bleibt bestehen. Das nationale und internationale Gesch\u00e4ft mit Produkten der Marken OPTIMAL und Bendix soll weiter ausgebaut werden. Die bisherige Erfolgsgeschichte von OPTIMAL wird fortgesetzt und wesentliche Unternehmensbereiche werden gest\u00e4rkt.\u201c<\/p>\n\n\n\n<p>\u201eUnsere Kunden werden von der neuen, noch h\u00f6heren Leistungsf\u00e4higkeit von OPTIMAL und dem wachsenden Angebot und Gesch\u00e4ft profitieren. Unsere Sortimente werden weiter ausgebaut und die internationalen Aktivit\u00e4ten verst\u00e4rkt\u201c, so Markus Neudek, Gr\u00fcnder und Vorstandsvorsitzender von OPTIMAL. \u201eAnsonsten \u00e4ndert sich f\u00fcr unsere Kunden durch die Beteiligung von STAHLGRUBER an OPTIMAL nichts.\u201c<\/p>\n\n\n\n<p>Der Vollzug des Kaufvertrages ist noch abh\u00e4ngig von der kartellrechtlichen Freigabe. Beide Parteien gehen aber davon aus, dass die Genehmigung erteilt wird. \u00dcber finanzielle Details der Transaktion haben die Beteiligten Stillschweigen vereinbart.<\/p>\n\n\n\n<p><strong><\/strong><strong>\u00dcber die STAHLGRUBER GmbH<\/strong><\/p>\n\n\n\n<p><em>International \u00fcber 6.000 Mitarbeiter und \u00fcber 500.000 Artikel.<\/em><\/p>\n\n\n\n<p>Das STAHLGRUBER Programm erf\u00fcllt mit mehr als 500.000 Artikeln und diversen Dienstleistungen alle Anspr\u00fcche der Kfz-Werkstatt und des Ersatzteilehandels, um die Mobilit\u00e4t der Fahrzeugbesitzer schnell, effizient und kosteng\u00fcnstig sicherzustellen. STAHLGRUBER bietet Original-Markenteile und Zubeh\u00f6r f\u00fcr verschiedenste Fahrzeugtypen mit dem Schwerpunkt Personenkraftwagen und leichte Nutzfahrzeuge an. Der Umsatz lag 2016 bei rund 1,5 Milliarden Euro.<\/p>\n\n\n\n<p>Weitere Informationen unter http:\/\/www.stahlgruber.de<\/p>\n\n\n\n<p><strong>\u00dcber die OPTIMAL AG &amp; Co. KG<\/strong><\/p>\n\n\n\n<p>Seit \u00fcber 25 Jahren bietet die OPTIMAL AG &amp; Co. KG hochwertige Auto-Ersatzteile an: Radlagers\u00e4tze, Lenkungsteile, Sto\u00dfd\u00e4mpfer, Bremsenteile wie z.B. Bremsscheiben und Bremsbel\u00e4ge, Gummimetallteile, Wasserpumpen und Zahnriemens\u00e4tze. Begeisterung und Emotion sind dabei von Beginn an unsere Motoren, unsere Mitarbeiter das Kapital.<\/p>\n\n\n\n<p>Die intensive und offene Zusammenarbeit mit dem Kunden steht im Mittelpunkt unserer Arbeit. Dabei sind die Qualit\u00e4t unserer Produkte und unser hoher Service-Standard der Schl\u00fcssel zur Erzielung der Kundenzufriedenheit. Qualit\u00e4t ist eines unserer obersten Unternehmensziele.<\/p>\n\n\n\n<p>Die OPTIMAL AG &amp; Co. KG ist die Nr. 1 mit dem breitesten Programm f\u00fcr Radlagers\u00e4tze, T\u00dcV-zertifizierte Lenkungsteile und komplett vormontierte Federbeine. OPTIMAL Teile werden von internationalen Produktionspartnern, Erstausr\u00fcstern und Qualit\u00e4tslieferanten geliefert. Mit unserem vollautomatischen Lager garantieren wir beste Lieferf\u00e4higkeit.<\/p>\n\n\n\n<p>Alle Produkte entsprechen europ\u00e4ischen und internationalen Standards f\u00fcr den Ersatzteilemarkt, so z.B. den Herstellernormen TS 16949, QS 9000, VDA 6.1., ISO 9001:2008 und GVO Nr. 1400\/2002.<\/p>\n\n\n\n<p>Weitere Informationen unter http:\/\/www.optimal-germany.com<\/p>\n\n\n\n<p><strong>Ansprechpartner f\u00fcr Pressefragen:<br><\/strong>STAHLGRUBER GmbH<br><strong>Elmar Voltz<br><\/strong>Content &amp; Communication Manager<br>Tel.        08121 707-77 410<br>Mobil    0151 108 327 46<br>elmar.voltz@stahlgruber.de<\/p>\n\n\n\n<div class=\"wp-block-uagb-container uagb-block-f93a7eca\">\n<p><\/p>\n<\/div>\n<\/div>\n<\/div>\n<\/div><\/div>","protected":false},"excerpt":{"rendered":"<p>NEWS STAHLGRUBER ACQUIRES MAJORITY STAKE IN OPTIMAL 22.03.2017 Poing\/Germany, 22 March 2017 \u2013 STAHLGRUBER GmbH, one of the leading automotive spare parts distributors in Europe, has acquired a majority stake in Germany-based&nbsp;OPTIMAL&nbsp;AG &amp; Co. KG \u2013&nbsp;subject to approval&nbsp;by competition authorities. For more than 25 years,&nbsp;OPTIMAL&nbsp;has been successfully supplying automotive spare parts to international customers under [&hellip;]<\/p>\n","protected":false},"author":1,"featured_media":0,"parent":3548,"menu_order":0,"comment_status":"closed","ping_status":"closed","template":"","meta":{"_uag_custom_page_level_css":"","site-sidebar-layout":"no-sidebar","site-content-layout":"plain-container","ast-site-content-layout":"normal-width-container","site-content-style":"unboxed","site-sidebar-style":"unboxed","ast-global-header-display":"","ast-banner-title-visibility":"","ast-main-header-display":"","ast-hfb-above-header-display":"","ast-hfb-below-header-display":"","ast-hfb-mobile-header-display":"","site-post-title":"disabled","ast-breadcrumbs-content":"","ast-featured-img":"disabled","footer-sml-layout":"","ast-disable-related-posts":"","theme-transparent-header-meta":"disabled","adv-header-id-meta":"","stick-header-meta":"","header-above-stick-meta":"","header-main-stick-meta":"","header-below-stick-meta":"","astra-migrate-meta-layouts":"set","ast-page-background-enabled":"default","ast-page-background-meta":{"desktop":{"background-color":"var(--ast-global-color-4)","background-image":"","background-repeat":"repeat","background-position":"center center","background-size":"auto","background-attachment":"scroll","background-type":"","background-media":"","overlay-type":"","overlay-color":"","overlay-opacity":"","overlay-gradient":""},"tablet":{"background-color":"","background-image":"","background-repeat":"repeat","background-position":"center center","background-size":"auto","background-attachment":"scroll","background-type":"","background-media":"","overlay-type":"","overlay-color":"","overlay-opacity":"","overlay-gradient":""},"mobile":{"background-color":"","background-image":"","background-repeat":"repeat","background-position":"center center","background-size":"auto","background-attachment":"scroll","background-type":"","background-media":"","overlay-type":"","overlay-color":"","overlay-opacity":"","overlay-gradient":""}},"ast-content-background-meta":{"desktop":{"background-color":"var(--ast-global-color-5)","background-image":"","background-repeat":"repeat","background-position":"center center","background-size":"auto","background-attachment":"scroll","background-type":"","background-media":"","overlay-type":"","overlay-color":"","overlay-opacity":"","overlay-gradient":""},"tablet":{"background-color":"var(--ast-global-color-5)","background-image":"","background-repeat":"repeat","background-position":"center center","background-size":"auto","background-attachment":"scroll","background-type":"","background-media":"","overlay-type":"","overlay-color":"","overlay-opacity":"","overlay-gradient":""},"mobile":{"background-color":"var(--ast-global-color-5)","background-image":"","background-repeat":"repeat","background-position":"center center","background-size":"auto","background-attachment":"scroll","background-type":"","background-media":"","overlay-type":"","overlay-color":"","overlay-opacity":"","overlay-gradient":""}},"footnotes":""},"class_list":["post-4584","page","type-page","status-publish","hentry"],"uagb_featured_image_src":{"full":false,"thumbnail":false,"medium":false,"medium_large":false,"large":false,"1536x1536":false,"2048x2048":false,"trp-custom-language-flag":false},"uagb_author_info":{"display_name":"Administrator","author_link":"https:\/\/www.optimal-germany.com\/de\/author\/wpadmino\/"},"uagb_comment_info":0,"uagb_excerpt":"NEWS STAHLGRUBER ACQUIRES MAJORITY STAKE IN OPTIMAL 22.03.2017 Poing\/Germany, 22 March 2017 \u2013 STAHLGRUBER GmbH, one of the leading automotive spare parts distributors in Europe, has acquired a majority stake in Germany-based&nbsp;OPTIMAL&nbsp;AG &amp; Co. KG \u2013&nbsp;subject to approval&nbsp;by competition authorities. For more than 25 years,&nbsp;OPTIMAL&nbsp;has been successfully supplying automotive spare parts to international customers under&hellip;","_links":{"self":[{"href":"https:\/\/www.optimal-germany.com\/de\/wp-json\/wp\/v2\/pages\/4584","targetHints":{"allow":["GET"]}}],"collection":[{"href":"https:\/\/www.optimal-germany.com\/de\/wp-json\/wp\/v2\/pages"}],"about":[{"href":"https:\/\/www.optimal-germany.com\/de\/wp-json\/wp\/v2\/types\/page"}],"author":[{"embeddable":true,"href":"https:\/\/www.optimal-germany.com\/de\/wp-json\/wp\/v2\/users\/1"}],"replies":[{"embeddable":true,"href":"https:\/\/www.optimal-germany.com\/de\/wp-json\/wp\/v2\/comments?post=4584"}],"version-history":[{"count":2,"href":"https:\/\/www.optimal-germany.com\/de\/wp-json\/wp\/v2\/pages\/4584\/revisions"}],"predecessor-version":[{"id":4586,"href":"https:\/\/www.optimal-germany.com\/de\/wp-json\/wp\/v2\/pages\/4584\/revisions\/4586"}],"up":[{"embeddable":true,"href":"https:\/\/www.optimal-germany.com\/de\/wp-json\/wp\/v2\/pages\/3548"}],"wp:attachment":[{"href":"https:\/\/www.optimal-germany.com\/de\/wp-json\/wp\/v2\/media?parent=4584"}],"curies":[{"name":"wp","href":"https:\/\/api.w.org\/{rel}","templated":true}]}}