{"id":4562,"date":"2024-03-13T12:23:25","date_gmt":"2024-03-13T11:23:25","guid":{"rendered":"https:\/\/srv-www.optimal-germany.com\/?page_id=4562"},"modified":"2024-03-13T12:24:06","modified_gmt":"2024-03-13T11:24:06","slug":"ausbau-des-pufferlagers-in-langenbach-schreitet-voran","status":"publish","type":"page","link":"https:\/\/www.optimal-germany.com\/de\/mediacenter\/news\/expansion-of-the-buffer-warehouse-in-langenbach\/","title":{"rendered":"Expansion of the buffer warehouse in langenbach"},"content":{"rendered":"<div class=\"wp-block-uagb-container page-header-image-container uagb-block-f1ca19c8 alignfull uagb-is-root-container\"><div class=\"uagb-container-inner-blocks-wrap\">\n<figure class=\"wp-block-image aligncenter size-full\"><img loading=\"lazy\" decoding=\"async\" width=\"1140\" height=\"232\" src=\"https:\/\/www.optimal-germany.com\/wp-content\/uploads\/2024\/02\/image-99.png\" alt=\"\" class=\"wp-image-2360\" srcset=\"https:\/\/www.optimal-germany.com\/wp-content\/uploads\/2024\/02\/image-99.png 1140w, https:\/\/www.optimal-germany.com\/wp-content\/uploads\/2024\/02\/image-99-300x61.png 300w, https:\/\/www.optimal-germany.com\/wp-content\/uploads\/2024\/02\/image-99-1024x208.png 1024w, https:\/\/www.optimal-germany.com\/wp-content\/uploads\/2024\/02\/image-99-768x156.png 768w\" sizes=\"auto, (max-width: 1140px) 100vw, 1140px\" \/><\/figure>\n<\/div><\/div>\n\n\n\n<div class=\"wp-block-uagb-container uagb-block-5e603625 alignfull uagb-is-root-container\"><div class=\"uagb-container-inner-blocks-wrap\">\n<aside class=\"wp-block-uagb-container side-menu-container uagb-block-9766e0f1\"><nav style=\"font-size:14px;font-style:normal;font-weight:700;text-transform:uppercase;\" class=\"has-background has-ast-global-color-5-background-color  is-vertical side-menu wp-block-navigation is-layout-flex wp-container-core-navigation-is-layout-42e9c677 wp-block-navigation-is-layout-flex\" aria-label=\"Mediacenter\"><ul style=\"font-size:14px;font-style:normal;font-weight:700;text-transform:uppercase;\" class=\"wp-block-navigation__container has-background has-ast-global-color-5-background-color  is-vertical side-menu wp-block-navigation\"><li style=\"font-size: 14px;\" class=\"wp-block-navigation-item wp-block-navigation-link\"><a class=\"wp-block-navigation-item__content\"  href=\"https:\/\/www.optimal-germany.com\/de\/media-center\/news\/\"><span class=\"wp-block-navigation-item__label\">News<\/span><\/a><\/li><li data-wp-context=\"{ &quot;submenuOpenedBy&quot;: { &quot;click&quot;: false, &quot;hover&quot;: false, &quot;focus&quot;: false }, &quot;type&quot;: &quot;submenu&quot;, &quot;modal&quot;: null, &quot;previousFocus&quot;: null }\" data-wp-interactive=\"core\/navigation\" data-wp-on--focusout=\"actions.handleMenuFocusout\" data-wp-on--keydown=\"actions.handleMenuKeydown\" data-wp-watch=\"callbacks.initMenu\" tabindex=\"-1\" style=\"font-size: 14px;\" class=\"wp-block-navigation-item has-child open-on-click wp-block-navigation-submenu\"><button data-wp-bind--aria-expanded=\"state.isMenuOpen\" data-wp-on--click=\"actions.toggleMenuOnClick\" aria-label=\"Untermen\u00fc von Downloads\" class=\"wp-block-navigation-item__content wp-block-navigation-submenu__toggle\" ><span class=\"wp-block-navigation-item__label\">Downloads<\/span><\/button><span class=\"wp-block-navigation__submenu-icon\"><svg xmlns=\"http:\/\/www.w3.org\/2000\/svg\" width=\"12\" height=\"12\" viewbox=\"0 0 12 12\" fill=\"none\" aria-hidden=\"true\" focusable=\"false\"><path d=\"M1.50002 4L6.00002 8L10.5 4\" stroke-width=\"1.5\"><\/path><\/svg><\/span><ul data-wp-on--focus=\"actions.openMenuOnFocus\" class=\"wp-block-navigation__submenu-container wp-block-navigation-submenu\"><li style=\"font-size: 14px;\" class=\"wp-block-navigation-item wp-block-navigation-link\"><a class=\"wp-block-navigation-item__content\"  href=\"https:\/\/www.optimal-germany.com\/de\/media-center\/downloads\/downloads\/\"><span class=\"wp-block-navigation-item__label\">Downloads<\/span><\/a><\/li><li style=\"font-size: 14px;\" class=\"wp-block-navigation-item wp-block-navigation-link\"><a class=\"wp-block-navigation-item__content\"  href=\"https:\/\/www.optimal-germany.com\/de\/media-center\/downloads\/rechtliches\/\"><span class=\"wp-block-navigation-item__label\">Rechtliches<\/span><\/a><\/li><li style=\"font-size: 14px;\" class=\"wp-block-navigation-item wp-block-navigation-link\"><a class=\"wp-block-navigation-item__content\"  href=\"https:\/\/www.optimal-germany.com\/de\/media-center\/downloads\/kataloge\/\"><span class=\"wp-block-navigation-item__label\">Kataloge<\/span><\/a><\/li><li style=\"font-size: 14px;\" class=\"wp-block-navigation-item wp-block-navigation-link\"><a class=\"wp-block-navigation-item__content\"  href=\"https:\/\/www.optimal-germany.com\/de\/media-center\/downloads\/technik-tipp\/\"><span class=\"wp-block-navigation-item__label\">Technik-Tipp<\/span><\/a><\/li><li style=\"font-size: 14px;\" class=\"wp-block-navigation-item wp-block-navigation-link\"><a class=\"wp-block-navigation-item__content\"  href=\"https:\/\/www.optimal-germany.com\/de\/media-center\/downloads\/flyer\/\"><span class=\"wp-block-navigation-item__label\">Flyer<\/span><\/a><\/li><li style=\"font-size: 14px;\" class=\"wp-block-navigation-item wp-block-navigation-link\"><a class=\"wp-block-navigation-item__content\"  href=\"https:\/\/www.optimal-germany.com\/de\/media-center\/downloads\/zertifikate-2\/\"><span class=\"wp-block-navigation-item__label\">Zertifikate<\/span><\/a><\/li><li style=\"font-size: 14px;\" class=\"wp-block-navigation-item wp-block-navigation-link\"><a class=\"wp-block-navigation-item__content\"  href=\"https:\/\/www.optimal-germany.com\/de\/media-center\/downloads\/trainingsprogramm\/\"><span class=\"wp-block-navigation-item__label\">Trainingsprogramm<\/span><\/a><\/li><\/ul><\/li><li style=\"font-size: 14px;\" class=\"wp-block-navigation-item wp-block-navigation-link\"><a class=\"wp-block-navigation-item__content\"  href=\"https:\/\/www.optimal-germany.com\/de\/media-center\/optimal-image-movie\/\"><span class=\"wp-block-navigation-item__label\">Optimal image movie<\/span><\/a><\/li><li style=\"font-size: 14px;\" class=\"wp-block-navigation-item image-movie-link-de wp-block-navigation-link\"><a class=\"wp-block-navigation-item__content\"  href=\"https:\/\/www.optimal-germany.com\/de\/media-center\/optimal-ausbildungsfilm\/\"><span class=\"wp-block-navigation-item__label\">optimal ausbildungsfilm<\/span><\/a><\/li><\/ul><\/nav>\n\n\n<div class=\"wp-block-uagb-image uagb-block-876d2c63 wp-block-uagb-image--layout-default wp-block-uagb-image--effect-static wp-block-uagb-image--align-none\"><figure class=\"wp-block-uagb-image__figure\"><a class=\"\" href=\"https:\/\/b2b.optimal-germany.com\" target=\"_blank\" rel=\"noreferrer noopener\"><img decoding=\"async\"  sizes=\"auto, (max-width: 480px) 150px\" src=\"https:\/\/www.optimal-germany.com\/wp-content\/uploads\/2024\/02\/image-20.png\" alt=\"B2B Online Shop\" width=\"262\" height=\"97\" title=\"\" loading=\"lazy\" role=\"img\"\/><\/a><\/figure><\/div>\n\n\n\n<div class=\"wp-block-uagb-image uagb-block-c148217a wp-block-uagb-image--layout-default wp-block-uagb-image--effect-static wp-block-uagb-image--align-none\"><figure class=\"wp-block-uagb-image__figure\"><a class=\"\" href=\"https:\/\/www.tecalliance.net\/\" target=\"_blank\" rel=\"noreferrer noopener\"><img decoding=\"async\"  sizes=\"auto, (max-width: 480px) 150px\" src=\"https:\/\/www.optimal-germany.com\/wp-content\/uploads\/2024\/02\/image-23.png\" alt=\"\" width=\"262\" height=\"98\" title=\"\" loading=\"lazy\" role=\"img\"\/><\/a><\/figure><\/div>\n<\/aside>\n\n\n\n<div class=\"wp-block-uagb-container main-content uagb-block-26b8dfe4\">\n<div class=\"wp-block-group shadow has-ast-global-color-5-background-color has-background is-layout-constrained wp-container-core-group-is-layout-a51490eb wp-block-group-is-layout-constrained\" style=\"margin-bottom:0;padding-top:14px;padding-right:30px;padding-bottom:14px;padding-left:30px\">\n<div class=\"wp-block-uagb-container uagb-block-9bc97d1b\">\n<p class=\"has-text-color has-link-color wp-elements-9aebe0cc1f510d8358977f31522446c8\" style=\"color:#777777;margin-top:0;margin-bottom:0;padding-top:0;padding-right:0;padding-bottom:0;padding-left:0;font-size:11px\">Sie sind hier:<\/p>\n\n\n<div class=\"breadcrumbs align  wp-block-bcn-breadcrumb-trail has-text-color has-background\" vocab=\"https:\/\/schema.org\/\" typeof=\"BreadcrumbList\">\n\t<span><\/span>\n\t<span property=\"itemListElement\" typeof=\"ListItem\"><a property=\"item\" typeof=\"WebPage\" title=\"Go to OPTIMAL Automotive GmbH.\" href=\"https:\/\/www.optimal-germany.com\/de\" class=\"home\" aria-current=\"page\"><span property=\"name\">Home<\/span><\/a><meta property=\"position\" content=\"1\"><\/span><\/div>\n<\/div>\n\n\n\n<h1 class=\"wp-block-heading\">NEWS<\/h1>\n\n\n\n<h1 class=\"wp-block-heading\" style=\"margin-top:var(--wp--preset--spacing--40);margin-bottom:var(--wp--preset--spacing--40)\">DER AUSBAU DES PUFFERLAGERS IN LANGENBACH SCHREITET WEITER SCHNELL VORAN<\/h1>\n\n\n\n<p>07.06.2019<\/p>\n\n\n\n<figure class=\"wp-block-image aligncenter size-full\"><img loading=\"lazy\" decoding=\"async\" width=\"700\" height=\"467\" src=\"https:\/\/www.optimal-germany.com\/wp-content\/uploads\/image-8.png\" alt=\"\" class=\"wp-image-4566\" srcset=\"https:\/\/www.optimal-germany.com\/wp-content\/uploads\/image-8.png 700w, https:\/\/www.optimal-germany.com\/wp-content\/uploads\/image-8-300x200.png 300w, https:\/\/www.optimal-germany.com\/wp-content\/uploads\/image-8-18x12.png 18w\" sizes=\"auto, (max-width: 700px) 100vw, 700px\" \/><\/figure>\n\n\n\n<p><a href=\"https:\/\/www.optimal-germany.com\/de\/images\/default-source\/newslibrary\/baustelle_homepage_700px.jpg\/?sfvrsn=869f1503_6\"><\/a><\/p>\n\n\n\n<p>Nachdem die Regalbedienger\u00e4te 4 und 5 technisch abgenommen und betriebsbereit sind und die zugeh\u00f6rige F\u00f6rdertechnik in der Inbetriebnahme ist, begannen in der vergangenen Woche die Aushubarbeiten f\u00fcr den Wasser-Vorratsbeh\u00e4lter der neuen Sprinkleranlage.<\/p>\n\n\n\n<p>Auf den folgenden Fotos kann kann man die Gr\u00f6\u00dfe der Anlage nach einer Woche Arbeit schon erahnen.<\/p>\n\n\n\n<div class=\"wp-block-uagb-container uagb-block-dabc5c6c\">\n<figure class=\"wp-block-image aligncenter size-full\"><img loading=\"lazy\" decoding=\"async\" width=\"700\" height=\"467\" src=\"https:\/\/www.optimal-germany.com\/wp-content\/uploads\/image-9.png\" alt=\"\" class=\"wp-image-4567\" srcset=\"https:\/\/www.optimal-germany.com\/wp-content\/uploads\/image-9.png 700w, https:\/\/www.optimal-germany.com\/wp-content\/uploads\/image-9-300x200.png 300w, https:\/\/www.optimal-germany.com\/wp-content\/uploads\/image-9-18x12.png 18w\" sizes=\"auto, (max-width: 700px) 100vw, 700px\" \/><\/figure>\n<\/div>\n\n\n\n<figure class=\"wp-block-image aligncenter size-full\"><img loading=\"lazy\" decoding=\"async\" width=\"700\" height=\"467\" src=\"https:\/\/www.optimal-germany.com\/wp-content\/uploads\/image-10.png\" alt=\"\" class=\"wp-image-4568\" srcset=\"https:\/\/www.optimal-germany.com\/wp-content\/uploads\/image-10.png 700w, https:\/\/www.optimal-germany.com\/wp-content\/uploads\/image-10-300x200.png 300w, https:\/\/www.optimal-germany.com\/wp-content\/uploads\/image-10-18x12.png 18w\" sizes=\"auto, (max-width: 700px) 100vw, 700px\" \/><\/figure>\n\n\n\n<p style=\"margin-top:var(--wp--preset--spacing--50)\">Seit dem Beginn im Februar berichten wir regelm\u00e4\u00dfig auf unserer Facebook-Seite \u00fcber die Baufortschritte unseres neuen Pufferlagers in Langenbach.<\/p>\n\n\n\n<p><a href=\"https:\/\/www.facebook.com\/optimalgermany\/\" target=\"_blank\" rel=\"noreferrer noopener\">Facebook-Seite der OPTIMAL AG &amp; Co. KG<\/a><\/p>\n\n\n\n<p>Wenn alle Arbeiten abgeschlossen sind, wird das Zentrallager in Langenbach k\u00fcnftig \u00fcber gut 20.000 Palettenstellpl\u00e4tze verf\u00fcgen.<\/p>\n\n\n\n<div class=\"wp-block-uagb-container uagb-block-f93a7eca\">\n<p><\/p>\n<\/div>\n<\/div>\n<\/div>\n<\/div><\/div>","protected":false},"excerpt":{"rendered":"<p>NEWS THE EXPANSION OF THE BUFFER WAREHOUSE IN LANGENBACH CONTINUES APACE 07.06.2019 After the stacker cranes 4 and 5 are technically approved and ready for operation and the associated conveyor technology is in commissioning, began the excavation work for the water storage tank of the new sprinkler system last week. On the following photos you [&hellip;]<\/p>\n","protected":false},"author":1,"featured_media":0,"parent":3548,"menu_order":0,"comment_status":"closed","ping_status":"closed","template":"","meta":{"_uag_custom_page_level_css":"","site-sidebar-layout":"no-sidebar","site-content-layout":"plain-container","ast-site-content-layout":"normal-width-container","site-content-style":"unboxed","site-sidebar-style":"unboxed","ast-global-header-display":"","ast-banner-title-visibility":"","ast-main-header-display":"","ast-hfb-above-header-display":"","ast-hfb-below-header-display":"","ast-hfb-mobile-header-display":"","site-post-title":"disabled","ast-breadcrumbs-content":"","ast-featured-img":"disabled","footer-sml-layout":"","ast-disable-related-posts":"","theme-transparent-header-meta":"disabled","adv-header-id-meta":"","stick-header-meta":"","header-above-stick-meta":"","header-main-stick-meta":"","header-below-stick-meta":"","astra-migrate-meta-layouts":"set","ast-page-background-enabled":"default","ast-page-background-meta":{"desktop":{"background-color":"var(--ast-global-color-4)","background-image":"","background-repeat":"repeat","background-position":"center center","background-size":"auto","background-attachment":"scroll","background-type":"","background-media":"","overlay-type":"","overlay-color":"","overlay-opacity":"","overlay-gradient":""},"tablet":{"background-color":"","background-image":"","background-repeat":"repeat","background-position":"center center","background-size":"auto","background-attachment":"scroll","background-type":"","background-media":"","overlay-type":"","overlay-color":"","overlay-opacity":"","overlay-gradient":""},"mobile":{"background-color":"","background-image":"","background-repeat":"repeat","background-position":"center center","background-size":"auto","background-attachment":"scroll","background-type":"","background-media":"","overlay-type":"","overlay-color":"","overlay-opacity":"","overlay-gradient":""}},"ast-content-background-meta":{"desktop":{"background-color":"var(--ast-global-color-5)","background-image":"","background-repeat":"repeat","background-position":"center center","background-size":"auto","background-attachment":"scroll","background-type":"","background-media":"","overlay-type":"","overlay-color":"","overlay-opacity":"","overlay-gradient":""},"tablet":{"background-color":"var(--ast-global-color-5)","background-image":"","background-repeat":"repeat","background-position":"center center","background-size":"auto","background-attachment":"scroll","background-type":"","background-media":"","overlay-type":"","overlay-color":"","overlay-opacity":"","overlay-gradient":""},"mobile":{"background-color":"var(--ast-global-color-5)","background-image":"","background-repeat":"repeat","background-position":"center center","background-size":"auto","background-attachment":"scroll","background-type":"","background-media":"","overlay-type":"","overlay-color":"","overlay-opacity":"","overlay-gradient":""}},"footnotes":""},"class_list":["post-4562","page","type-page","status-publish","hentry"],"uagb_featured_image_src":{"full":false,"thumbnail":false,"medium":false,"medium_large":false,"large":false,"1536x1536":false,"2048x2048":false,"trp-custom-language-flag":false},"uagb_author_info":{"display_name":"Administrator","author_link":"https:\/\/www.optimal-germany.com\/de\/author\/wpadmino\/"},"uagb_comment_info":0,"uagb_excerpt":"NEWS THE EXPANSION OF THE BUFFER WAREHOUSE IN LANGENBACH CONTINUES APACE 07.06.2019 After the stacker cranes 4 and 5 are technically approved and ready for operation and the associated conveyor technology is in commissioning, began the excavation work for the water storage tank of the new sprinkler system last week. On the following photos you&hellip;","_links":{"self":[{"href":"https:\/\/www.optimal-germany.com\/de\/wp-json\/wp\/v2\/pages\/4562","targetHints":{"allow":["GET"]}}],"collection":[{"href":"https:\/\/www.optimal-germany.com\/de\/wp-json\/wp\/v2\/pages"}],"about":[{"href":"https:\/\/www.optimal-germany.com\/de\/wp-json\/wp\/v2\/types\/page"}],"author":[{"embeddable":true,"href":"https:\/\/www.optimal-germany.com\/de\/wp-json\/wp\/v2\/users\/1"}],"replies":[{"embeddable":true,"href":"https:\/\/www.optimal-germany.com\/de\/wp-json\/wp\/v2\/comments?post=4562"}],"version-history":[{"count":3,"href":"https:\/\/www.optimal-germany.com\/de\/wp-json\/wp\/v2\/pages\/4562\/revisions"}],"predecessor-version":[{"id":4570,"href":"https:\/\/www.optimal-germany.com\/de\/wp-json\/wp\/v2\/pages\/4562\/revisions\/4570"}],"up":[{"embeddable":true,"href":"https:\/\/www.optimal-germany.com\/de\/wp-json\/wp\/v2\/pages\/3548"}],"wp:attachment":[{"href":"https:\/\/www.optimal-germany.com\/de\/wp-json\/wp\/v2\/media?parent=4562"}],"curies":[{"name":"wp","href":"https:\/\/api.w.org\/{rel}","templated":true}]}}