{"id":3849,"date":"2024-02-15T14:30:36","date_gmt":"2024-02-15T13:30:36","guid":{"rendered":"https:\/\/srv-www.optimal-germany.com\/?page_id=3849"},"modified":"2025-12-09T09:33:16","modified_gmt":"2025-12-09T08:33:16","slug":"fuer-professionals","status":"publish","type":"page","link":"https:\/\/www.optimal-germany.com\/de\/karriere\/fur-professionals\/fuer-professionals\/","title":{"rendered":"fuer-professionals"},"content":{"rendered":"<div class=\"wp-block-uagb-container page-header-image-container uagb-block-f1ca19c8 alignfull uagb-is-root-container\"><div class=\"uagb-container-inner-blocks-wrap\">\n<figure class=\"wp-block-image aligncenter size-full\"><img loading=\"lazy\" decoding=\"async\" width=\"1140\" height=\"232\" src=\"https:\/\/www.optimal-germany.com\/wp-content\/uploads\/2024\/02\/image-276.png\" alt=\"\" class=\"wp-image-3768\" srcset=\"https:\/\/www.optimal-germany.com\/wp-content\/uploads\/2024\/02\/image-276.png 1140w, https:\/\/www.optimal-germany.com\/wp-content\/uploads\/2024\/02\/image-276-300x61.png 300w, https:\/\/www.optimal-germany.com\/wp-content\/uploads\/2024\/02\/image-276-1024x208.png 1024w, https:\/\/www.optimal-germany.com\/wp-content\/uploads\/2024\/02\/image-276-768x156.png 768w, https:\/\/www.optimal-germany.com\/wp-content\/uploads\/2024\/02\/image-276-18x4.png 18w\" sizes=\"auto, (max-width: 1140px) 100vw, 1140px\" \/><\/figure>\n\n\n\n<p class=\"has-text-align-center page-header-image-text-front\"><strong>F\u00fcr Professionals<\/strong><\/p>\n\n\n\n<p class=\"has-text-align-center page-header-image-text-back\"><strong>F\u00fcr Professionals<\/strong><\/p>\n<\/div><\/div>\n\n\n\n<div class=\"wp-block-uagb-container uagb-block-5e603625 alignfull uagb-is-root-container\"><div class=\"uagb-container-inner-blocks-wrap\">\n<aside class=\"wp-block-uagb-container side-menu-container uagb-block-9766e0f1\"><nav style=\"font-size:14px;font-style:normal;font-weight:700;text-transform:uppercase;\" class=\"has-background has-ast-global-color-5-background-color  is-vertical side-menu wp-block-navigation is-layout-flex wp-container-core-navigation-is-layout-42e9c677 wp-block-navigation-is-layout-flex\" aria-label=\"Karriere\"><ul style=\"font-size:14px;font-style:normal;font-weight:700;text-transform:uppercase;\" class=\"wp-block-navigation__container has-background has-ast-global-color-5-background-color  is-vertical side-menu wp-block-navigation\"><li style=\"font-size: 14px;\" class=\"wp-block-navigation-item wp-block-navigation-link\"><a class=\"wp-block-navigation-item__content\"  href=\"https:\/\/www.optimal-germany.com\/de\/karriere\/karriere\/\"><span class=\"wp-block-navigation-item__label\">Karriere-\u00dcberblick<\/span><\/a><\/li><li style=\"font-size: 14px;\" class=\"wp-block-navigation-item wp-block-navigation-link\"><a class=\"wp-block-navigation-item__content\"  href=\"https:\/\/www.optimal-germany.com\/de\/karriere\/fur-professionals\/\"><span class=\"wp-block-navigation-item__label\">F\u00fcr professionals<\/span><\/a><\/li><li style=\"font-size: 14px;\" class=\"wp-block-navigation-item wp-block-navigation-link\"><a class=\"wp-block-navigation-item__content\"  href=\"https:\/\/www.optimal-germany.com\/de\/karriere\/fuer-studierende-und-praktikanten\/\"><span class=\"wp-block-navigation-item__label\">F\u00fcr Studierende und Praktikanten<\/span><\/a><\/li><li style=\"font-size: 14px;\" class=\"wp-block-navigation-item wp-block-navigation-link\"><a class=\"wp-block-navigation-item__content\"  href=\"https:\/\/www.optimal-germany.com\/de\/karriere\/fuer-auszubildende\/\"><span class=\"wp-block-navigation-item__label\">F\u00fcr Auszubildende<\/span><\/a><\/li><li style=\"font-size: 14px;\" class=\"wp-block-navigation-item wp-block-navigation-link\"><a class=\"wp-block-navigation-item__content\"  href=\"https:\/\/www.optimal-germany.com\/de\/karriere\/fuer-initiativbewerber\/\"><span class=\"wp-block-navigation-item__label\">F\u00fcr Initiativbewerber<\/span><\/a><\/li><\/ul><\/nav>\n\n\n<div class=\"wp-block-uagb-image uagb-block-876d2c63 wp-block-uagb-image--layout-default wp-block-uagb-image--effect-static wp-block-uagb-image--align-none\"><figure class=\"wp-block-uagb-image__figure\"><a class=\"\" href=\"https:\/\/b2b.optimal-germany.com\" target=\"_blank\" rel=\"noreferrer noopener\"><img decoding=\"async\"  sizes=\"auto, (max-width: 480px) 150px\" src=\"https:\/\/www.optimal-germany.com\/wp-content\/uploads\/2024\/02\/image-20.png\" alt=\"B2B Online Shop\" width=\"262\" height=\"97\" title=\"\" loading=\"lazy\" role=\"img\"\/><\/a><\/figure><\/div>\n\n\n\n<div class=\"wp-block-uagb-image uagb-block-c148217a wp-block-uagb-image--layout-default wp-block-uagb-image--effect-static wp-block-uagb-image--align-none\"><figure class=\"wp-block-uagb-image__figure\"><a class=\"\" href=\"https:\/\/www.tecalliance.net\/\" target=\"_blank\" rel=\"noreferrer noopener\"><img decoding=\"async\"  sizes=\"auto, (max-width: 480px) 150px\" src=\"https:\/\/www.optimal-germany.com\/wp-content\/uploads\/2024\/02\/image-23.png\" alt=\"\" width=\"262\" height=\"98\" title=\"\" loading=\"lazy\" role=\"img\"\/><\/a><\/figure><\/div>\n<\/aside>\n\n\n\n<div class=\"wp-block-uagb-container main-content uagb-block-26b8dfe4\">\n<div class=\"wp-block-group shadow has-ast-global-color-5-background-color has-background is-layout-constrained wp-container-core-group-is-layout-a51490eb wp-block-group-is-layout-constrained\" style=\"margin-bottom:0;padding-top:14px;padding-right:30px;padding-bottom:14px;padding-left:30px\">\n<div class=\"wp-block-uagb-container uagb-block-9bc97d1b\">\n<p class=\"has-text-color has-link-color wp-elements-9aebe0cc1f510d8358977f31522446c8\" style=\"color:#777777;margin-top:0;margin-bottom:0;padding-top:0;padding-right:0;padding-bottom:0;padding-left:0;font-size:11px\">Sie sind hier:<\/p>\n\n\n<div class=\"breadcrumbs align  wp-block-bcn-breadcrumb-trail has-text-color has-background\" vocab=\"https:\/\/schema.org\/\" typeof=\"BreadcrumbList\">\n\t<span><\/span>\n\t<span property=\"itemListElement\" typeof=\"ListItem\"><a property=\"item\" typeof=\"WebPage\" title=\"Go to OPTIMAL Automotive GmbH.\" href=\"https:\/\/www.optimal-germany.com\/de\" class=\"home\" aria-current=\"page\"><span property=\"name\">Home<\/span><\/a><meta property=\"position\" content=\"1\"><\/span><\/div>\n<\/div>\n\n\n\n<h1 class=\"wp-block-heading\" style=\"margin-top:var(--wp--preset--spacing--30);margin-bottom:var(--wp--preset--spacing--30)\">F\u00dcR PROFESSIONALS<\/h1>\n\n\n\n<p style=\"margin-bottom:10px\">Gestalten Sie mit uns die Zukunft des Ersatzteilehandels und werden Sie ein Mitglied im Team von OPTIMAL.<br>Nehmen Sie die Herausforderung in einem wachstumsorientierten Unternehmen an, das sich in einem spannenden Markt bewegt. Kontaktieren Sie uns. Wir freuen uns auf Ihre Bewerbung!<\/p>\n\n\n\n<div class=\"wp-block-uagb-container uagb-block-e3a1e3b6\">\n<div class=\"wp-block-uagb-container uagb-block-37e1ce15 alignfull uagb-is-root-container\"><div class=\"uagb-container-inner-blocks-wrap\">\n<div class=\"wp-block-uagb-container uagb-block-8e7f83c3\">\n<p style=\"margin-top:0;margin-bottom:0;padding-top:0px;padding-bottom:5px\"><a href=\"https:\/\/www.optimal-germany.com\/de\/karriere\/fur-professionals\/fuer-professionals\/industrieanlagenmechaniker-mit-schwerpunkt-automatisierte-anlagen-m-w-d-in-vollzeit\/\" data-type=\"page\" data-id=\"4974\"><strong>Industrieanlagenmechaniker mit Schwerpunkt automatisierte Anlagen (m\/w\/d) in Vollzeit<\/strong><\/a><\/p>\n<\/div>\n\n\n\n<div class=\"wp-block-uagb-container uagb-block-4f2d4cf2\">\n<p class=\"has-text-align-center\" style=\"margin-top:0;margin-bottom:0;padding-bottom:5px\"><a href=\"https:\/\/www.optimal-germany.com\/de\/karriere\/fur-professionals\/fuer-professionals\/industrieanlagenmechaniker-mit-schwerpunkt-automatisierte-anlagen-m-w-d-in-vollzeit\/\" data-type=\"page\" data-id=\"4974\">Informieren<\/a><\/p>\n<\/div>\n<\/div><\/div>\n<\/div>\n\n\n\n<div class=\"wp-block-uagb-container uagb-block-4d86ddc3\"><\/div>\n\n\n\n<p style=\"margin-top:var(--wp--preset--spacing--40)\">Bitte senden Sie Ihre vollst\u00e4ndigen Bewerbungsunterlagen inklusive Lebenslauf und Gehaltsvorstellungen an&nbsp;<a href=\"mailto:bewerbung@optimal-germany.com\"><strong>bewerbung@optimal-germany.com<\/strong><\/a><\/p>\n\n\n\n<p>F\u00fcr R\u00fcckfragen erreichen Sie die Personalabteilung telefonisch unter 08761-7206320<\/p>\n\n\n\n<p>Kontaktieren Sie uns!<\/p>\n\n\n\n<div class=\"wp-block-uagb-container uagb-block-f93a7eca\">\n<p><\/p>\n<\/div>\n<\/div>\n<\/div>\n<\/div><\/div>\n\n\n\n<p><\/p>","protected":false},"excerpt":{"rendered":"<p>F\u00fcr Professionals F\u00fcr Professionals F\u00dcR PROFESSIONALS Gestalten Sie mit uns die Zukunft des Ersatzteilehandels und werden Sie ein Mitglied im Team von OPTIMAL.Nehmen Sie die Herausforderung in einem wachstumsorientierten Unternehmen an, das sich in einem spannenden Markt bewegt. Kontaktieren Sie uns. Wir freuen uns auf Ihre Bewerbung! Industrieanlagenmechaniker mit Schwerpunkt automatisierte Anlagen (m\/w\/d) in Vollzeit [&hellip;]<\/p>\n","protected":false},"author":1,"featured_media":0,"parent":3766,"menu_order":0,"comment_status":"closed","ping_status":"closed","template":"","meta":{"_uag_custom_page_level_css":"","site-sidebar-layout":"no-sidebar","site-content-layout":"plain-container","ast-site-content-layout":"normal-width-container","site-content-style":"unboxed","site-sidebar-style":"unboxed","ast-global-header-display":"","ast-banner-title-visibility":"","ast-main-header-display":"","ast-hfb-above-header-display":"","ast-hfb-below-header-display":"","ast-hfb-mobile-header-display":"","site-post-title":"disabled","ast-breadcrumbs-content":"","ast-featured-img":"disabled","footer-sml-layout":"","ast-disable-related-posts":"","theme-transparent-header-meta":"disabled","adv-header-id-meta":"","stick-header-meta":"","header-above-stick-meta":"","header-main-stick-meta":"","header-below-stick-meta":"","astra-migrate-meta-layouts":"set","ast-page-background-enabled":"default","ast-page-background-meta":{"desktop":{"background-color":"var(--ast-global-color-4)","background-image":"","background-repeat":"repeat","background-position":"center center","background-size":"auto","background-attachment":"scroll","background-type":"","background-media":"","overlay-type":"","overlay-color":"","overlay-opacity":"","overlay-gradient":""},"tablet":{"background-color":"","background-image":"","background-repeat":"repeat","background-position":"center center","background-size":"auto","background-attachment":"scroll","background-type":"","background-media":"","overlay-type":"","overlay-color":"","overlay-opacity":"","overlay-gradient":""},"mobile":{"background-color":"","background-image":"","background-repeat":"repeat","background-position":"center center","background-size":"auto","background-attachment":"scroll","background-type":"","background-media":"","overlay-type":"","overlay-color":"","overlay-opacity":"","overlay-gradient":""}},"ast-content-background-meta":{"desktop":{"background-color":"var(--ast-global-color-5)","background-image":"","background-repeat":"repeat","background-position":"center center","background-size":"auto","background-attachment":"scroll","background-type":"","background-media":"","overlay-type":"","overlay-color":"","overlay-opacity":"","overlay-gradient":""},"tablet":{"background-color":"var(--ast-global-color-5)","background-image":"","background-repeat":"repeat","background-position":"center center","background-size":"auto","background-attachment":"scroll","background-type":"","background-media":"","overlay-type":"","overlay-color":"","overlay-opacity":"","overlay-gradient":""},"mobile":{"background-color":"var(--ast-global-color-5)","background-image":"","background-repeat":"repeat","background-position":"center center","background-size":"auto","background-attachment":"scroll","background-type":"","background-media":"","overlay-type":"","overlay-color":"","overlay-opacity":"","overlay-gradient":""}},"footnotes":""},"class_list":["post-3849","page","type-page","status-publish","hentry"],"uagb_featured_image_src":{"full":false,"thumbnail":false,"medium":false,"medium_large":false,"large":false,"1536x1536":false,"2048x2048":false,"trp-custom-language-flag":false},"uagb_author_info":{"display_name":"Administrator","author_link":"https:\/\/www.optimal-germany.com\/de\/author\/wpadmino\/"},"uagb_comment_info":0,"uagb_excerpt":"F\u00fcr Professionals F\u00fcr Professionals F\u00dcR PROFESSIONALS Gestalten Sie mit uns die Zukunft des Ersatzteilehandels und werden Sie ein Mitglied im Team von OPTIMAL.Nehmen Sie die Herausforderung in einem wachstumsorientierten Unternehmen an, das sich in einem spannenden Markt bewegt. Kontaktieren Sie uns. Wir freuen uns auf Ihre Bewerbung! Industrieanlagenmechaniker mit Schwerpunkt automatisierte Anlagen (m\/w\/d) in Vollzeit&hellip;","_links":{"self":[{"href":"https:\/\/www.optimal-germany.com\/de\/wp-json\/wp\/v2\/pages\/3849","targetHints":{"allow":["GET"]}}],"collection":[{"href":"https:\/\/www.optimal-germany.com\/de\/wp-json\/wp\/v2\/pages"}],"about":[{"href":"https:\/\/www.optimal-germany.com\/de\/wp-json\/wp\/v2\/types\/page"}],"author":[{"embeddable":true,"href":"https:\/\/www.optimal-germany.com\/de\/wp-json\/wp\/v2\/users\/1"}],"replies":[{"embeddable":true,"href":"https:\/\/www.optimal-germany.com\/de\/wp-json\/wp\/v2\/comments?post=3849"}],"version-history":[{"count":24,"href":"https:\/\/www.optimal-germany.com\/de\/wp-json\/wp\/v2\/pages\/3849\/revisions"}],"predecessor-version":[{"id":5019,"href":"https:\/\/www.optimal-germany.com\/de\/wp-json\/wp\/v2\/pages\/3849\/revisions\/5019"}],"up":[{"embeddable":true,"href":"https:\/\/www.optimal-germany.com\/de\/wp-json\/wp\/v2\/pages\/3766"}],"wp:attachment":[{"href":"https:\/\/www.optimal-germany.com\/de\/wp-json\/wp\/v2\/media?parent=3849"}],"curies":[{"name":"wp","href":"https:\/\/api.w.org\/{rel}","templated":true}]}}