{"id":3790,"date":"2024-02-15T11:56:03","date_gmt":"2024-02-15T10:56:03","guid":{"rendered":"https:\/\/srv-www.optimal-germany.com\/?page_id=3790"},"modified":"2025-06-06T07:49:43","modified_gmt":"2025-06-06T06:49:43","slug":"fuer-auszubildende","status":"publish","type":"page","link":"https:\/\/www.optimal-germany.com\/de\/karriere\/fuer-auszubildende\/","title":{"rendered":"F\u00fcr Auszubildende"},"content":{"rendered":"<div class=\"wp-block-uagb-container page-header-image-container uagb-block-f1ca19c8 alignfull uagb-is-root-container\"><div class=\"uagb-container-inner-blocks-wrap\">\n<figure class=\"wp-block-image aligncenter size-full\"><img loading=\"lazy\" decoding=\"async\" width=\"1140\" height=\"232\" src=\"https:\/\/www.optimal-germany.com\/wp-content\/uploads\/2024\/02\/image-278.png\" alt=\"\" class=\"wp-image-3792\" srcset=\"https:\/\/www.optimal-germany.com\/wp-content\/uploads\/2024\/02\/image-278.png 1140w, https:\/\/www.optimal-germany.com\/wp-content\/uploads\/2024\/02\/image-278-300x61.png 300w, https:\/\/www.optimal-germany.com\/wp-content\/uploads\/2024\/02\/image-278-1024x208.png 1024w, https:\/\/www.optimal-germany.com\/wp-content\/uploads\/2024\/02\/image-278-768x156.png 768w, https:\/\/www.optimal-germany.com\/wp-content\/uploads\/2024\/02\/image-278-18x4.png 18w\" sizes=\"auto, (max-width: 1140px) 100vw, 1140px\" \/><\/figure>\n\n\n\n<p class=\"has-text-align-center page-header-image-text-front\"><strong>F\u00fcr Auszubildende<\/strong><\/p>\n\n\n\n<p class=\"has-text-align-center page-header-image-text-back\"><strong>F\u00fcr Auszubildende<\/strong><\/p>\n<\/div><\/div>\n\n\n\n<div class=\"wp-block-uagb-container uagb-block-5e603625 alignfull uagb-is-root-container\"><div class=\"uagb-container-inner-blocks-wrap\">\n<aside class=\"wp-block-uagb-container side-menu-container uagb-block-9766e0f1\"><nav style=\"font-size:14px;font-style:normal;font-weight:700;text-transform:uppercase;\" class=\"has-background has-ast-global-color-5-background-color  is-vertical side-menu wp-block-navigation is-layout-flex wp-container-core-navigation-is-layout-42e9c677 wp-block-navigation-is-layout-flex\" aria-label=\"Karriere\"><ul style=\"font-size:14px;font-style:normal;font-weight:700;text-transform:uppercase;\" class=\"wp-block-navigation__container has-background has-ast-global-color-5-background-color  is-vertical side-menu wp-block-navigation\"><li style=\"font-size: 14px;\" class=\"wp-block-navigation-item wp-block-navigation-link\"><a class=\"wp-block-navigation-item__content\"  href=\"https:\/\/www.optimal-germany.com\/de\/karriere\/karriere\/\"><span class=\"wp-block-navigation-item__label\">Karriere-\u00dcberblick<\/span><\/a><\/li><li style=\"font-size: 14px;\" class=\"wp-block-navigation-item wp-block-navigation-link\"><a class=\"wp-block-navigation-item__content\"  href=\"https:\/\/www.optimal-germany.com\/de\/karriere\/fur-professionals\/\"><span class=\"wp-block-navigation-item__label\">F\u00fcr professionals<\/span><\/a><\/li><li style=\"font-size: 14px;\" class=\"wp-block-navigation-item wp-block-navigation-link\"><a class=\"wp-block-navigation-item__content\"  href=\"https:\/\/www.optimal-germany.com\/de\/karriere\/fuer-studierende-und-praktikanten\/\"><span class=\"wp-block-navigation-item__label\">F\u00fcr Studierende und Praktikanten<\/span><\/a><\/li><li style=\"font-size: 14px;\" class=\"wp-block-navigation-item wp-block-navigation-link\"><a class=\"wp-block-navigation-item__content\"  href=\"https:\/\/www.optimal-germany.com\/de\/karriere\/fuer-auszubildende\/\"><span class=\"wp-block-navigation-item__label\">F\u00fcr Auszubildende<\/span><\/a><\/li><li style=\"font-size: 14px;\" class=\"wp-block-navigation-item wp-block-navigation-link\"><a class=\"wp-block-navigation-item__content\"  href=\"https:\/\/www.optimal-germany.com\/de\/karriere\/fuer-initiativbewerber\/\"><span class=\"wp-block-navigation-item__label\">F\u00fcr Initiativbewerber<\/span><\/a><\/li><\/ul><\/nav>\n\n\n<div class=\"wp-block-uagb-image uagb-block-876d2c63 wp-block-uagb-image--layout-default wp-block-uagb-image--effect-static wp-block-uagb-image--align-none\"><figure class=\"wp-block-uagb-image__figure\"><a class=\"\" href=\"https:\/\/b2b.optimal-germany.com\" target=\"_blank\" rel=\"noreferrer noopener\"><img decoding=\"async\"  sizes=\"auto, (max-width: 480px) 150px\" src=\"https:\/\/www.optimal-germany.com\/wp-content\/uploads\/2024\/02\/image-20.png\" alt=\"B2B Online Shop\" width=\"262\" height=\"97\" title=\"\" loading=\"lazy\" role=\"img\"\/><\/a><\/figure><\/div>\n\n\n\n<div class=\"wp-block-uagb-image uagb-block-c148217a wp-block-uagb-image--layout-default wp-block-uagb-image--effect-static wp-block-uagb-image--align-none\"><figure class=\"wp-block-uagb-image__figure\"><a class=\"\" href=\"https:\/\/www.tecalliance.net\/\" target=\"_blank\" rel=\"noreferrer noopener\"><img decoding=\"async\"  sizes=\"auto, (max-width: 480px) 150px\" src=\"https:\/\/www.optimal-germany.com\/wp-content\/uploads\/2024\/02\/image-23.png\" alt=\"\" width=\"262\" height=\"98\" title=\"\" loading=\"lazy\" role=\"img\"\/><\/a><\/figure><\/div>\n<\/aside>\n\n\n\n<div class=\"wp-block-uagb-container main-content uagb-block-26b8dfe4\">\n<div class=\"wp-block-group shadow has-ast-global-color-5-background-color has-background is-layout-constrained wp-container-core-group-is-layout-a51490eb wp-block-group-is-layout-constrained\" style=\"margin-bottom:0;padding-top:14px;padding-right:30px;padding-bottom:14px;padding-left:30px\">\n<div class=\"wp-block-uagb-container uagb-block-9bc97d1b\">\n<p class=\"has-text-color has-link-color wp-elements-9aebe0cc1f510d8358977f31522446c8\" style=\"color:#777777;margin-top:0;margin-bottom:0;padding-top:0;padding-right:0;padding-bottom:0;padding-left:0;font-size:11px\">Sie sind hier:<\/p>\n\n\n<div class=\"breadcrumbs align  wp-block-bcn-breadcrumb-trail has-text-color has-background\" vocab=\"https:\/\/schema.org\/\" typeof=\"BreadcrumbList\">\n\t<span><\/span>\n\t<span property=\"itemListElement\" typeof=\"ListItem\"><a property=\"item\" typeof=\"WebPage\" title=\"Go to OPTIMAL Automotive GmbH.\" href=\"https:\/\/www.optimal-germany.com\/de\" class=\"home\" aria-current=\"page\"><span property=\"name\">Home<\/span><\/a><meta property=\"position\" content=\"1\"><\/span><\/div>\n<\/div>\n\n\n\n<h1 class=\"wp-block-heading\" style=\"margin-bottom:20px\">F\u00dcR AUSZUBILDENDE<\/h1>\n\n\n\n<h3 class=\"wp-block-heading\">Ausbildungsstellen<\/h3>\n\n\n\n<p>Du suchst einen spannenden, abwechslungsreichen Ausbildungsplatz? Dann haben wir genau das Richtige f\u00fcr Dich!\u00a0<\/p>\n\n\n\n<hr class=\"wp-block-separator has-text-color has-alpha-channel-opacity has-background is-style-wide\" style=\"margin-top:40px;margin-bottom:40px;background-color:#eeeeee;color:#eeeeee\"\/>\n\n\n\n<h3 class=\"wp-block-heading\" style=\"margin-bottom:10px;font-size:24px\">Azubi-Stimmen<\/h3>\n\n\n\n<figure class=\"wp-block-image alignright size-full\"><img loading=\"lazy\" decoding=\"async\" width=\"133\" height=\"200\" src=\"https:\/\/www.optimal-germany.com\/wp-content\/uploads\/2024\/02\/image-279.png\" alt=\"\" class=\"wp-image-3794\" srcset=\"https:\/\/www.optimal-germany.com\/wp-content\/uploads\/2024\/02\/image-279.png 133w, https:\/\/www.optimal-germany.com\/wp-content\/uploads\/2024\/02\/image-279-8x12.png 8w\" sizes=\"auto, (max-width: 133px) 100vw, 133px\" \/><\/figure>\n\n\n\n<p style=\"margin-bottom:20px\"><strong>Daria Misenin, Leitung Personalabteilung, OPTIMAL Germany:<\/strong><\/p>\n\n\n\n<p style=\"margin-bottom:30px\"><strong>&nbsp;<\/strong>Im Jahr 2013 absolvierte ich bei OPTIMAL erfolgreich die Pr\u00fcfung zur Kauffrau im Gro\u00df- und Au\u00dfenhandel \u2013 Fachrichtung Au\u00dfenhandel. Schon w\u00e4hrend meiner Ausbildung lernte ich verschiedene Abteilungen kennen und begriff schnell, dass mir OPTIMAL viele M\u00f6glichkeiten und Sicherheiten f\u00fcr meinen weiteren beruflichen Werdegang er\u00f6ffnen w\u00fcrde. Da mir nach meinem erfolgreichen Ausbildungsabschluss die \u00dcbernahme in eine Festanstellung angeboten wurde, ergriff ich die Chance und entschied mich f\u00fcr die Abteilung Buchhaltung und kaufm\u00e4nnische Verwaltung. Hier konnte ich mich nicht nur beruflich und pers\u00f6nlich weiterentwickeln, ich konnte auch in einer nebenberuflichen Weiterbildung den Abschluss zur Handelsfachwirtin ablegen. Mein Engagement hat sich gelohnt: Zu Beginn des Jahres 2017 wurde mir die Leitung der Personalabteilung \u00fcbertragen. Ich habe nach einer solchen Herausforderung gesucht und wusste, dass viel von mir erwartet wird. Nun habe ich mehr Verantwortung und bin sehr stolz auf meine Entwicklung!<\/p>\n\n\n\n<figure class=\"wp-block-image alignright size-full\"><img loading=\"lazy\" decoding=\"async\" width=\"133\" height=\"200\" src=\"https:\/\/www.optimal-germany.com\/wp-content\/uploads\/2024\/02\/image-280.png\" alt=\"\" class=\"wp-image-3795\" srcset=\"https:\/\/www.optimal-germany.com\/wp-content\/uploads\/2024\/02\/image-280.png 133w, https:\/\/www.optimal-germany.com\/wp-content\/uploads\/2024\/02\/image-280-8x12.png 8w\" sizes=\"auto, (max-width: 133px) 100vw, 133px\" \/><\/figure>\n\n\n\n<p style=\"margin-bottom:30px\"><strong>Paul Sch\u00f6ngarth, Azubi zum \u201eKaufmann im Gro\u00df- und Au\u00dfenhandel, FR Au\u00dfenhandel\u201c:<\/strong><\/p>\n\n\n\n<p style=\"margin-bottom:0px\">Nach meinem Abitur im Jahr 2015 entschied ich mich f\u00fcr eine Ausbildung bei OPTIMAL, da sie den Ausbildungsberuf \u201eKaufmann im Gro\u00df- und Au\u00dfenhandel, mit der Fachrichtung Au\u00dfenhandel\u201c anbietet und ich mich unter anderem sehr f\u00fcr Fremdsprachen interessiere.<\/p>\n\n\n\n<p style=\"margin-bottom:100px\"><br>Zudem durchl\u00e4uft man w\u00e4hrend der Ausbildung alle Abteilungen und ist sowohl mit ausl\u00e4ndischen Lieferanten, als auch mit ausl\u00e4ndischen Kunden im Kontakt. So lerne ich nicht nur alle Abl\u00e4ufe innerhalb der Firma, sondern erweitere auch meine Fremdsprachenkenntnisse. Da die OPTIMAL&nbsp;Automotive GmbH&nbsp;in \u00fcber 100 L\u00e4nder Autoteile liefert, bin ich praktisch gut im Training und lerne jeden Tag etwas Neues dazu.<\/p>\n\n\n\n<hr class=\"wp-block-separator has-text-color has-alpha-channel-opacity has-background is-style-wide\" style=\"margin-top:40px;margin-bottom:40px;background-color:#eeeeee;color:#eeeeee\"\/>\n\n\n\n<h3 class=\"wp-block-heading\" style=\"margin-top:11px;margin-bottom:11px;font-size:24px\">Sch\u00fclerpraktikum<\/h3>\n\n\n\n<figure class=\"wp-block-image alignright size-full\"><img loading=\"lazy\" decoding=\"async\" width=\"400\" height=\"257\" src=\"https:\/\/www.optimal-germany.com\/wp-content\/uploads\/2024\/02\/image-281.png\" alt=\"\" class=\"wp-image-3796\" srcset=\"https:\/\/www.optimal-germany.com\/wp-content\/uploads\/2024\/02\/image-281.png 400w, https:\/\/www.optimal-germany.com\/wp-content\/uploads\/2024\/02\/image-281-300x193.png 300w, https:\/\/www.optimal-germany.com\/wp-content\/uploads\/2024\/02\/image-281-18x12.png 18w\" sizes=\"auto, (max-width: 400px) 100vw, 400px\" \/><\/figure>\n\n\n\n<p>Ein Sch\u00fclerpraktikum kann sehr hilfreich sein f\u00fcr die Wahl des sp\u00e4teren Ausbildungsplatzes oder Berufes. Bei uns kannst Du in der Regel ein ein- oder ein zweiw\u00f6chiges Sch\u00fclerpraktikum absolvieren. In dieser Zeit geben wir Dir die Gelegenheit den B\u00fcro-, Lager- oder Versandalltag bei OPTIMAL kennenzulernen. Selbstverst\u00e4ndlich f\u00fchren wir zu Beginn ein vorbereitendes Gespr\u00e4ch mit Dir, um zu erfahren, was Dich besonders interessiert. Danach wirst Du nicht nur unseren Kollegen \u00fcber die Schulter schauen k\u00f6nnen, sondern auch aktiv an Aufgaben und Projekten mitarbeiten. Zudem unterst\u00fctzen wir Dich gerne bei der Ausarbeitung eines Praktikumsberichtes f\u00fcr Deine Schule.<\/p>\n\n\n\n<p><strong>Du hast Fragen zum Sch\u00fclerpraktikum?<\/strong><\/p>\n\n\n\n<p>Unsere Personalabteilung ist gerne f\u00fcr dich da<\/p>\n\n\n\n<hr class=\"wp-block-separator has-text-color has-alpha-channel-opacity has-background is-style-wide\" style=\"margin-top:40px;margin-bottom:40px;background-color:#eeeeee;color:#eeeeee\"\/>\n\n\n\n<h3 class=\"wp-block-heading\" style=\"margin-bottom:10px;font-size:24px\">Vorteile Deiner Ausbildung bei OPTIMAL<\/h3>\n\n\n\n<figure class=\"wp-block-image alignright size-full\"><img loading=\"lazy\" decoding=\"async\" width=\"400\" height=\"200\" src=\"https:\/\/www.optimal-germany.com\/wp-content\/uploads\/2024\/02\/image-283.png\" alt=\"\" class=\"wp-image-3798\" srcset=\"https:\/\/www.optimal-germany.com\/wp-content\/uploads\/2024\/02\/image-283.png 400w, https:\/\/www.optimal-germany.com\/wp-content\/uploads\/2024\/02\/image-283-300x150.png 300w, https:\/\/www.optimal-germany.com\/wp-content\/uploads\/2024\/02\/image-283-18x9.png 18w\" sizes=\"auto, (max-width: 400px) 100vw, 400px\" \/><\/figure>\n\n\n\n<ul style=\"margin-top:30px\" class=\"wp-block-list\">\n<li>Hohe Chance auf \u00dcbernahme<\/li>\n\n\n\n<li>Begleitung durch Berufsschule<\/li>\n\n\n\n<li>Erstklassiges Arbeitsumfeld<\/li>\n\n\n\n<li>Kollegiale Arbeitsatmosph\u00e4re<\/li>\n\n\n\n<li>Ausgezeichnete Pr\u00fcfungsvorbereitung<\/li>\n\n\n\n<li>Gemeinschaftliche Projekte<\/li>\n\n\n\n<li>Personaleinkauf zu besonderen Konditionen<\/li>\n<\/ul>\n\n\n\n<div class=\"wp-block-uagb-container uagb-block-f93a7eca\">\n<p><\/p>\n<\/div>\n<\/div>\n<\/div>\n<\/div><\/div>","protected":false},"excerpt":{"rendered":"<p>F\u00fcr Auszubildende F\u00fcr Auszubildende F\u00dcR AUSZUBILDENDE Ausbildungsstellen Du suchst einen spannenden, abwechslungsreichen Ausbildungsplatz? Dann haben wir genau das Richtige f\u00fcr Dich!\u00a0 Azubi-Stimmen Daria Misenin, Leitung Personalabteilung, OPTIMAL Germany: &nbsp;Im Jahr 2013 absolvierte ich bei OPTIMAL erfolgreich die Pr\u00fcfung zur Kauffrau im Gro\u00df- und Au\u00dfenhandel \u2013 Fachrichtung Au\u00dfenhandel. Schon w\u00e4hrend meiner Ausbildung lernte ich verschiedene Abteilungen [&hellip;]<\/p>\n","protected":false},"author":1,"featured_media":0,"parent":3733,"menu_order":0,"comment_status":"closed","ping_status":"closed","template":"","meta":{"_uag_custom_page_level_css":"","site-sidebar-layout":"no-sidebar","site-content-layout":"plain-container","ast-site-content-layout":"normal-width-container","site-content-style":"unboxed","site-sidebar-style":"unboxed","ast-global-header-display":"","ast-banner-title-visibility":"","ast-main-header-display":"","ast-hfb-above-header-display":"","ast-hfb-below-header-display":"","ast-hfb-mobile-header-display":"","site-post-title":"disabled","ast-breadcrumbs-content":"","ast-featured-img":"disabled","footer-sml-layout":"","ast-disable-related-posts":"","theme-transparent-header-meta":"disabled","adv-header-id-meta":"","stick-header-meta":"","header-above-stick-meta":"","header-main-stick-meta":"","header-below-stick-meta":"","astra-migrate-meta-layouts":"set","ast-page-background-enabled":"default","ast-page-background-meta":{"desktop":{"background-color":"var(--ast-global-color-4)","background-image":"","background-repeat":"repeat","background-position":"center center","background-size":"auto","background-attachment":"scroll","background-type":"","background-media":"","overlay-type":"","overlay-color":"","overlay-opacity":"","overlay-gradient":""},"tablet":{"background-color":"","background-image":"","background-repeat":"repeat","background-position":"center center","background-size":"auto","background-attachment":"scroll","background-type":"","background-media":"","overlay-type":"","overlay-color":"","overlay-opacity":"","overlay-gradient":""},"mobile":{"background-color":"","background-image":"","background-repeat":"repeat","background-position":"center center","background-size":"auto","background-attachment":"scroll","background-type":"","background-media":"","overlay-type":"","overlay-color":"","overlay-opacity":"","overlay-gradient":""}},"ast-content-background-meta":{"desktop":{"background-color":"var(--ast-global-color-5)","background-image":"","background-repeat":"repeat","background-position":"center center","background-size":"auto","background-attachment":"scroll","background-type":"","background-media":"","overlay-type":"","overlay-color":"","overlay-opacity":"","overlay-gradient":""},"tablet":{"background-color":"var(--ast-global-color-5)","background-image":"","background-repeat":"repeat","background-position":"center center","background-size":"auto","background-attachment":"scroll","background-type":"","background-media":"","overlay-type":"","overlay-color":"","overlay-opacity":"","overlay-gradient":""},"mobile":{"background-color":"var(--ast-global-color-5)","background-image":"","background-repeat":"repeat","background-position":"center center","background-size":"auto","background-attachment":"scroll","background-type":"","background-media":"","overlay-type":"","overlay-color":"","overlay-opacity":"","overlay-gradient":""}},"footnotes":""},"class_list":["post-3790","page","type-page","status-publish","hentry"],"uagb_featured_image_src":{"full":false,"thumbnail":false,"medium":false,"medium_large":false,"large":false,"1536x1536":false,"2048x2048":false,"trp-custom-language-flag":false},"uagb_author_info":{"display_name":"Administrator","author_link":"https:\/\/www.optimal-germany.com\/de\/author\/wpadmino\/"},"uagb_comment_info":0,"uagb_excerpt":"F\u00fcr Auszubildende F\u00fcr Auszubildende F\u00dcR AUSZUBILDENDE Ausbildungsstellen Du suchst einen spannenden, abwechslungsreichen Ausbildungsplatz? Dann haben wir genau das Richtige f\u00fcr Dich!\u00a0 Azubi-Stimmen Daria Misenin, Leitung Personalabteilung, OPTIMAL Germany: &nbsp;Im Jahr 2013 absolvierte ich bei OPTIMAL erfolgreich die Pr\u00fcfung zur Kauffrau im Gro\u00df- und Au\u00dfenhandel \u2013 Fachrichtung Au\u00dfenhandel. Schon w\u00e4hrend meiner Ausbildung lernte ich verschiedene Abteilungen&hellip;","_links":{"self":[{"href":"https:\/\/www.optimal-germany.com\/de\/wp-json\/wp\/v2\/pages\/3790","targetHints":{"allow":["GET"]}}],"collection":[{"href":"https:\/\/www.optimal-germany.com\/de\/wp-json\/wp\/v2\/pages"}],"about":[{"href":"https:\/\/www.optimal-germany.com\/de\/wp-json\/wp\/v2\/types\/page"}],"author":[{"embeddable":true,"href":"https:\/\/www.optimal-germany.com\/de\/wp-json\/wp\/v2\/users\/1"}],"replies":[{"embeddable":true,"href":"https:\/\/www.optimal-germany.com\/de\/wp-json\/wp\/v2\/comments?post=3790"}],"version-history":[{"count":46,"href":"https:\/\/www.optimal-germany.com\/de\/wp-json\/wp\/v2\/pages\/3790\/revisions"}],"predecessor-version":[{"id":4967,"href":"https:\/\/www.optimal-germany.com\/de\/wp-json\/wp\/v2\/pages\/3790\/revisions\/4967"}],"up":[{"embeddable":true,"href":"https:\/\/www.optimal-germany.com\/de\/wp-json\/wp\/v2\/pages\/3733"}],"wp:attachment":[{"href":"https:\/\/www.optimal-germany.com\/de\/wp-json\/wp\/v2\/media?parent=3790"}],"curies":[{"name":"wp","href":"https:\/\/api.w.org\/{rel}","templated":true}]}}