{"id":3548,"date":"2024-02-12T11:26:23","date_gmt":"2024-02-12T10:26:23","guid":{"rendered":"https:\/\/srv-www.optimal-germany.com\/?page_id=3548"},"modified":"2024-03-14T12:18:21","modified_gmt":"2024-03-14T11:18:21","slug":"news","status":"publish","type":"page","link":"https:\/\/www.optimal-germany.com\/de\/mediacenter\/news\/","title":{"rendered":"News"},"content":{"rendered":"<div class=\"wp-block-uagb-container page-header-image-container uagb-block-f1ca19c8 alignfull uagb-is-root-container\"><div class=\"uagb-container-inner-blocks-wrap\">\n<figure class=\"wp-block-image aligncenter size-full\"><img loading=\"lazy\" decoding=\"async\" width=\"1140\" height=\"232\" src=\"https:\/\/www.optimal-germany.com\/wp-content\/uploads\/2024\/02\/image-99.png\" alt=\"\" class=\"wp-image-2360\" srcset=\"https:\/\/www.optimal-germany.com\/wp-content\/uploads\/2024\/02\/image-99.png 1140w, https:\/\/www.optimal-germany.com\/wp-content\/uploads\/2024\/02\/image-99-300x61.png 300w, https:\/\/www.optimal-germany.com\/wp-content\/uploads\/2024\/02\/image-99-1024x208.png 1024w, https:\/\/www.optimal-germany.com\/wp-content\/uploads\/2024\/02\/image-99-768x156.png 768w\" sizes=\"auto, (max-width: 1140px) 100vw, 1140px\" \/><\/figure>\n<\/div><\/div>\n\n\n\n<div class=\"wp-block-uagb-container uagb-block-5e603625 alignfull uagb-is-root-container\"><div class=\"uagb-container-inner-blocks-wrap\">\n<aside class=\"wp-block-uagb-container side-menu-container uagb-block-9766e0f1\"><nav style=\"font-size:14px;font-style:normal;font-weight:700;text-transform:uppercase;\" class=\"has-background has-ast-global-color-5-background-color  is-vertical side-menu wp-block-navigation is-layout-flex wp-container-core-navigation-is-layout-42e9c677 wp-block-navigation-is-layout-flex\" aria-label=\"Mediacenter\"><ul style=\"font-size:14px;font-style:normal;font-weight:700;text-transform:uppercase;\" class=\"wp-block-navigation__container has-background has-ast-global-color-5-background-color  is-vertical side-menu wp-block-navigation\"><li style=\"font-size: 14px;\" class=\"wp-block-navigation-item wp-block-navigation-link\"><a class=\"wp-block-navigation-item__content\"  href=\"https:\/\/www.optimal-germany.com\/de\/media-center\/news\/\"><span class=\"wp-block-navigation-item__label\">News<\/span><\/a><\/li><li data-wp-context=\"{ &quot;submenuOpenedBy&quot;: { &quot;click&quot;: false, &quot;hover&quot;: false, &quot;focus&quot;: false }, &quot;type&quot;: &quot;submenu&quot;, &quot;modal&quot;: null, &quot;previousFocus&quot;: null }\" data-wp-interactive=\"core\/navigation\" data-wp-on--focusout=\"actions.handleMenuFocusout\" data-wp-on--keydown=\"actions.handleMenuKeydown\" data-wp-watch=\"callbacks.initMenu\" tabindex=\"-1\" style=\"font-size: 14px;\" class=\"wp-block-navigation-item has-child open-on-click wp-block-navigation-submenu\"><button data-wp-bind--aria-expanded=\"state.isMenuOpen\" data-wp-on--click=\"actions.toggleMenuOnClick\" aria-label=\"Untermen\u00fc von Downloads\" class=\"wp-block-navigation-item__content wp-block-navigation-submenu__toggle\" ><span class=\"wp-block-navigation-item__label\">Downloads<\/span><\/button><span class=\"wp-block-navigation__submenu-icon\"><svg xmlns=\"http:\/\/www.w3.org\/2000\/svg\" width=\"12\" height=\"12\" viewbox=\"0 0 12 12\" fill=\"none\" aria-hidden=\"true\" focusable=\"false\"><path d=\"M1.50002 4L6.00002 8L10.5 4\" stroke-width=\"1.5\"><\/path><\/svg><\/span><ul data-wp-on--focus=\"actions.openMenuOnFocus\" class=\"wp-block-navigation__submenu-container wp-block-navigation-submenu\"><li style=\"font-size: 14px;\" class=\"wp-block-navigation-item wp-block-navigation-link\"><a class=\"wp-block-navigation-item__content\"  href=\"https:\/\/www.optimal-germany.com\/de\/media-center\/downloads\/downloads\/\"><span class=\"wp-block-navigation-item__label\">Downloads<\/span><\/a><\/li><li style=\"font-size: 14px;\" class=\"wp-block-navigation-item wp-block-navigation-link\"><a class=\"wp-block-navigation-item__content\"  href=\"https:\/\/www.optimal-germany.com\/de\/media-center\/downloads\/rechtliches\/\"><span class=\"wp-block-navigation-item__label\">Rechtliches<\/span><\/a><\/li><li style=\"font-size: 14px;\" class=\"wp-block-navigation-item wp-block-navigation-link\"><a class=\"wp-block-navigation-item__content\"  href=\"https:\/\/www.optimal-germany.com\/de\/media-center\/downloads\/kataloge\/\"><span class=\"wp-block-navigation-item__label\">Kataloge<\/span><\/a><\/li><li style=\"font-size: 14px;\" class=\"wp-block-navigation-item wp-block-navigation-link\"><a class=\"wp-block-navigation-item__content\"  href=\"https:\/\/www.optimal-germany.com\/de\/media-center\/downloads\/technik-tipp\/\"><span class=\"wp-block-navigation-item__label\">Technik-Tipp<\/span><\/a><\/li><li style=\"font-size: 14px;\" class=\"wp-block-navigation-item wp-block-navigation-link\"><a class=\"wp-block-navigation-item__content\"  href=\"https:\/\/www.optimal-germany.com\/de\/media-center\/downloads\/flyer\/\"><span class=\"wp-block-navigation-item__label\">Flyer<\/span><\/a><\/li><li style=\"font-size: 14px;\" class=\"wp-block-navigation-item wp-block-navigation-link\"><a class=\"wp-block-navigation-item__content\"  href=\"https:\/\/www.optimal-germany.com\/de\/media-center\/downloads\/zertifikate-2\/\"><span class=\"wp-block-navigation-item__label\">Zertifikate<\/span><\/a><\/li><li style=\"font-size: 14px;\" class=\"wp-block-navigation-item wp-block-navigation-link\"><a class=\"wp-block-navigation-item__content\"  href=\"https:\/\/www.optimal-germany.com\/de\/media-center\/downloads\/trainingsprogramm\/\"><span class=\"wp-block-navigation-item__label\">Trainingsprogramm<\/span><\/a><\/li><\/ul><\/li><li style=\"font-size: 14px;\" class=\"wp-block-navigation-item wp-block-navigation-link\"><a class=\"wp-block-navigation-item__content\"  href=\"https:\/\/www.optimal-germany.com\/de\/media-center\/optimal-image-movie\/\"><span class=\"wp-block-navigation-item__label\">Optimal image movie<\/span><\/a><\/li><li style=\"font-size: 14px;\" class=\"wp-block-navigation-item image-movie-link-de wp-block-navigation-link\"><a class=\"wp-block-navigation-item__content\"  href=\"https:\/\/www.optimal-germany.com\/de\/media-center\/optimal-ausbildungsfilm\/\"><span class=\"wp-block-navigation-item__label\">optimal ausbildungsfilm<\/span><\/a><\/li><\/ul><\/nav>\n\n\n<div class=\"wp-block-uagb-image uagb-block-876d2c63 wp-block-uagb-image--layout-default wp-block-uagb-image--effect-static wp-block-uagb-image--align-none\"><figure class=\"wp-block-uagb-image__figure\"><a class=\"\" href=\"https:\/\/b2b.optimal-germany.com\" target=\"_blank\" rel=\"noreferrer noopener\"><img decoding=\"async\"  sizes=\"auto, (max-width: 480px) 150px\" src=\"https:\/\/www.optimal-germany.com\/wp-content\/uploads\/2024\/02\/image-20.png\" alt=\"B2B Online Shop\" width=\"262\" height=\"97\" title=\"\" loading=\"lazy\" role=\"img\"\/><\/a><\/figure><\/div>\n\n\n\n<div class=\"wp-block-uagb-image uagb-block-c148217a wp-block-uagb-image--layout-default wp-block-uagb-image--effect-static wp-block-uagb-image--align-none\"><figure class=\"wp-block-uagb-image__figure\"><a class=\"\" href=\"https:\/\/www.tecalliance.net\/\" target=\"_blank\" rel=\"noreferrer noopener\"><img decoding=\"async\"  sizes=\"auto, (max-width: 480px) 150px\" src=\"https:\/\/www.optimal-germany.com\/wp-content\/uploads\/2024\/02\/image-23.png\" alt=\"\" width=\"262\" height=\"98\" title=\"\" loading=\"lazy\" role=\"img\"\/><\/a><\/figure><\/div>\n<\/aside>\n\n\n\n<div class=\"wp-block-uagb-container main-content uagb-block-26b8dfe4\">\n<div class=\"wp-block-group shadow has-ast-global-color-5-background-color has-background is-layout-constrained wp-container-core-group-is-layout-a51490eb wp-block-group-is-layout-constrained\" style=\"margin-bottom:0;padding-top:14px;padding-right:30px;padding-bottom:14px;padding-left:30px\">\n<div class=\"wp-block-uagb-container uagb-block-9bc97d1b\">\n<p class=\"has-text-color has-link-color wp-elements-9aebe0cc1f510d8358977f31522446c8\" style=\"color:#777777;margin-top:0;margin-bottom:0;padding-top:0;padding-right:0;padding-bottom:0;padding-left:0;font-size:11px\">Sie sind hier:<\/p>\n\n\n<div class=\"breadcrumbs align  wp-block-bcn-breadcrumb-trail has-text-color has-background\" vocab=\"https:\/\/schema.org\/\" typeof=\"BreadcrumbList\">\n\t<span><\/span>\n\t<span property=\"itemListElement\" typeof=\"ListItem\"><a property=\"item\" typeof=\"WebPage\" title=\"Go to OPTIMAL Automotive GmbH.\" href=\"https:\/\/www.optimal-germany.com\/de\" class=\"home\" aria-current=\"page\"><span property=\"name\">Home<\/span><\/a><meta property=\"position\" content=\"1\"><\/span><\/div>\n<\/div>\n\n\n\n<h1 class=\"wp-block-heading\" style=\"margin-top:var(--wp--preset--spacing--30);margin-bottom:var(--wp--preset--spacing--30)\">News<\/h1>\n\n\n\n<div class=\"wp-block-uagb-container certificate-container uagb-block-c2e456d1 alignfull uagb-is-root-container\"><div class=\"uagb-container-inner-blocks-wrap\">\n<div class=\"wp-block-uagb-container uagb-block-5dee499c\">\n<figure class=\"wp-block-image size-full\"><img loading=\"lazy\" decoding=\"async\" width=\"150\" height=\"150\" src=\"https:\/\/www.optimal-germany.com\/wp-content\/uploads\/image.png\" alt=\"\" class=\"wp-image-4543\" srcset=\"https:\/\/www.optimal-germany.com\/wp-content\/uploads\/image.png 150w, https:\/\/www.optimal-germany.com\/wp-content\/uploads\/image-12x12.png 12w\" sizes=\"auto, (max-width: 150px) 100vw, 150px\" \/><\/figure>\n<\/div>\n\n\n\n<div class=\"wp-block-uagb-container uagb-block-f9df88d8\">\n<h4 class=\"wp-block-heading\" style=\"margin-top:0;margin-bottom:0\">Breites Verschlei\u00dfteilesortiment - NEU f\u00fcr Elektro- und Hybridfahrzeuge<\/h4>\n\n\n\n<div class=\"wp-block-uagb-container uagb-block-6f50ab6a\">\n<p style=\"margin-top:0;margin-bottom:0;padding-top:0;padding-bottom:0;font-size:10px\">09.10.2019<\/p>\n\n\n\n<p>OPTIMAL bietet ein breites Verschlei\u00dfteilesortiment f\u00fcr Elektro- und Hybridfahrzeuge an. Lesen Sie zu diesem Thema den neuen Flyer auf unserer Medienseite.<\/p>\n<\/div>\n\n\n\n<p><a href=\"https:\/\/www.optimal-germany.com\/de\/media-center\/news\/breites-verschleissteilesortiment-neu-fuer-elektro-und-hybridfahrzeuge\/\" data-type=\"page\" data-id=\"4552\">Mehr &gt;<\/a><\/p>\n<\/div>\n<\/div><\/div>\n\n\n\n<div class=\"wp-block-uagb-container certificate-container uagb-block-fad7aeca alignfull uagb-is-root-container\"><div class=\"uagb-container-inner-blocks-wrap\">\n<div class=\"wp-block-uagb-container uagb-block-5d95dd8e\">\n<figure class=\"wp-block-image size-full\"><img loading=\"lazy\" decoding=\"async\" width=\"150\" height=\"150\" src=\"https:\/\/www.optimal-germany.com\/wp-content\/uploads\/image-1.png\" alt=\"\" class=\"wp-image-4546\" srcset=\"https:\/\/www.optimal-germany.com\/wp-content\/uploads\/image-1.png 150w, https:\/\/www.optimal-germany.com\/wp-content\/uploads\/image-1-12x12.png 12w\" sizes=\"auto, (max-width: 150px) 100vw, 150px\" \/><\/figure>\n<\/div>\n\n\n\n<div class=\"wp-block-uagb-container uagb-block-881ec700\">\n<h4 class=\"wp-block-heading\" style=\"margin-top:0;margin-bottom:0\">Der Ausbau des Pufferlagers in Langenbach schreitet weiter schnell voran<\/h4>\n\n\n\n<div class=\"wp-block-uagb-container uagb-block-11318e7e\">\n<p style=\"margin-top:0;margin-bottom:0;padding-top:0;padding-bottom:0;font-size:10px\">07.06.2019<\/p>\n\n\n\n<p>Neues Puffer-Hochregallager in Langenbach: Die Aushubarbeiten f\u00fcr den Wasser-Vorratsbeh\u00e4lter der neuen, zweiten Sprinkleranlage haben begonnen.<\/p>\n<\/div>\n\n\n\n<p><a href=\"https:\/\/www.optimal-germany.com\/de\/media-center\/news\/ausbau-des-pufferlagers-in-langenbach-schreitet-voran\/\" data-type=\"page\" data-id=\"4562\">Mehr &gt;<\/a><\/p>\n<\/div>\n<\/div><\/div>\n\n\n\n<div class=\"wp-block-uagb-container certificate-container uagb-block-e848d910 alignfull uagb-is-root-container\"><div class=\"uagb-container-inner-blocks-wrap\">\n<div class=\"wp-block-uagb-container uagb-block-4e985142\">\n<figure class=\"wp-block-image size-full\"><img loading=\"lazy\" decoding=\"async\" width=\"150\" height=\"150\" src=\"https:\/\/www.optimal-germany.com\/wp-content\/uploads\/image-2.png\" alt=\"\" class=\"wp-image-4547\" srcset=\"https:\/\/www.optimal-germany.com\/wp-content\/uploads\/image-2.png 150w, https:\/\/www.optimal-germany.com\/wp-content\/uploads\/image-2-12x12.png 12w\" sizes=\"auto, (max-width: 150px) 100vw, 150px\" \/><\/figure>\n<\/div>\n\n\n\n<div class=\"wp-block-uagb-container uagb-block-9b86fdf1\">\n<h4 class=\"wp-block-heading\" style=\"margin-top:0;margin-bottom:0\">Neue Lagergasse in Langenbach<\/h4>\n\n\n\n<div class=\"wp-block-uagb-container uagb-block-c271c902\">\n<p style=\"margin-top:0;margin-bottom:0;padding-top:0;padding-bottom:0;font-size:10px\">15.11.2018<\/p>\n\n\n\n<p>Schnell und zu 100 Prozent im Zeitplan baute OPTIMAL in diesem Jahr eine neue Lagergasse f\u00fcr Beh\u00e4lterboxen auf. Die neue Gasse 7 bietet seit der zweiten Novemberwoche Platz f\u00fcr \u00fcber 10.000 kleine und gro\u00dfe Beh\u00e4lterboxen. Damit wurde die f\u00fcnfte Ausbaustufe des vollautomatischen Lagers in Langenbach planm\u00e4\u00dfig realisiert.<\/p>\n<\/div>\n\n\n\n<p><a href=\"https:\/\/www.optimal-germany.com\/de\/media-center\/news\/neue-lagergasse-in-langenbach\/\" data-type=\"page\" data-id=\"4571\">Mehr &gt;<\/a><\/p>\n<\/div>\n<\/div><\/div>\n\n\n\n<div class=\"wp-block-uagb-container certificate-container uagb-block-db4ac96a alignfull uagb-is-root-container\"><div class=\"uagb-container-inner-blocks-wrap\">\n<div class=\"wp-block-uagb-container uagb-block-41215bc5\">\n<figure class=\"wp-block-image size-full\"><img loading=\"lazy\" decoding=\"async\" width=\"150\" height=\"150\" src=\"https:\/\/www.optimal-germany.com\/wp-content\/uploads\/image-3.png\" alt=\"\" class=\"wp-image-4548\" srcset=\"https:\/\/www.optimal-germany.com\/wp-content\/uploads\/image-3.png 150w, https:\/\/www.optimal-germany.com\/wp-content\/uploads\/image-3-12x12.png 12w\" sizes=\"auto, (max-width: 150px) 100vw, 150px\" \/><\/figure>\n<\/div>\n\n\n\n<div class=\"wp-block-uagb-container uagb-block-6966e71e\">\n<h4 class=\"wp-block-heading\" style=\"margin-top:0;margin-bottom:0\">Vorsicht! Produktf\u00e4lschungen aufgetaucht<\/h4>\n\n\n\n<div class=\"wp-block-uagb-container uagb-block-bb4fc667\">\n<p style=\"margin-top:0;margin-bottom:0;padding-top:0;padding-bottom:0;font-size:10px\">19.07.2018<\/p>\n\n\n\n<p>In Nordafrika sind aktuell Plagiate von OPTIMAL Produkten aufgetaucht. Seien Sie gewarnt, wenn Sie auf die abgebildeten nachgemachten Verpackungen sto\u00dfen. Es handelt sich dabei um F\u00e4lschungen! Bitte informieren Sie umgehend Ihren Vertriebsansprechpartner von OPTIMAL, wenn Sie auf diese F\u00e4lschungen aufmerksam werden.<\/p>\n<\/div>\n\n\n\n<p><a href=\"https:\/\/www.optimal-germany.com\/de\/media-center\/news\/vorsicht-produktfaelschungen-aufgetaucht\/\" data-type=\"page\" data-id=\"4576\">Mehr &gt;<\/a><\/p>\n<\/div>\n<\/div><\/div>\n\n\n\n<div class=\"wp-block-uagb-container certificate-container uagb-block-e0205a63 alignfull uagb-is-root-container\"><div class=\"uagb-container-inner-blocks-wrap\">\n<div class=\"wp-block-uagb-container uagb-block-35e3f83c\">\n<figure class=\"wp-block-image size-full\"><img loading=\"lazy\" decoding=\"async\" width=\"150\" height=\"150\" src=\"https:\/\/www.optimal-germany.com\/wp-content\/uploads\/image-4.png\" alt=\"\" class=\"wp-image-4549\" srcset=\"https:\/\/www.optimal-germany.com\/wp-content\/uploads\/image-4.png 150w, https:\/\/www.optimal-germany.com\/wp-content\/uploads\/image-4-12x12.png 12w\" sizes=\"auto, (max-width: 150px) 100vw, 150px\" \/><\/figure>\n<\/div>\n\n\n\n<div class=\"wp-block-uagb-container uagb-block-322579f9\">\n<h4 class=\"wp-block-heading\" style=\"margin-top:0;margin-bottom:0\">STAHLGRUBER erwirbt Mehrheit an OPTIMAL<\/h4>\n\n\n\n<div class=\"wp-block-uagb-container uagb-block-e541193c\">\n<p style=\"margin-top:0;margin-bottom:0;padding-top:0;padding-bottom:0;font-size:10px\">22.03.2017<\/p>\n\n\n\n<p>Poing, den 22.03.2017 \u2013 Die STAHLGRUBER GmbH, einer der f\u00fchrenden Kfz-Teileh\u00e4ndler Europas, hat \u2013 unter Vorbehalt der Zustimmung der Kartellbeh\u00f6rden \u2013 einen Mehrheitsanteil an der OPTIMAL AG &amp; Co. KG aus Langenbach erworben. OPTIMAL bietet seit mehr als 25 Jahren international erfolgreich Kfz-Ersatzteile unter den Marken OPTIMAL und Bendix an.<\/p>\n<\/div>\n\n\n\n<p><a href=\"https:\/\/www.optimal-germany.com\/de\/media-center\/news\/stahlgruber-erwirbt-mehrheit-a-optimal\/\" data-type=\"page\" data-id=\"4584\">Mehr &gt;<\/a><\/p>\n<\/div>\n<\/div><\/div>\n\n\n\n<div class=\"wp-block-uagb-container certificate-container uagb-block-518e74c3 alignfull uagb-is-root-container\"><div class=\"uagb-container-inner-blocks-wrap\">\n<div class=\"wp-block-uagb-container uagb-block-036b5260\">\n<figure class=\"wp-block-image size-full\"><img loading=\"lazy\" decoding=\"async\" width=\"150\" height=\"150\" src=\"https:\/\/www.optimal-germany.com\/wp-content\/uploads\/image-5.png\" alt=\"\" class=\"wp-image-4550\" srcset=\"https:\/\/www.optimal-germany.com\/wp-content\/uploads\/image-5.png 150w, https:\/\/www.optimal-germany.com\/wp-content\/uploads\/image-5-12x12.png 12w\" sizes=\"auto, (max-width: 150px) 100vw, 150px\" \/><\/figure>\n<\/div>\n\n\n\n<div class=\"wp-block-uagb-container uagb-block-27d31881\">\n<h4 class=\"wp-block-heading\" style=\"margin-top:0;margin-bottom:0\">25-J\u00c4HRIGES FIRMENJUBIL\u00c4UM ZUR AUTOMECHANIKA<\/h4>\n\n\n\n<div class=\"wp-block-uagb-container uagb-block-81e3f2af\">\n<p style=\"margin-top:0;margin-bottom:0;padding-top:0;padding-bottom:0;font-size:10px\">13.09.2016<\/p>\n\n\n\n<p>OPTIMAL will center its presentation at Automechanika \u201con our celebrations of 25 years of OPTIMAL\u201d, says Markus Neudek, founder and chairman of the board of OPTIMAL. \u201cToday, we can safely say that we have turned our original vision into a very successful company&#8230;<\/p>\n<\/div>\n\n\n\n<p><a href=\"https:\/\/www.optimal-germany.com\/de\/media-center\/news\/optimal-feiert-sein-25jaehriges-firmenjubilaeum-auf-der-automechanika\/\" data-type=\"page\" data-id=\"4587\">Mehr &gt;<\/a><\/p>\n<\/div>\n<\/div><\/div>\n\n\n\n<div class=\"wp-block-uagb-container uagb-block-f93a7eca\">\n<p><\/p>\n<\/div>\n<\/div>\n<\/div>\n<\/div><\/div>","protected":false},"excerpt":{"rendered":"<p>News Wide assortment of wearing parts &#8211; NEW for electric and hybrid cars 09.10.2019 OPTIMAL offers a wide range of wearing parts for electric and hybrid vehicles. Read the new flyer on our media page on this topic. Read more &gt; The expansion of the buffer warehouse in Langenbach continues apace 07.06.2019 New buffer high [&hellip;]<\/p>\n","protected":false},"author":1,"featured_media":0,"parent":2358,"menu_order":0,"comment_status":"closed","ping_status":"closed","template":"","meta":{"_uag_custom_page_level_css":"","site-sidebar-layout":"no-sidebar","site-content-layout":"plain-container","ast-site-content-layout":"normal-width-container","site-content-style":"unboxed","site-sidebar-style":"unboxed","ast-global-header-display":"","ast-banner-title-visibility":"","ast-main-header-display":"","ast-hfb-above-header-display":"","ast-hfb-below-header-display":"","ast-hfb-mobile-header-display":"","site-post-title":"disabled","ast-breadcrumbs-content":"","ast-featured-img":"disabled","footer-sml-layout":"","ast-disable-related-posts":"","theme-transparent-header-meta":"disabled","adv-header-id-meta":"","stick-header-meta":"","header-above-stick-meta":"","header-main-stick-meta":"","header-below-stick-meta":"","astra-migrate-meta-layouts":"set","ast-page-background-enabled":"default","ast-page-background-meta":{"desktop":{"background-color":"var(--ast-global-color-4)","background-image":"","background-repeat":"repeat","background-position":"center center","background-size":"auto","background-attachment":"scroll","background-type":"","background-media":"","overlay-type":"","overlay-color":"","overlay-opacity":"","overlay-gradient":""},"tablet":{"background-color":"","background-image":"","background-repeat":"repeat","background-position":"center center","background-size":"auto","background-attachment":"scroll","background-type":"","background-media":"","overlay-type":"","overlay-color":"","overlay-opacity":"","overlay-gradient":""},"mobile":{"background-color":"","background-image":"","background-repeat":"repeat","background-position":"center center","background-size":"auto","background-attachment":"scroll","background-type":"","background-media":"","overlay-type":"","overlay-color":"","overlay-opacity":"","overlay-gradient":""}},"ast-content-background-meta":{"desktop":{"background-color":"var(--ast-global-color-5)","background-image":"","background-repeat":"repeat","background-position":"center center","background-size":"auto","background-attachment":"scroll","background-type":"","background-media":"","overlay-type":"","overlay-color":"","overlay-opacity":"","overlay-gradient":""},"tablet":{"background-color":"var(--ast-global-color-5)","background-image":"","background-repeat":"repeat","background-position":"center center","background-size":"auto","background-attachment":"scroll","background-type":"","background-media":"","overlay-type":"","overlay-color":"","overlay-opacity":"","overlay-gradient":""},"mobile":{"background-color":"var(--ast-global-color-5)","background-image":"","background-repeat":"repeat","background-position":"center center","background-size":"auto","background-attachment":"scroll","background-type":"","background-media":"","overlay-type":"","overlay-color":"","overlay-opacity":"","overlay-gradient":""}},"footnotes":""},"class_list":["post-3548","page","type-page","status-publish","hentry"],"uagb_featured_image_src":{"full":false,"thumbnail":false,"medium":false,"medium_large":false,"large":false,"1536x1536":false,"2048x2048":false,"trp-custom-language-flag":false},"uagb_author_info":{"display_name":"Administrator","author_link":"https:\/\/www.optimal-germany.com\/de\/author\/wpadmino\/"},"uagb_comment_info":0,"uagb_excerpt":"News Wide assortment of wearing parts &#8211; NEW for electric and hybrid cars 09.10.2019 OPTIMAL offers a wide range of wearing parts for electric and hybrid vehicles. Read the new flyer on our media page on this topic. Read more &gt; The expansion of the buffer warehouse in Langenbach continues apace 07.06.2019 New buffer high&hellip;","_links":{"self":[{"href":"https:\/\/www.optimal-germany.com\/de\/wp-json\/wp\/v2\/pages\/3548","targetHints":{"allow":["GET"]}}],"collection":[{"href":"https:\/\/www.optimal-germany.com\/de\/wp-json\/wp\/v2\/pages"}],"about":[{"href":"https:\/\/www.optimal-germany.com\/de\/wp-json\/wp\/v2\/types\/page"}],"author":[{"embeddable":true,"href":"https:\/\/www.optimal-germany.com\/de\/wp-json\/wp\/v2\/users\/1"}],"replies":[{"embeddable":true,"href":"https:\/\/www.optimal-germany.com\/de\/wp-json\/wp\/v2\/comments?post=3548"}],"version-history":[{"count":9,"href":"https:\/\/www.optimal-germany.com\/de\/wp-json\/wp\/v2\/pages\/3548\/revisions"}],"predecessor-version":[{"id":4624,"href":"https:\/\/www.optimal-germany.com\/de\/wp-json\/wp\/v2\/pages\/3548\/revisions\/4624"}],"up":[{"embeddable":true,"href":"https:\/\/www.optimal-germany.com\/de\/wp-json\/wp\/v2\/pages\/2358"}],"wp:attachment":[{"href":"https:\/\/www.optimal-germany.com\/de\/wp-json\/wp\/v2\/media?parent=3548"}],"curies":[{"name":"wp","href":"https:\/\/api.w.org\/{rel}","templated":true}]}}