{"id":3536,"date":"2024-02-12T11:16:22","date_gmt":"2024-02-12T10:16:22","guid":{"rendered":"https:\/\/srv-www.optimal-germany.com\/?page_id=3536"},"modified":"2025-06-26T10:48:37","modified_gmt":"2025-06-26T09:48:37","slug":"profil","status":"publish","type":"page","link":"https:\/\/www.optimal-germany.com\/de\/business\/profile\/","title":{"rendered":"Profil"},"content":{"rendered":"<div class=\"wp-block-uagb-container page-header-image-container uagb-block-f1ca19c8 alignfull uagb-is-root-container\"><div class=\"uagb-container-inner-blocks-wrap\">\n<figure class=\"wp-block-image aligncenter size-full\"><img loading=\"lazy\" decoding=\"async\" width=\"1140\" height=\"232\" src=\"https:\/\/www.optimal-germany.com\/wp-content\/uploads\/2024\/02\/image-26.png\" alt=\"\" class=\"wp-image-1704\" srcset=\"https:\/\/www.optimal-germany.com\/wp-content\/uploads\/2024\/02\/image-26.png 1140w, https:\/\/www.optimal-germany.com\/wp-content\/uploads\/2024\/02\/image-26-300x61.png 300w, https:\/\/www.optimal-germany.com\/wp-content\/uploads\/2024\/02\/image-26-1024x208.png 1024w, https:\/\/www.optimal-germany.com\/wp-content\/uploads\/2024\/02\/image-26-768x156.png 768w\" sizes=\"auto, (max-width: 1140px) 100vw, 1140px\" \/><\/figure>\n\n\n\n<p class=\"has-text-align-center page-header-image-text-front\"><strong>Profil<\/strong><\/p>\n\n\n\n<p class=\"has-text-align-center page-header-image-text-back\"><strong>Profil<\/strong><\/p>\n<\/div><\/div>\n\n\n\n<div class=\"wp-block-uagb-container uagb-block-5e603625 alignfull uagb-is-root-container\"><div class=\"uagb-container-inner-blocks-wrap\">\n<aside class=\"wp-block-uagb-container side-menu-container uagb-block-9766e0f1\"><nav style=\"font-size:14px;font-style:normal;font-weight:700;text-transform:uppercase;\" class=\"has-background has-ast-global-color-5-background-color  is-vertical side-menu wp-block-navigation is-layout-flex wp-container-core-navigation-is-layout-42e9c677 wp-block-navigation-is-layout-flex\" aria-label=\"Unternehmen\"><ul style=\"font-size:14px;font-style:normal;font-weight:700;text-transform:uppercase;\" class=\"wp-block-navigation__container has-background has-ast-global-color-5-background-color  is-vertical side-menu wp-block-navigation\"><li style=\"font-size: 14px;\" class=\"wp-block-navigation-item wp-block-navigation-link\"><a class=\"wp-block-navigation-item__content\"  href=\"https:\/\/www.optimal-germany.com\/de\/unternehmen\/profil\/\"><span class=\"wp-block-navigation-item__label\">Profil<\/span><\/a><\/li><li style=\"font-size: 14px;\" class=\"wp-block-navigation-item wp-block-navigation-link\"><a class=\"wp-block-navigation-item__content\"  href=\"https:\/\/www.optimal-germany.com\/de\/unternehmen\/marken\/\"><span class=\"wp-block-navigation-item__label\">Marken<\/span><\/a><\/li><li style=\"font-size: 14px;\" class=\"wp-block-navigation-item wp-block-navigation-link\"><a class=\"wp-block-navigation-item__content\"  href=\"https:\/\/www.optimal-germany.com\/de\/unternehmen\/qualitat\/\"><span class=\"wp-block-navigation-item__label\">Qualit\u00e4t<\/span><\/a><\/li><li style=\"font-size: 14px;\" class=\"wp-block-navigation-item wp-block-navigation-link\"><a class=\"wp-block-navigation-item__content\"  href=\"https:\/\/www.optimal-germany.com\/de\/unternehmen\/zertifikate-2\/\"><span class=\"wp-block-navigation-item__label\">Zertifikate<\/span><\/a><\/li><li style=\"font-size: 14px;\" class=\"wp-block-navigation-item wp-block-navigation-link\"><a class=\"wp-block-navigation-item__content\"  href=\"https:\/\/www.optimal-germany.com\/de\/unternehmen\/presse\/\"><span class=\"wp-block-navigation-item__label\">Presse<\/span><\/a><\/li><li style=\"font-size: 14px;\" class=\"wp-block-navigation-item wp-block-navigation-link\"><a class=\"wp-block-navigation-item__content\"  href=\"https:\/\/www.optimal-germany.com\/de\/unternehmen\/messen\/\"><span class=\"wp-block-navigation-item__label\">Messen<\/span><\/a><\/li><li style=\"font-size: 14px;\" class=\"wp-block-navigation-item wp-block-navigation-link\"><a class=\"wp-block-navigation-item__content\"  href=\"https:\/\/www.optimal-germany.com\/de\/unternehmen\/agb\/\"><span class=\"wp-block-navigation-item__label\">Gesch\u00e4ftsbedingungen AGB<\/span><\/a><\/li><li style=\"font-size: 14px;\" class=\"wp-block-navigation-item wp-block-navigation-link\"><a class=\"wp-block-navigation-item__content\"  href=\"https:\/\/www.optimal-germany.com\/de\/unternehmen\/standorte\/\"><span class=\"wp-block-navigation-item__label\">Standorte<\/span><\/a><\/li><li style=\"font-size: 14px;\" class=\"wp-block-navigation-item wp-block-navigation-link\"><a class=\"wp-block-navigation-item__content\"  href=\"https:\/\/www.optimal-germany.com\/de\/unternehmen\/compliance\/\"><span class=\"wp-block-navigation-item__label\">Compliance<\/span><\/a><\/li><\/ul><\/nav>\n\n\n<div class=\"wp-block-uagb-image uagb-block-876d2c63 wp-block-uagb-image--layout-default wp-block-uagb-image--effect-static wp-block-uagb-image--align-none\"><figure class=\"wp-block-uagb-image__figure\"><a class=\"\" href=\"https:\/\/b2b.optimal-germany.com\" target=\"_blank\" rel=\"noreferrer noopener\"><img decoding=\"async\"  sizes=\"auto, (max-width: 480px) 150px\" src=\"https:\/\/www.optimal-germany.com\/wp-content\/uploads\/2024\/02\/image-20.png\" alt=\"B2B Online Shop\" width=\"262\" height=\"97\" title=\"\" loading=\"lazy\" role=\"img\"\/><\/a><\/figure><\/div>\n\n\n\n<div class=\"wp-block-uagb-image uagb-block-c148217a wp-block-uagb-image--layout-default wp-block-uagb-image--effect-static wp-block-uagb-image--align-none\"><figure class=\"wp-block-uagb-image__figure\"><a class=\"\" href=\"https:\/\/www.tecalliance.net\/\" target=\"_blank\" rel=\"noreferrer noopener\"><img decoding=\"async\" srcset=\"https:\/\/www.optimal-germany.com\/wp-content\/uploads\/2024\/02\/image-23.png ,https:\/\/www.optimal-germany.com\/wp-content\/uploads\/2024\/02\/image-23.png 780w, https:\/\/www.optimal-germany.com\/wp-content\/uploads\/2024\/02\/image-23.png 360w\" sizes=\"auto, (max-width: 480px) 150px\" src=\"https:\/\/www.optimal-germany.com\/wp-content\/uploads\/2024\/02\/image-23.png\" alt=\"\" class=\"uag-image-1653\" width=\"262\" height=\"98\" title=\"\" loading=\"lazy\" role=\"img\"\/><\/a><\/figure><\/div>\n<\/aside>\n\n\n\n<div class=\"wp-block-uagb-container main-content uagb-block-26b8dfe4\">\n<div class=\"wp-block-group shadow has-ast-global-color-5-background-color has-background is-layout-constrained wp-container-core-group-is-layout-a51490eb wp-block-group-is-layout-constrained\" style=\"margin-bottom:0;padding-top:14px;padding-right:30px;padding-bottom:14px;padding-left:30px\">\n<div class=\"wp-block-uagb-container uagb-block-9bc97d1b\">\n<p class=\"has-text-color has-link-color wp-elements-9aebe0cc1f510d8358977f31522446c8\" style=\"color:#777777;margin-top:0;margin-bottom:0;padding-top:0;padding-right:0;padding-bottom:0;padding-left:0;font-size:11px\">Sie sind hier:<\/p>\n\n\n<div class=\"breadcrumbs align  wp-block-bcn-breadcrumb-trail has-text-color has-background\" vocab=\"https:\/\/schema.org\/\" typeof=\"BreadcrumbList\">\n\t<span><\/span>\n\t<span property=\"itemListElement\" typeof=\"ListItem\"><a property=\"item\" typeof=\"WebPage\" title=\"Go to OPTIMAL Automotive GmbH.\" href=\"https:\/\/www.optimal-germany.com\/de\" class=\"home\" aria-current=\"page\"><span property=\"name\">Home<\/span><\/a><meta property=\"position\" content=\"1\"><\/span><\/div>\n<\/div>\n\n\n\n<h1 class=\"wp-block-heading\" style=\"margin-top:var(--wp--preset--spacing--30);margin-bottom:var(--wp--preset--spacing--30)\">PROFIL<\/h1>\n\n\n\n<p>Im Jahr 1991 gegr\u00fcndet, bietet die OPTIMAL Automotive GmbH erfolgreich Ersatzteile f\u00fcr Achse, Bremse, Lenkung, Motor und andere Produkte f\u00fcr Kraftfahrzeuge an. Die Dynamik, mit der unser Unternehmen gewachsen ist, zeigt, dass ein sinnvolles Konzept auf das Vertrauen von Kunden und Lieferanten gesto\u00dfen ist.<\/p>\n\n\n\n<p>Die intensive und offene Zusammenarbeit mit dem Kunden steht im Mittelpunkt unserer Arbeit. Dabei sind die Qualit\u00e4t unserer Produkte und unser hoher Service-Standard der Schl\u00fcssel zur Erzielung der Kundenzufriedenheit. Qualit\u00e4t ist eines unserer obersten Unternehmensziele.<\/p>\n\n\n\n<p>Die OPTIMAL Automotive GmbH versorgt den freien Ersatzteilemarkt mit Teilen, die von international angesiedelten Produktionspartnern, Erstausr\u00fcstern und Qualit\u00e4tslieferanten bezogen werden. Als Unternehmen, das trotz starken Wachstums klar, strukturiert und \u00fcberschaubar geblieben ist, genie\u00dft die OPTIMAL Automotive GmbH den Vorteil gro\u00dfer Flexibilit\u00e4t und hoher Identifikation der Mitarbeiter mit dem Betrieb.<\/p>\n\n\n\n<p>Mit Hilfe modernster Kommunikation und Logistik sowie eines vollautomatischen Lagers werden hohe Lieferbereitschaft und exzellenter Service garantiert. Alle Produkte besitzen eine hohe Qualit\u00e4t und entsprechen den europ\u00e4ischen und internationalen Standards f\u00fcr den Ersatzteilmarkt, wie z.B. der Qualit\u00e4tsnorm ISO 9001:2015.<\/p>\n\n\n\n<div class=\"wp-block-uagb-container uagb-block-f93a7eca\">\n<p><\/p>\n<\/div>\n<\/div>\n<\/div>\n<\/div><\/div>\n\n\n\n<p><\/p>","protected":false},"excerpt":{"rendered":"<p>Profile Profile PROFILE LKQ Europe is Europe&#8217;s leading wholesaler of automotive accessories and spare parts for passenger cars, commercial and industrial vehicles, and workshop equipment. LKQ Europe is the parent company of Stahlgruber GmbH. As a subsidiary of Stahlgruber, OPTIMAL Automotive GmbH, founded in 1991, successfully distributes wheel bearing kits, steering parts, brakes and shock [&hellip;]<\/p>\n","protected":false},"author":1,"featured_media":0,"parent":1697,"menu_order":0,"comment_status":"closed","ping_status":"closed","template":"","meta":{"_uag_custom_page_level_css":"","site-sidebar-layout":"no-sidebar","site-content-layout":"plain-container","ast-site-content-layout":"normal-width-container","site-content-style":"unboxed","site-sidebar-style":"unboxed","ast-global-header-display":"","ast-banner-title-visibility":"","ast-main-header-display":"","ast-hfb-above-header-display":"","ast-hfb-below-header-display":"","ast-hfb-mobile-header-display":"","site-post-title":"disabled","ast-breadcrumbs-content":"","ast-featured-img":"disabled","footer-sml-layout":"","ast-disable-related-posts":"","theme-transparent-header-meta":"disabled","adv-header-id-meta":"","stick-header-meta":"","header-above-stick-meta":"","header-main-stick-meta":"","header-below-stick-meta":"","astra-migrate-meta-layouts":"set","ast-page-background-enabled":"default","ast-page-background-meta":{"desktop":{"background-color":"var(--ast-global-color-4)","background-image":"","background-repeat":"repeat","background-position":"center center","background-size":"auto","background-attachment":"scroll","background-type":"","background-media":"","overlay-type":"","overlay-color":"","overlay-opacity":"","overlay-gradient":""},"tablet":{"background-color":"","background-image":"","background-repeat":"repeat","background-position":"center center","background-size":"auto","background-attachment":"scroll","background-type":"","background-media":"","overlay-type":"","overlay-color":"","overlay-opacity":"","overlay-gradient":""},"mobile":{"background-color":"","background-image":"","background-repeat":"repeat","background-position":"center center","background-size":"auto","background-attachment":"scroll","background-type":"","background-media":"","overlay-type":"","overlay-color":"","overlay-opacity":"","overlay-gradient":""}},"ast-content-background-meta":{"desktop":{"background-color":"var(--ast-global-color-5)","background-image":"","background-repeat":"repeat","background-position":"center center","background-size":"auto","background-attachment":"scroll","background-type":"","background-media":"","overlay-type":"","overlay-color":"","overlay-opacity":"","overlay-gradient":""},"tablet":{"background-color":"var(--ast-global-color-5)","background-image":"","background-repeat":"repeat","background-position":"center center","background-size":"auto","background-attachment":"scroll","background-type":"","background-media":"","overlay-type":"","overlay-color":"","overlay-opacity":"","overlay-gradient":""},"mobile":{"background-color":"var(--ast-global-color-5)","background-image":"","background-repeat":"repeat","background-position":"center center","background-size":"auto","background-attachment":"scroll","background-type":"","background-media":"","overlay-type":"","overlay-color":"","overlay-opacity":"","overlay-gradient":""}},"footnotes":""},"class_list":["post-3536","page","type-page","status-publish","hentry"],"uagb_featured_image_src":{"full":false,"thumbnail":false,"medium":false,"medium_large":false,"large":false,"1536x1536":false,"2048x2048":false,"trp-custom-language-flag":false},"uagb_author_info":{"display_name":"Administrator","author_link":"https:\/\/www.optimal-germany.com\/de\/author\/wpadmino\/"},"uagb_comment_info":0,"uagb_excerpt":"Profile Profile PROFILE LKQ Europe is Europe&#8217;s leading wholesaler of automotive accessories and spare parts for passenger cars, commercial and industrial vehicles, and workshop equipment. LKQ Europe is the parent company of Stahlgruber GmbH. As a subsidiary of Stahlgruber, OPTIMAL Automotive GmbH, founded in 1991, successfully distributes wheel bearing kits, steering parts, brakes and shock&hellip;","_links":{"self":[{"href":"https:\/\/www.optimal-germany.com\/de\/wp-json\/wp\/v2\/pages\/3536","targetHints":{"allow":["GET"]}}],"collection":[{"href":"https:\/\/www.optimal-germany.com\/de\/wp-json\/wp\/v2\/pages"}],"about":[{"href":"https:\/\/www.optimal-germany.com\/de\/wp-json\/wp\/v2\/types\/page"}],"author":[{"embeddable":true,"href":"https:\/\/www.optimal-germany.com\/de\/wp-json\/wp\/v2\/users\/1"}],"replies":[{"embeddable":true,"href":"https:\/\/www.optimal-germany.com\/de\/wp-json\/wp\/v2\/comments?post=3536"}],"version-history":[{"count":2,"href":"https:\/\/www.optimal-germany.com\/de\/wp-json\/wp\/v2\/pages\/3536\/revisions"}],"predecessor-version":[{"id":4987,"href":"https:\/\/www.optimal-germany.com\/de\/wp-json\/wp\/v2\/pages\/3536\/revisions\/4987"}],"up":[{"embeddable":true,"href":"https:\/\/www.optimal-germany.com\/de\/wp-json\/wp\/v2\/pages\/1697"}],"wp:attachment":[{"href":"https:\/\/www.optimal-germany.com\/de\/wp-json\/wp\/v2\/media?parent=3536"}],"curies":[{"name":"wp","href":"https:\/\/api.w.org\/{rel}","templated":true}]}}