{"id":3429,"date":"2024-02-09T11:18:41","date_gmt":"2024-02-09T10:18:41","guid":{"rendered":"https:\/\/srv-www.optimal-germany.com\/?page_id=3429"},"modified":"2024-02-09T11:19:29","modified_gmt":"2024-02-09T10:19:29","slug":"psa-hinterachs-reparatur-optimal-macht-s-moeglich","status":"publish","type":"page","link":"https:\/\/www.optimal-germany.com\/de\/business\/press\/rear-axle-repair-optimal-makes-it-possible\/","title":{"rendered":"rear axle repair optimal makes it possible"},"content":{"rendered":"<div class=\"wp-block-uagb-container page-header-image-container uagb-block-f1ca19c8 alignfull uagb-is-root-container\"><div class=\"uagb-container-inner-blocks-wrap\">\n<figure class=\"wp-block-image aligncenter size-full\"><img loading=\"lazy\" decoding=\"async\" width=\"1140\" height=\"232\" src=\"https:\/\/www.optimal-germany.com\/wp-content\/uploads\/2024\/02\/image-210.png\" alt=\"\" class=\"wp-image-3325\" srcset=\"https:\/\/www.optimal-germany.com\/wp-content\/uploads\/2024\/02\/image-210.png 1140w, https:\/\/www.optimal-germany.com\/wp-content\/uploads\/2024\/02\/image-210-300x61.png 300w, https:\/\/www.optimal-germany.com\/wp-content\/uploads\/2024\/02\/image-210-1024x208.png 1024w, https:\/\/www.optimal-germany.com\/wp-content\/uploads\/2024\/02\/image-210-768x156.png 768w\" sizes=\"auto, (max-width: 1140px) 100vw, 1140px\" \/><\/figure>\n\n\n\n<p class=\"has-text-align-center page-header-image-text-front\"><strong>Presse<\/strong><\/p>\n\n\n\n<p class=\"has-text-align-center page-header-image-text-back\"><strong>Presse<\/strong><\/p>\n<\/div><\/div>\n\n\n\n<div class=\"wp-block-uagb-container uagb-block-5e603625 alignfull uagb-is-root-container\"><div class=\"uagb-container-inner-blocks-wrap\">\n<aside class=\"wp-block-uagb-container side-menu-container uagb-block-9766e0f1\"><nav style=\"font-size:14px;font-style:normal;font-weight:700;text-transform:uppercase;\" class=\"has-background has-ast-global-color-5-background-color  is-vertical side-menu wp-block-navigation is-layout-flex wp-container-core-navigation-is-layout-42e9c677 wp-block-navigation-is-layout-flex\" aria-label=\"Unternehmen\"><ul style=\"font-size:14px;font-style:normal;font-weight:700;text-transform:uppercase;\" class=\"wp-block-navigation__container has-background has-ast-global-color-5-background-color  is-vertical side-menu wp-block-navigation\"><li style=\"font-size: 14px;\" class=\"wp-block-navigation-item wp-block-navigation-link\"><a class=\"wp-block-navigation-item__content\"  href=\"https:\/\/www.optimal-germany.com\/de\/unternehmen\/profil\/\"><span class=\"wp-block-navigation-item__label\">Profil<\/span><\/a><\/li><li style=\"font-size: 14px;\" class=\"wp-block-navigation-item wp-block-navigation-link\"><a class=\"wp-block-navigation-item__content\"  href=\"https:\/\/www.optimal-germany.com\/de\/unternehmen\/marken\/\"><span class=\"wp-block-navigation-item__label\">Marken<\/span><\/a><\/li><li style=\"font-size: 14px;\" class=\"wp-block-navigation-item wp-block-navigation-link\"><a class=\"wp-block-navigation-item__content\"  href=\"https:\/\/www.optimal-germany.com\/de\/unternehmen\/qualitat\/\"><span class=\"wp-block-navigation-item__label\">Qualit\u00e4t<\/span><\/a><\/li><li style=\"font-size: 14px;\" class=\"wp-block-navigation-item wp-block-navigation-link\"><a class=\"wp-block-navigation-item__content\"  href=\"https:\/\/www.optimal-germany.com\/de\/unternehmen\/zertifikate-2\/\"><span class=\"wp-block-navigation-item__label\">Zertifikate<\/span><\/a><\/li><li style=\"font-size: 14px;\" class=\"wp-block-navigation-item wp-block-navigation-link\"><a class=\"wp-block-navigation-item__content\"  href=\"https:\/\/www.optimal-germany.com\/de\/unternehmen\/presse\/\"><span class=\"wp-block-navigation-item__label\">Presse<\/span><\/a><\/li><li style=\"font-size: 14px;\" class=\"wp-block-navigation-item wp-block-navigation-link\"><a class=\"wp-block-navigation-item__content\"  href=\"https:\/\/www.optimal-germany.com\/de\/unternehmen\/messen\/\"><span class=\"wp-block-navigation-item__label\">Messen<\/span><\/a><\/li><li style=\"font-size: 14px;\" class=\"wp-block-navigation-item wp-block-navigation-link\"><a class=\"wp-block-navigation-item__content\"  href=\"https:\/\/www.optimal-germany.com\/de\/unternehmen\/agb\/\"><span class=\"wp-block-navigation-item__label\">Gesch\u00e4ftsbedingungen AGB<\/span><\/a><\/li><li style=\"font-size: 14px;\" class=\"wp-block-navigation-item wp-block-navigation-link\"><a class=\"wp-block-navigation-item__content\"  href=\"https:\/\/www.optimal-germany.com\/de\/unternehmen\/standorte\/\"><span class=\"wp-block-navigation-item__label\">Standorte<\/span><\/a><\/li><li style=\"font-size: 14px;\" class=\"wp-block-navigation-item wp-block-navigation-link\"><a class=\"wp-block-navigation-item__content\"  href=\"https:\/\/www.optimal-germany.com\/de\/unternehmen\/compliance\/\"><span class=\"wp-block-navigation-item__label\">Compliance<\/span><\/a><\/li><\/ul><\/nav>\n\n\n<div class=\"wp-block-uagb-image uagb-block-876d2c63 wp-block-uagb-image--layout-default wp-block-uagb-image--effect-static wp-block-uagb-image--align-none\"><figure class=\"wp-block-uagb-image__figure\"><a class=\"\" href=\"https:\/\/b2b.optimal-germany.com\" target=\"_blank\" rel=\"noreferrer noopener\"><img decoding=\"async\"  sizes=\"auto, (max-width: 480px) 150px\" src=\"https:\/\/www.optimal-germany.com\/wp-content\/uploads\/2024\/02\/image-20.png\" alt=\"B2B Online Shop\" width=\"262\" height=\"97\" title=\"\" loading=\"lazy\" role=\"img\"\/><\/a><\/figure><\/div>\n\n\n\n<div class=\"wp-block-uagb-image uagb-block-c148217a wp-block-uagb-image--layout-default wp-block-uagb-image--effect-static wp-block-uagb-image--align-none\"><figure class=\"wp-block-uagb-image__figure\"><a class=\"\" href=\"https:\/\/www.tecalliance.net\/\" target=\"_blank\" rel=\"noreferrer noopener\"><img decoding=\"async\" srcset=\"https:\/\/www.optimal-germany.com\/wp-content\/uploads\/2024\/02\/image-23.png ,https:\/\/www.optimal-germany.com\/wp-content\/uploads\/2024\/02\/image-23.png 780w, https:\/\/www.optimal-germany.com\/wp-content\/uploads\/2024\/02\/image-23.png 360w\" sizes=\"auto, (max-width: 480px) 150px\" src=\"https:\/\/www.optimal-germany.com\/wp-content\/uploads\/2024\/02\/image-23.png\" alt=\"\" class=\"uag-image-1653\" width=\"262\" height=\"98\" title=\"\" loading=\"lazy\" role=\"img\"\/><\/a><\/figure><\/div>\n<\/aside>\n\n\n\n<div class=\"wp-block-uagb-container main-content uagb-block-26b8dfe4\">\n<div class=\"wp-block-group shadow has-ast-global-color-5-background-color has-background is-layout-constrained wp-container-core-group-is-layout-a51490eb wp-block-group-is-layout-constrained\" style=\"margin-bottom:0;padding-top:14px;padding-right:30px;padding-bottom:14px;padding-left:30px\">\n<div class=\"wp-block-uagb-container uagb-block-9bc97d1b\">\n<p class=\"has-text-color has-link-color wp-elements-9aebe0cc1f510d8358977f31522446c8\" style=\"color:#777777;margin-top:0;margin-bottom:0;padding-top:0;padding-right:0;padding-bottom:0;padding-left:0;font-size:11px\">Sie sind hier:<\/p>\n\n\n<div class=\"breadcrumbs align  wp-block-bcn-breadcrumb-trail has-text-color has-background\" vocab=\"https:\/\/schema.org\/\" typeof=\"BreadcrumbList\">\n\t<span><\/span>\n\t<span property=\"itemListElement\" typeof=\"ListItem\"><a property=\"item\" typeof=\"WebPage\" title=\"Go to OPTIMAL Automotive GmbH.\" href=\"https:\/\/www.optimal-germany.com\/de\" class=\"home\" aria-current=\"page\"><span property=\"name\">Home<\/span><\/a><meta property=\"position\" content=\"1\"><\/span><\/div>\n<\/div>\n\n\n\n<h1 class=\"wp-block-heading\" style=\"margin-top:var(--wp--preset--spacing--30);margin-bottom:var(--wp--preset--spacing--30)\">PRESSE<\/h1>\n\n\n\n<h1 class=\"wp-block-heading\">PSA-HINTERACHS-REPARATUR: OPTIMAL MACHT\u2019S M\u00d6GLICH<\/h1>\n\n\n\n<p>27.04.2016<\/p>\n\n\n\n<figure class=\"wp-block-image size-full\"><img loading=\"lazy\" decoding=\"async\" width=\"650\" height=\"433\" src=\"https:\/\/www.optimal-germany.com\/wp-content\/uploads\/2024\/02\/image-257.png\" alt=\"\" class=\"wp-image-3432\" srcset=\"https:\/\/www.optimal-germany.com\/wp-content\/uploads\/2024\/02\/image-257.png 650w, https:\/\/www.optimal-germany.com\/wp-content\/uploads\/2024\/02\/image-257-300x200.png 300w\" sizes=\"auto, (max-width: 650px) 100vw, 650px\" \/><\/figure>\n\n\n\n<p style=\"margin-top:20px\"><strong>Defekte Hinterachsen kommen bei \u00e4lteren Modellen des PSA-Konzerns einem Totalschaden gleich, denn der herstellerseitig empfohlene Austausch der Hinterachse ist meist zu kostspielig. Doch diese Zeiten geh\u00f6ren jetzt der Vergangenheit an. PSA-Hinterachs-Kits von OPTIMAL machen k\u00fcnftig eine effiziente und kosteng\u00fcnstige Reparatur m\u00f6glich.<\/strong><\/p>\n\n\n\n<p>(Langenbach, M\u00e4rz 2016) Mit den neuen Reparaturkits von OPTIMAL ist jetzt eine sehr kosteng\u00fcnstige und effiziente Reparatur der Hinterachsen von Fahrzeugen der PSA-Gruppe m\u00f6glich. Davon betroffen sind u.a. die Peugeot-Modelle 106, 205, 206, 306, 309 sowie die Citro\u00ebn-Modelle Berlingo, Xsara (Picasso) und Saxo (siehe Tabelle). In Kooperation mit der Firma Paschke Profitec entwickelte die OPTIMAL AG &amp; Co. KG f\u00fcr diese Modelle ein verschlei\u00dffreies und kosteng\u00fcnstiges Werkzeug (Referenz-Nr. WKZ-1111S), mit dessen Hilfe nicht nur der Ausbau der Hinterachse entf\u00e4llt, sondern auch eine einseitige (links\/rechts) Instandsetzung m\u00f6glich ist.<\/p>\n\n\n\n<p><strong>PSA Hinterachs-Reparaturkits von OPTIMAL:<\/strong><\/p>\n\n\n\n<figure class=\"wp-block-table\"><table><tbody><tr><td><strong>Anwendung<\/strong><strong><\/strong><\/td><td><strong>OPTIMAL Referenz-Nr.<\/strong><strong><\/strong><\/td><td><strong>Anmerkung<\/strong><strong><\/strong><\/td><\/tr><tr><td>205, 306, 309, Xsara (Picasso), ZX<\/td><td>G8-272<\/td><td>ohne Werkzeug<\/td><\/tr><tr><td>206 with RA disc brake (Org. 9501\u2192)<\/td><td>G8-277<\/td><td>&nbsp;<\/td><\/tr><tr><td>206 with RA disc brake (\u2192 Org. 9500)<\/td><td>G8-248<\/td><td>&nbsp;<\/td><\/tr><tr><td>206 with RA drum brake<\/td><td>G8-197<\/td><td>&nbsp;<\/td><\/tr><tr><td>405, Partner, Berlingo, Xsara Picasso<\/td><td>G8-276-5017<\/td><td>\u00dcberma\u00dfzapfen<\/td><\/tr><tr><td>405, Partner, Berlingo, Xsara Picasso<\/td><td>G8-276-5020<\/td><td>\u00dcberma\u00dfzapfen<\/td><\/tr><tr><td>106, AX, Saxo without stabilizer<\/td><td>G8-274<\/td><td>&nbsp;<\/td><\/tr><tr><td>106, AX, Saxo with stabilizer<\/td><td>G8-275<\/td><td>&nbsp;<\/td><\/tr><\/tbody><\/table><\/figure>\n\n\n\n<p><strong>Hintergrund:<\/strong><\/p>\n\n\n\n<p>Die genannten Fahrzeugmodelle von Peugeot und Citro\u00ebn wurden lange Zeit mit einer Drehstabfeder-Hinterachse ausgestattet. Das erm\u00f6glichte eine platzsparende Anordnung der Fahrwerkskomponenten. Eine Schwachstelle stellt jedoch die Lagerung der L\u00e4ngslenker dar. Zum einen tritt erh\u00f6hter mechanischer Verschlei\u00df in der Lagerung und auf den Achszapfen auf, zum anderen wird das Dichtungsmaterial hart und spr\u00f6de, wodurch ein Wassereintritt in die Lagerstellen nicht zu verhindern ist. Verschlissene Lager und korrodierte Achszapfen sind die Folge. Durch die defekte Lagerung entstehen Ger\u00e4usche und eine Schiefstellung der Hinterr\u00e4der wird sichtbar, mit gravierenden Folgen f\u00fcr die Verkehrssicherheit des Fahrzeugs.<\/p>\n\n\n\n<p>Eine Reparatur kam in diesem Fall selten in Frage, denn der herstellerseitig empfohlene komplette Austausch der Hinterachse war in der Regel zu kostspielig. Die defekte Hinterachse f\u00fchrte also oft zu einem wirtschaftlichen Totalschaden.<\/p>\n\n\n\n<p><strong>Vorteile des OPTIMAL Reparatursatzes:<\/strong><\/p>\n\n\n\n<ul class=\"wp-block-list\" style=\"margin-bottom:30px\">\n<li>Kosteng\u00fcnstige Fahrzeuginstandsetzung<\/li>\n\n\n\n<li>Ausbau der Hinterachse entf\u00e4llt<\/li>\n\n\n\n<li>Geringe Werkzeugkosten<\/li>\n\n\n\n<li>Einseitige Instandsetzung m\u00f6glich (links\/rechts)<\/li>\n\n\n\n<li>Vollst\u00e4ndiges Kit in einer Verpackung<\/li>\n\n\n\n<li>Montageanleitung mit Link zum Reparaturvideo liegt bei<\/li>\n\n\n\n<li>Montage auch mit anderen Werkzeugen m\u00f6glich<\/li>\n\n\n\n<li>Alle Komponenten sind in vergleichbarer OE-Qualit\u00e4t gefertigt<\/li>\n<\/ul>\n\n\n\n<p><strong>Vorteile des OPTIMAL Werkzeugs:<\/strong><\/p>\n\n\n\n<ul class=\"wp-block-list\" style=\"margin-bottom:30px\">\n<li class=\"translation-block\">F\u00fcr das Ziehen der Achszapfen ist kein Schwei\u00dfen erforderlich<\/li>\n\n\n\n<li>Langes Druckrohr, dadurch gr\u00f6\u00dferer Abstand zum Seitenteil und 360\u00b0 Drehungen m\u00f6glich<\/li>\n\n\n\n<li>Verschlei\u00dffeste Spindel mit metrischem Regelgewinde spart Zeit durch das gr\u00f6\u00dfere \u00dcbersetzungsverh\u00e4ltnis von Kraft und Drehwinkel<\/li>\n\n\n\n<li>Durch das Regelgewinde ergibt sich keine selbsthemmende Wirkung wie beim Feingewinde<\/li>\n\n\n\n<li>Spindel ist mit einem Sechskant ausgestattet, um diese zu kontern<\/li>\n\n\n\n<li>Torsionssteife Spindelmuttern (Triebmutter)<\/li>\n\n\n\n<li>Gekapselte Axiallagereinheit im Druckst\u00fcck, mehr Schutz vor Verschmutzung<\/li>\n\n\n\n<li>Ein durchdachtes Zugverfahren der Zapfen erm\u00f6glicht den Austausch auf einer Fahrzeugseite<\/li>\n\n\n\n<li>Das mechanische Werkzeug ist mit den g\u00e4ngigen hydraulischen Hohlkolbenzylindern adaptierbar (geringerer Kraftaufwand, enorme Zeitersparnis)<\/li>\n<\/ul>\n\n\n\n<p><strong>Wichtiger Hinweis:<\/strong><\/p>\n\n\n\n<p><em>Der Einbau darf nur durch qualifizierte Fachleute erfolgen. Bitte pr\u00fcfen Sie im Vorfeld die Verf\u00fcgbarkeit der Reparaturs\u00e4tze, da die Fahrzeuge bei zerlegter Hinterachse nicht mehr bewegt werden k\u00f6nnen! Die Instandsetzung bzw. der Austausch der Achszapfen darf nur einmal pro Fahrzeugseite durchgef\u00fchrt werden!<\/em><\/p>\n\n\n\n<p><strong>Montageanleitung:<\/strong><\/p>\n\n\n\n<p>Video 1:<\/p>\n\n\n\n<p>Three repair videos can be watched on:<br>PSA-Hinterachsen-Reparatur mit OPTIMAL Reparatur-Kits \u2013 Teil 1: 28 Millimeter<br><a href=\"https:\/\/www.youtube.com\/watch?v=y54S9Q50wK4\">https:\/\/www.youtube.com\/watch?v=y54S9Q50wK4<\/a><\/p>\n\n\n\n<p>Video 2:<\/p>\n\n\n\n<p>PSA-Hinterachsen-Reparatur mit OPTIMAL Reparatur-Kits \u2013 Teil 2: 34 Millimeter<br><a href=\"https:\/\/www.youtube.com\/watch?v=WT-9-cDZqls\">https:\/\/www.youtube.com\/watch?v=WT-9-cDZqls<\/a><\/p>\n\n\n\n<p>Video 3:<\/p>\n\n\n\n<p>PSA-Hinterachsen-Reparatur mit OPTIMAL Reparatur-Kits \u2013 Teil 3: 26 Millimeter<br><a href=\"https:\/\/www.youtube.com\/watch?v=rvim_60wAPw\">https:\/\/www.youtube.com\/watch?v=rvim_60wAPw<\/a><\/p>\n\n\n\n<p>Die&nbsp;<strong>Montageanleitung<\/strong>&nbsp;kann heruntergeladen werden von<br><a href=\"http:\/\/www.optimal-germany-marketing.de\/upload\/OPTIMAL_PSA_rear_axle_repair_en.pdf\">www.optimal-germany-marketing.de\/upload\/OPTIMAL_PSA_rear_axle_repair_en.pdf<\/a><\/p>\n\n\n\n<div class=\"wp-block-uagb-container uagb-block-f93a7eca\">\n<p><\/p>\n<\/div>\n<\/div>\n<\/div>\n<\/div><\/div>","protected":false},"excerpt":{"rendered":"<p>Press Press PRESS REAR AXLE REPAIR: OPTIMAL MAKES IT POSSIBLE 27.04.2016 In the case of older PSA Group models, defective rear axles can mean a total write-off since the manufacturer&#8217;s recommendation to exchange the rear axle is usually too expensive to implement. But this is now a thing of the past. PSA rear axle repair [&hellip;]<\/p>\n","protected":false},"author":1,"featured_media":0,"parent":3323,"menu_order":0,"comment_status":"closed","ping_status":"closed","template":"","meta":{"_uag_custom_page_level_css":".certificate-img {\n\tpadding:\n}","site-sidebar-layout":"no-sidebar","site-content-layout":"plain-container","ast-site-content-layout":"normal-width-container","site-content-style":"unboxed","site-sidebar-style":"unboxed","ast-global-header-display":"","ast-banner-title-visibility":"","ast-main-header-display":"","ast-hfb-above-header-display":"","ast-hfb-below-header-display":"","ast-hfb-mobile-header-display":"","site-post-title":"disabled","ast-breadcrumbs-content":"","ast-featured-img":"disabled","footer-sml-layout":"","ast-disable-related-posts":"","theme-transparent-header-meta":"disabled","adv-header-id-meta":"","stick-header-meta":"","header-above-stick-meta":"","header-main-stick-meta":"","header-below-stick-meta":"","astra-migrate-meta-layouts":"set","ast-page-background-enabled":"default","ast-page-background-meta":{"desktop":{"background-color":"var(--ast-global-color-4)","background-image":"","background-repeat":"repeat","background-position":"center center","background-size":"auto","background-attachment":"scroll","background-type":"","background-media":"","overlay-type":"","overlay-color":"","overlay-opacity":"","overlay-gradient":""},"tablet":{"background-color":"","background-image":"","background-repeat":"repeat","background-position":"center center","background-size":"auto","background-attachment":"scroll","background-type":"","background-media":"","overlay-type":"","overlay-color":"","overlay-opacity":"","overlay-gradient":""},"mobile":{"background-color":"","background-image":"","background-repeat":"repeat","background-position":"center center","background-size":"auto","background-attachment":"scroll","background-type":"","background-media":"","overlay-type":"","overlay-color":"","overlay-opacity":"","overlay-gradient":""}},"ast-content-background-meta":{"desktop":{"background-color":"var(--ast-global-color-5)","background-image":"","background-repeat":"repeat","background-position":"center center","background-size":"auto","background-attachment":"scroll","background-type":"","background-media":"","overlay-type":"","overlay-color":"","overlay-opacity":"","overlay-gradient":""},"tablet":{"background-color":"var(--ast-global-color-5)","background-image":"","background-repeat":"repeat","background-position":"center center","background-size":"auto","background-attachment":"scroll","background-type":"","background-media":"","overlay-type":"","overlay-color":"","overlay-opacity":"","overlay-gradient":""},"mobile":{"background-color":"var(--ast-global-color-5)","background-image":"","background-repeat":"repeat","background-position":"center center","background-size":"auto","background-attachment":"scroll","background-type":"","background-media":"","overlay-type":"","overlay-color":"","overlay-opacity":"","overlay-gradient":""}},"footnotes":""},"class_list":["post-3429","page","type-page","status-publish","hentry"],"uagb_featured_image_src":{"full":false,"thumbnail":false,"medium":false,"medium_large":false,"large":false,"1536x1536":false,"2048x2048":false,"trp-custom-language-flag":false},"uagb_author_info":{"display_name":"Administrator","author_link":"https:\/\/www.optimal-germany.com\/de\/author\/wpadmino\/"},"uagb_comment_info":0,"uagb_excerpt":"Press Press PRESS REAR AXLE REPAIR: OPTIMAL MAKES IT POSSIBLE 27.04.2016 In the case of older PSA Group models, defective rear axles can mean a total write-off since the manufacturer&#8217;s recommendation to exchange the rear axle is usually too expensive to implement. But this is now a thing of the past. PSA rear axle repair&hellip;","_links":{"self":[{"href":"https:\/\/www.optimal-germany.com\/de\/wp-json\/wp\/v2\/pages\/3429","targetHints":{"allow":["GET"]}}],"collection":[{"href":"https:\/\/www.optimal-germany.com\/de\/wp-json\/wp\/v2\/pages"}],"about":[{"href":"https:\/\/www.optimal-germany.com\/de\/wp-json\/wp\/v2\/types\/page"}],"author":[{"embeddable":true,"href":"https:\/\/www.optimal-germany.com\/de\/wp-json\/wp\/v2\/users\/1"}],"replies":[{"embeddable":true,"href":"https:\/\/www.optimal-germany.com\/de\/wp-json\/wp\/v2\/comments?post=3429"}],"version-history":[{"count":4,"href":"https:\/\/www.optimal-germany.com\/de\/wp-json\/wp\/v2\/pages\/3429\/revisions"}],"predecessor-version":[{"id":3434,"href":"https:\/\/www.optimal-germany.com\/de\/wp-json\/wp\/v2\/pages\/3429\/revisions\/3434"}],"up":[{"embeddable":true,"href":"https:\/\/www.optimal-germany.com\/de\/wp-json\/wp\/v2\/pages\/3323"}],"wp:attachment":[{"href":"https:\/\/www.optimal-germany.com\/de\/wp-json\/wp\/v2\/media?parent=3429"}],"curies":[{"name":"wp","href":"https:\/\/api.w.org\/{rel}","templated":true}]}}