{"id":2125,"date":"2024-02-05T20:42:49","date_gmt":"2024-02-05T19:42:49","guid":{"rendered":"https:\/\/srv-www.optimal-germany.com\/?page_id=2125"},"modified":"2024-02-08T16:47:50","modified_gmt":"2024-02-08T15:47:50","slug":"bremstrommeln","status":"publish","type":"page","link":"https:\/\/www.optimal-germany.com\/de\/product-lines\/brake-systems\/brake-drums\/","title":{"rendered":"Bremstrommeln"},"content":{"rendered":"<div class=\"wp-block-uagb-container page-header-image-container uagb-block-f1ca19c8 alignfull uagb-is-root-container\"><div class=\"uagb-container-inner-blocks-wrap\">\n<figure class=\"wp-block-image aligncenter size-full\"><img loading=\"lazy\" decoding=\"async\" width=\"1140\" height=\"232\" src=\"https:\/\/www.optimal-germany.com\/wp-content\/uploads\/2024\/02\/image-60.png\" alt=\"Bremstrommeln\" class=\"wp-image-2127\" title=\"Bremstrommeln\" srcset=\"https:\/\/www.optimal-germany.com\/wp-content\/uploads\/2024\/02\/image-60.png 1140w, https:\/\/www.optimal-germany.com\/wp-content\/uploads\/2024\/02\/image-60-300x61.png 300w, https:\/\/www.optimal-germany.com\/wp-content\/uploads\/2024\/02\/image-60-1024x208.png 1024w, https:\/\/www.optimal-germany.com\/wp-content\/uploads\/2024\/02\/image-60-768x156.png 768w\" sizes=\"auto, (max-width: 1140px) 100vw, 1140px\" \/><\/figure>\n\n\n\n<p class=\"has-text-align-center page-header-image-text-front\"><strong>Bremstrommeln<\/strong><\/p>\n\n\n\n<p class=\"has-text-align-center page-header-image-text-back\"><strong>Bremstrommeln<\/strong><\/p>\n<\/div><\/div>\n\n\n\n<div class=\"wp-block-uagb-container uagb-block-5e603625 alignfull uagb-is-root-container\"><div class=\"uagb-container-inner-blocks-wrap\">\n<aside class=\"wp-block-uagb-container side-menu-container uagb-block-9766e0f1\"><nav style=\"font-size:14px;font-style:normal;font-weight:700;text-transform:uppercase;\" class=\"has-background has-ast-global-color-5-background-color  is-vertical side-menu wp-block-navigation is-layout-flex wp-container-core-navigation-is-layout-42e9c677 wp-block-navigation-is-layout-flex\" aria-label=\"Produktgruppen\"><ul style=\"font-size:14px;font-style:normal;font-weight:700;text-transform:uppercase;\" class=\"wp-block-navigation__container has-background has-ast-global-color-5-background-color  is-vertical side-menu wp-block-navigation\"><li style=\"font-size: 14px;\" class=\"wp-block-navigation-item wp-block-navigation-link\"><a class=\"wp-block-navigation-item__content\"  href=\"https:\/\/www.optimal-germany.com\/de\/produktgruppen-2\/produktgruppen-2\/\"><span class=\"wp-block-navigation-item__label\">Produktgruppen<\/span><\/a><\/li><li style=\"font-size: 14px;\" class=\"wp-block-navigation-item wp-block-navigation-link\"><a class=\"wp-block-navigation-item__content\"  href=\"https:\/\/www.optimal-germany.com\/de\/produktgruppen-2\/radlagersaetze\/\"><span class=\"wp-block-navigation-item__label\">Radlagers\u00e4tze<\/span><\/a><\/li><li style=\"font-size: 14px;\" class=\"wp-block-navigation-item wp-block-navigation-link\"><a class=\"wp-block-navigation-item__content\"  href=\"https:\/\/www.optimal-germany.com\/de\/produktgruppen-2\/radantriebskomponenten\/\"><span class=\"wp-block-navigation-item__label\">Radantriebskomponenten<\/span><\/a><\/li><li style=\"font-size: 14px;\" class=\"wp-block-navigation-item wp-block-navigation-link\"><a class=\"wp-block-navigation-item__content\"  href=\"https:\/\/www.optimal-germany.com\/de\/produktgruppen-2\/abs-sensoren\/\"><span class=\"wp-block-navigation-item__label\">ABS-Sensoren<\/span><\/a><\/li><li data-wp-context=\"{ &quot;submenuOpenedBy&quot;: { &quot;click&quot;: false, &quot;hover&quot;: false, &quot;focus&quot;: false }, &quot;type&quot;: &quot;submenu&quot;, &quot;modal&quot;: null, &quot;previousFocus&quot;: null }\" data-wp-interactive=\"core\/navigation\" data-wp-on--focusout=\"actions.handleMenuFocusout\" data-wp-on--keydown=\"actions.handleMenuKeydown\" data-wp-watch=\"callbacks.initMenu\" tabindex=\"-1\" style=\"font-size: 14px;\" class=\"wp-block-navigation-item has-child open-on-click wp-block-navigation-submenu\"><button data-wp-bind--aria-expanded=\"state.isMenuOpen\" data-wp-on--click=\"actions.toggleMenuOnClick\" aria-label=\"Untermen\u00fc von Steering and suspension\" class=\"wp-block-navigation-item__content wp-block-navigation-submenu__toggle\" ><span class=\"wp-block-navigation-item__label\">Lenkungsteile<\/span><\/button><span class=\"wp-block-navigation__submenu-icon\"><svg xmlns=\"http:\/\/www.w3.org\/2000\/svg\" width=\"12\" height=\"12\" viewbox=\"0 0 12 12\" fill=\"none\" aria-hidden=\"true\" focusable=\"false\"><path d=\"M1.50002 4L6.00002 8L10.5 4\" stroke-width=\"1.5\"><\/path><\/svg><\/span><ul data-wp-on--focus=\"actions.openMenuOnFocus\" class=\"wp-block-navigation__submenu-container wp-block-navigation-submenu\"><li style=\"font-size: 14px;\" class=\"wp-block-navigation-item wp-block-navigation-link\"><a class=\"wp-block-navigation-item__content\"  href=\"https:\/\/www.optimal-germany.com\/de\/produktgruppen-2\/lenkungsteile\/lenkungsteile-2\/\"><span class=\"wp-block-navigation-item__label\">Lenkungsteile<\/span><\/a><\/li><li style=\"font-size: 14px;\" class=\"wp-block-navigation-item wp-block-navigation-link\"><a class=\"wp-block-navigation-item__content\"  href=\"https:\/\/www.optimal-germany.com\/de\/produktgruppen-2\/lenkungsteile\/hydraulikpumpen\/\"><span class=\"wp-block-navigation-item__label\">Hydraulikpumpen<\/span><\/a><\/li><\/ul><\/li><li data-wp-context=\"{ &quot;submenuOpenedBy&quot;: { &quot;click&quot;: false, &quot;hover&quot;: false, &quot;focus&quot;: false }, &quot;type&quot;: &quot;submenu&quot;, &quot;modal&quot;: null, &quot;previousFocus&quot;: null }\" data-wp-interactive=\"core\/navigation\" data-wp-on--focusout=\"actions.handleMenuFocusout\" data-wp-on--keydown=\"actions.handleMenuKeydown\" data-wp-watch=\"callbacks.initMenu\" tabindex=\"-1\" style=\"font-size: 14px;\" class=\"wp-block-navigation-item has-child open-on-click wp-block-navigation-submenu\"><button data-wp-bind--aria-expanded=\"state.isMenuOpen\" data-wp-on--click=\"actions.toggleMenuOnClick\" aria-label=\"Untermen\u00fc von Brake systems\" class=\"wp-block-navigation-item__content wp-block-navigation-submenu__toggle\" ><span class=\"wp-block-navigation-item__label\">Bremssysteme<\/span><\/button><span class=\"wp-block-navigation__submenu-icon\"><svg xmlns=\"http:\/\/www.w3.org\/2000\/svg\" width=\"12\" height=\"12\" viewbox=\"0 0 12 12\" fill=\"none\" aria-hidden=\"true\" focusable=\"false\"><path d=\"M1.50002 4L6.00002 8L10.5 4\" stroke-width=\"1.5\"><\/path><\/svg><\/span><ul data-wp-on--focus=\"actions.openMenuOnFocus\" class=\"wp-block-navigation__submenu-container wp-block-navigation-submenu\"><li style=\"font-size: 14px;\" class=\"wp-block-navigation-item wp-block-navigation-link\"><a class=\"wp-block-navigation-item__content\"  href=\"https:\/\/www.optimal-germany.com\/de\/produktgruppen-2\/bremssysteme\/bremssysteme\/\"><span class=\"wp-block-navigation-item__label\">Bremssysteme<\/span><\/a><\/li><li style=\"font-size: 14px;\" class=\"wp-block-navigation-item wp-block-navigation-link\"><a class=\"wp-block-navigation-item__content\"  href=\"https:\/\/www.optimal-germany.com\/de\/produktgruppen-2\/bremssysteme\/bremsscheiben\/\"><span class=\"wp-block-navigation-item__label\">Bremsscheiben<\/span><\/a><\/li><li style=\"font-size: 14px;\" class=\"wp-block-navigation-item wp-block-navigation-link\"><a class=\"wp-block-navigation-item__content\"  href=\"https:\/\/www.optimal-germany.com\/de\/produktgruppen-2\/bremssysteme\/bremsbelaege\/\"><span class=\"wp-block-navigation-item__label\">Bremsbel\u00e4ge<\/span><\/a><\/li><li style=\"font-size: 14px;\" class=\"wp-block-navigation-item wp-block-navigation-link\"><a class=\"wp-block-navigation-item__content\"  href=\"https:\/\/www.optimal-germany.com\/de\/produktgruppen-2\/bremssysteme\/warnkontakte\/\"><span class=\"wp-block-navigation-item__label\">Warnkontakte<\/span><\/a><\/li><li style=\"font-size: 14px;\" class=\"wp-block-navigation-item wp-block-navigation-link\"><a class=\"wp-block-navigation-item__content\"  href=\"https:\/\/www.optimal-germany.com\/de\/produktgruppen-2\/bremssysteme\/bremssattel\/\"><span class=\"wp-block-navigation-item__label\">Bremss\u00e4ttel<\/span><\/a><\/li><li style=\"font-size: 14px;\" class=\"wp-block-navigation-item wp-block-navigation-link\"><a class=\"wp-block-navigation-item__content\"  href=\"https:\/\/www.optimal-germany.com\/de\/produktgruppen-2\/bremssysteme\/bremstrommeln\/\"><span class=\"wp-block-navigation-item__label\">Bremstrommeln<\/span><\/a><\/li><\/ul><\/li><li data-wp-context=\"{ &quot;submenuOpenedBy&quot;: { &quot;click&quot;: false, &quot;hover&quot;: false, &quot;focus&quot;: false }, &quot;type&quot;: &quot;submenu&quot;, &quot;modal&quot;: null, &quot;previousFocus&quot;: null }\" data-wp-interactive=\"core\/navigation\" data-wp-on--focusout=\"actions.handleMenuFocusout\" data-wp-on--keydown=\"actions.handleMenuKeydown\" data-wp-watch=\"callbacks.initMenu\" tabindex=\"-1\" style=\"font-size: 14px;\" class=\"wp-block-navigation-item has-child open-on-click wp-block-navigation-submenu\"><button data-wp-bind--aria-expanded=\"state.isMenuOpen\" data-wp-on--click=\"actions.toggleMenuOnClick\" aria-label=\"Untermen\u00fc von Shock absorbers\" class=\"wp-block-navigation-item__content wp-block-navigation-submenu__toggle\" ><span class=\"wp-block-navigation-item__label\">Sto\u00dfd\u00e4mpfer<\/span><\/button><span class=\"wp-block-navigation__submenu-icon\"><svg xmlns=\"http:\/\/www.w3.org\/2000\/svg\" width=\"12\" height=\"12\" viewbox=\"0 0 12 12\" fill=\"none\" aria-hidden=\"true\" focusable=\"false\"><path d=\"M1.50002 4L6.00002 8L10.5 4\" stroke-width=\"1.5\"><\/path><\/svg><\/span><ul data-wp-on--focus=\"actions.openMenuOnFocus\" class=\"wp-block-navigation__submenu-container wp-block-navigation-submenu\"><li style=\"font-size: 14px;\" class=\"wp-block-navigation-item wp-block-navigation-link\"><a class=\"wp-block-navigation-item__content\"  href=\"https:\/\/www.optimal-germany.com\/de\/produktgruppen-2\/stossdampfer-2\/stossdampfer-2\/\"><span class=\"wp-block-navigation-item__label\">Sto\u00dfd\u00e4mpfer<\/span><\/a><\/li><li style=\"font-size: 14px;\" class=\"wp-block-navigation-item wp-block-navigation-link\"><a class=\"wp-block-navigation-item__content\"  href=\"https:\/\/www.optimal-germany.com\/de\/produktgruppen-2\/stossdampfer-2\/fahrwerksfedern\/\"><span class=\"wp-block-navigation-item__label\">Fahrwerksfedern<\/span><\/a><\/li><li style=\"font-size: 14px;\" class=\"wp-block-navigation-item wp-block-navigation-link\"><a class=\"wp-block-navigation-item__content\"  href=\"https:\/\/www.optimal-germany.com\/de\/produktgruppen-2\/stossdampfer-2\/gasdruckfeder\/\"><span class=\"wp-block-navigation-item__label\">Gasdruckfeder<\/span><\/a><\/li><\/ul><\/li><li style=\"font-size: 14px;\" class=\"wp-block-navigation-item wp-block-navigation-link\"><a class=\"wp-block-navigation-item__content\"  href=\"https:\/\/www.optimal-germany.com\/de\/produktgruppen-2\/spannrollensatze\/\"><span class=\"wp-block-navigation-item__label\">Spannrollens\u00e4tze<\/span><\/a><\/li><li style=\"font-size: 14px;\" class=\"wp-block-navigation-item wp-block-navigation-link\"><a class=\"wp-block-navigation-item__content\"  href=\"https:\/\/www.optimal-germany.com\/de\/produktgruppen-2\/wasserpumpen\/\"><span class=\"wp-block-navigation-item__label\">Wasserpumpen<\/span><\/a><\/li><li style=\"font-size: 14px;\" class=\"wp-block-navigation-item wp-block-navigation-link\"><a class=\"wp-block-navigation-item__content\"  href=\"https:\/\/www.optimal-germany.com\/de\/produktgruppen-2\/gummimetallteile\/\"><span class=\"wp-block-navigation-item__label\">Gummimetallteile<\/span><\/a><\/li><li style=\"font-size: 14px;\" class=\"wp-block-navigation-item wp-block-navigation-link\"><a class=\"wp-block-navigation-item__content\"  href=\"https:\/\/www.optimal-germany.com\/de\/produktgruppen-2\/radnaben-achszapfen\/\"><span class=\"wp-block-navigation-item__label\">Radnaben \/ Achszapfen<\/span><\/a><\/li><li style=\"font-size: 14px;\" class=\"wp-block-navigation-item wp-block-navigation-link\"><a class=\"wp-block-navigation-item__content\"  href=\"https:\/\/www.optimal-germany.com\/de\/produktgruppen-2\/filter\/\"><span class=\"wp-block-navigation-item__label\">Filter<\/span><\/a><\/li><\/ul><\/nav>\n\n\n<div class=\"wp-block-uagb-image uagb-block-876d2c63 wp-block-uagb-image--layout-default wp-block-uagb-image--effect-static wp-block-uagb-image--align-none\"><figure class=\"wp-block-uagb-image__figure\"><a class=\"\" href=\"https:\/\/b2b.optimal-germany.com\" target=\"_blank\" rel=\"noreferrer noopener\"><img decoding=\"async\"  sizes=\"auto, (max-width: 480px) 150px\" src=\"https:\/\/www.optimal-germany.com\/wp-content\/uploads\/2024\/02\/image-20.png\" alt=\"B2B Online Shop\" width=\"262\" height=\"97\" title=\"\" loading=\"lazy\" role=\"img\"\/><\/a><\/figure><\/div>\n\n\n\n<div class=\"wp-block-uagb-image uagb-block-c148217a wp-block-uagb-image--layout-default wp-block-uagb-image--effect-static wp-block-uagb-image--align-none\"><figure class=\"wp-block-uagb-image__figure\"><a class=\"\" href=\"https:\/\/www.tecalliance.net\/\" target=\"_blank\" rel=\"noreferrer noopener\"><img decoding=\"async\"  sizes=\"auto, (max-width: 480px) 150px\" src=\"https:\/\/www.optimal-germany.com\/wp-content\/uploads\/2024\/02\/image-23.png\" alt=\"\" width=\"262\" height=\"98\" title=\"\" loading=\"lazy\" role=\"img\"\/><\/a><\/figure><\/div>\n<\/aside>\n\n\n\n<div class=\"wp-block-uagb-container main-content uagb-block-26b8dfe4\">\n<div class=\"wp-block-group shadow has-ast-global-color-5-background-color has-background is-layout-constrained wp-container-core-group-is-layout-a51490eb wp-block-group-is-layout-constrained\" style=\"margin-bottom:0;padding-top:14px;padding-right:30px;padding-bottom:14px;padding-left:30px\">\n<div class=\"wp-block-uagb-container uagb-block-9bc97d1b\">\n<p class=\"has-text-color has-link-color wp-elements-9aebe0cc1f510d8358977f31522446c8\" style=\"color:#777777;margin-top:0;margin-bottom:0;padding-top:0;padding-right:0;padding-bottom:0;padding-left:0;font-size:11px\">Sie sind hier:<\/p>\n\n\n<div class=\"breadcrumbs align  wp-block-bcn-breadcrumb-trail has-text-color has-background\" vocab=\"https:\/\/schema.org\/\" typeof=\"BreadcrumbList\">\n\t<span><\/span>\n\t<span property=\"itemListElement\" typeof=\"ListItem\"><a property=\"item\" typeof=\"WebPage\" title=\"Go to OPTIMAL Automotive GmbH.\" href=\"https:\/\/www.optimal-germany.com\/de\" class=\"home\" aria-current=\"page\"><span property=\"name\">Home<\/span><\/a><meta property=\"position\" content=\"1\"><\/span><\/div>\n<\/div>\n\n\n\n<h1 class=\"wp-block-heading\" style=\"margin-top:var(--wp--preset--spacing--30);margin-bottom:var(--wp--preset--spacing--30)\">BREMSTROMMELN<\/h1>\n\n\n\n<figure class=\"wp-block-image alignright size-full\"><img loading=\"lazy\" decoding=\"async\" width=\"400\" height=\"295\" src=\"https:\/\/www.optimal-germany.com\/wp-content\/uploads\/2024\/02\/image-61.png\" alt=\"Bremstrommeln\" class=\"wp-image-2128\" title=\"Bremstrommeln\" srcset=\"https:\/\/www.optimal-germany.com\/wp-content\/uploads\/2024\/02\/image-61.png 400w, https:\/\/www.optimal-germany.com\/wp-content\/uploads\/2024\/02\/image-61-300x221.png 300w\" sizes=\"auto, (max-width: 400px) 100vw, 400px\" \/><\/figure>\n\n\n\n<p>Trommelbremsen kommen nach wie vor in vielen Pkw-Modellen aufgrund ihrer absoluten Zuverl\u00e4ssigkeit, hohen Lebensdauer und relativen G\u00fcnstigkeit zum Einsatz. Daran \u00e4ndert auch der Siegeszug der Bremsscheiben kaum etwas. Sie werden vor allem in den Hinterachsen von Kompakt- und Kleinfahrzeugen verbaut. Das garantiert eine perfekte Arbeitsteilung f\u00fcr die Sicherheit: W\u00e4hrend die Scheibenbremsen an der Vorderachse den Gro\u00dfteil der Bremsarbeit \u00fcbernehmen, sorgen die Trommelbremsen hinten f\u00fcr die Fahrzeugstabilit\u00e4t w\u00e4hrend des Bremsvorgangs.<\/p>\n\n\n\n<p>Bremstrommeln als zentrale und besonders sicherheitsrelevante Bestandteile von Trommelbremsen m\u00fcssen einerseits die R\u00e4der abbremsen und andererseits die dabei entstehende W\u00e4rme aufnehmen und ableiten. Nur so kann im Zusammenwirken mit den Bremsbacken ein sogenanntes Fading vermieden werden, d.h. ein Nachlassen der Bremswirkung bei hohen Temperaturen, die aufgrund der Reibung zwischen Bremstrommel und Bremsbacken entstehen.<\/p>\n\n\n\n<p><strong>Qualit\u00e4ts-Bremstrommeln von OPTIMAL weisen folgende Merkmale auf:<\/strong><\/p>\n\n\n\n<ul class=\"wp-block-list\" style=\"margin-bottom:20px\">\n<li>Verwendung hochwertigster Grauguss-Qualit\u00e4t<\/li>\n\n\n\n<li>H\u00f6chste Formstabilit\u00e4t durch bestm\u00f6gliche Dimensionierung der Bremstrommeln<\/li>\n\n\n\n<li>OPTIMALe Rauigkeit der Reiboberfl\u00e4che<\/li>\n\n\n\n<li>Hohe W\u00e4rmeleitf\u00e4higkeit erm\u00f6glicht absolut langanhaltende, stabile Reibwirkung<\/li>\n\n\n\n<li>Geringste Lagetoleranzen durch h\u00f6chste Passgenauigkeit<\/li>\n<\/ul>\n\n\n\n<h2 class=\"wp-block-heading\"><strong>Sicherheitshinweise:<\/strong><\/h2>\n\n\n\n<p>Bremstrommeln sollten immer paarweise auf einer Achse verbaut werden, um eine gleichm\u00e4\u00dfige Bremskraftwirkung garantieren zu k\u00f6nnen. Zudem d\u00fcrfen Bremstrommeln als besonders sicherheitsrelevante Fahrzeugteile nur von geschultem Fachpersonal eingebaut werden.<\/p>\n\n\n\n<div class=\"wp-block-uagb-container uagb-block-e002bad0 alignfull uagb-is-root-container\"><div class=\"uagb-container-inner-blocks-wrap\">\n<div class=\"alignnormal\"><div id=\"metaslider-id-3075\" style=\"width: 100%; margin: 0 auto;\" class=\"ml-slider-3-107-0 metaslider metaslider-flex metaslider-3075 ml-slider has-carousel-mode ms-theme-default nav-hidden\" role=\"region\" aria-label=\"Bremstrommeln\" data-height=\"100\" data-width=\"150\">\n    <div id=\"metaslider_container_3075\">\n        <div id=\"metaslider_3075\">\n            <ul class='slides'>\n                <li style=\"display: none; width: 100%;\" class=\"slide-3077 ms-image\" aria-roledescription=\"slide\" data-date=\"2024-02-08 16:46:19\" data-filename=\"bt-0460-150x100.png\" data-slide-type=\"image\"><img loading=\"lazy\" decoding=\"async\" src=\"https:\/\/www.optimal-germany.com\/wp-content\/uploads\/2024\/02\/bt-0460-150x100.png\" height=\"100\" width=\"150\" alt=\"\" class=\"slider-3075 slide-3077 msDefaultImage\" title=\"bt-0460\" \/><\/li>\n                <li style=\"display: none; width: 100%;\" class=\"slide-3079 ms-image\" aria-roledescription=\"slide\" data-date=\"2024-02-08 16:46:29\" data-filename=\"bt-2070-150x100.png\" data-slide-type=\"image\"><img loading=\"lazy\" decoding=\"async\" src=\"https:\/\/www.optimal-germany.com\/wp-content\/uploads\/2024\/02\/bt-2070-150x100.png\" height=\"100\" width=\"150\" alt=\"\" class=\"slider-3075 slide-3079 msDefaultImage\" title=\"bt-2070\" \/><\/li>\n                <li style=\"display: none; width: 100%;\" class=\"slide-3081 ms-image\" aria-roledescription=\"slide\" data-date=\"2024-02-08 16:46:38\" data-filename=\"slider-picture_4_bt-2210-150x100.png\" data-slide-type=\"image\"><img loading=\"lazy\" decoding=\"async\" src=\"https:\/\/www.optimal-germany.com\/wp-content\/uploads\/2024\/02\/slider-picture_4_bt-2210-150x100.png\" height=\"100\" width=\"150\" alt=\"\" class=\"slider-3075 slide-3081 msDefaultImage\" title=\"slider-picture_4_bt-2210\" \/><\/li>\n                <li style=\"display: none; width: 100%;\" class=\"slide-3083 ms-image\" aria-roledescription=\"slide\" data-date=\"2024-02-08 16:46:52\" data-filename=\"slider-picture_3_bt-2200-150x100.png\" data-slide-type=\"image\"><img loading=\"lazy\" decoding=\"async\" src=\"https:\/\/www.optimal-germany.com\/wp-content\/uploads\/2024\/02\/slider-picture_3_bt-2200-150x100.png\" height=\"100\" width=\"150\" alt=\"\" class=\"slider-3075 slide-3083 msDefaultImage\" title=\"slider-picture_3_bt-2200\" \/><\/li>\n                <li style=\"display: none; width: 100%;\" class=\"slide-3085 ms-image\" aria-roledescription=\"slide\" data-date=\"2024-02-08 16:47:03\" data-filename=\"slider-picture_2_bt-1840-150x100.png\" data-slide-type=\"image\"><img loading=\"lazy\" decoding=\"async\" src=\"https:\/\/www.optimal-germany.com\/wp-content\/uploads\/2024\/02\/slider-picture_2_bt-1840-150x100.png\" height=\"100\" width=\"150\" alt=\"\" class=\"slider-3075 slide-3085 msDefaultImage\" title=\"slider-picture_2_bt-1840\" \/><\/li>\n                <li style=\"display: none; width: 100%;\" class=\"slide-3087 ms-image\" aria-roledescription=\"slide\" data-date=\"2024-02-08 16:47:13\" data-filename=\"slider-picture_1_bt-18006fef7d8eb89f68e197dcff0000fd826c-150x100.png\" data-slide-type=\"image\"><img loading=\"lazy\" decoding=\"async\" src=\"https:\/\/www.optimal-germany.com\/wp-content\/uploads\/2024\/02\/slider-picture_1_bt-18006fef7d8eb89f68e197dcff0000fd826c-150x100.png\" height=\"100\" width=\"150\" alt=\"\" class=\"slider-3075 slide-3087 msDefaultImage\" title=\"slider-picture_1_bt-18006fef7d8eb89f68e197dcff0000fd826c\" \/><\/li>\n            <\/ul>\n        <\/div>\n        \n    <\/div>\n<\/div><\/div>\n<\/div><\/div>\n\n\n\n<div class=\"wp-block-uagb-container uagb-block-f93a7eca\">\n<p><\/p>\n<\/div>\n<\/div>\n<\/div>\n<\/div><\/div>","protected":false},"excerpt":{"rendered":"<p>Brake drums Brake drums BRAKE DRUMS Drum brakes are still used in many car models due to their absolute reliability, long service life and relative cheapness. The triumphal march of the brake discs hardly changes that. They are mainly installed in the rear axles of compact and small vehicles. This guarantees a perfect division of [&hellip;]<\/p>\n","protected":false},"author":1,"featured_media":0,"parent":2069,"menu_order":0,"comment_status":"closed","ping_status":"closed","template":"","meta":{"_uag_custom_page_level_css":"","site-sidebar-layout":"no-sidebar","site-content-layout":"plain-container","ast-site-content-layout":"normal-width-container","site-content-style":"unboxed","site-sidebar-style":"unboxed","ast-global-header-display":"","ast-banner-title-visibility":"","ast-main-header-display":"","ast-hfb-above-header-display":"","ast-hfb-below-header-display":"","ast-hfb-mobile-header-display":"","site-post-title":"disabled","ast-breadcrumbs-content":"","ast-featured-img":"disabled","footer-sml-layout":"","ast-disable-related-posts":"","theme-transparent-header-meta":"disabled","adv-header-id-meta":"","stick-header-meta":"","header-above-stick-meta":"","header-main-stick-meta":"","header-below-stick-meta":"","astra-migrate-meta-layouts":"set","ast-page-background-enabled":"default","ast-page-background-meta":{"desktop":{"background-color":"var(--ast-global-color-4)","background-image":"","background-repeat":"repeat","background-position":"center center","background-size":"auto","background-attachment":"scroll","background-type":"","background-media":"","overlay-type":"","overlay-color":"","overlay-opacity":"","overlay-gradient":""},"tablet":{"background-color":"","background-image":"","background-repeat":"repeat","background-position":"center center","background-size":"auto","background-attachment":"scroll","background-type":"","background-media":"","overlay-type":"","overlay-color":"","overlay-opacity":"","overlay-gradient":""},"mobile":{"background-color":"","background-image":"","background-repeat":"repeat","background-position":"center center","background-size":"auto","background-attachment":"scroll","background-type":"","background-media":"","overlay-type":"","overlay-color":"","overlay-opacity":"","overlay-gradient":""}},"ast-content-background-meta":{"desktop":{"background-color":"var(--ast-global-color-5)","background-image":"","background-repeat":"repeat","background-position":"center center","background-size":"auto","background-attachment":"scroll","background-type":"","background-media":"","overlay-type":"","overlay-color":"","overlay-opacity":"","overlay-gradient":""},"tablet":{"background-color":"var(--ast-global-color-5)","background-image":"","background-repeat":"repeat","background-position":"center center","background-size":"auto","background-attachment":"scroll","background-type":"","background-media":"","overlay-type":"","overlay-color":"","overlay-opacity":"","overlay-gradient":""},"mobile":{"background-color":"var(--ast-global-color-5)","background-image":"","background-repeat":"repeat","background-position":"center center","background-size":"auto","background-attachment":"scroll","background-type":"","background-media":"","overlay-type":"","overlay-color":"","overlay-opacity":"","overlay-gradient":""}},"footnotes":""},"class_list":["post-2125","page","type-page","status-publish","hentry"],"uagb_featured_image_src":{"full":false,"thumbnail":false,"medium":false,"medium_large":false,"large":false,"1536x1536":false,"2048x2048":false,"trp-custom-language-flag":false},"uagb_author_info":{"display_name":"Administrator","author_link":"https:\/\/www.optimal-germany.com\/de\/author\/wpadmino\/"},"uagb_comment_info":0,"uagb_excerpt":"Brake drums Brake drums BRAKE DRUMS Drum brakes are still used in many car models due to their absolute reliability, long service life and relative cheapness. The triumphal march of the brake discs hardly changes that. They are mainly installed in the rear axles of compact and small vehicles. This guarantees a perfect division of&hellip;","_links":{"self":[{"href":"https:\/\/www.optimal-germany.com\/de\/wp-json\/wp\/v2\/pages\/2125","targetHints":{"allow":["GET"]}}],"collection":[{"href":"https:\/\/www.optimal-germany.com\/de\/wp-json\/wp\/v2\/pages"}],"about":[{"href":"https:\/\/www.optimal-germany.com\/de\/wp-json\/wp\/v2\/types\/page"}],"author":[{"embeddable":true,"href":"https:\/\/www.optimal-germany.com\/de\/wp-json\/wp\/v2\/users\/1"}],"replies":[{"embeddable":true,"href":"https:\/\/www.optimal-germany.com\/de\/wp-json\/wp\/v2\/comments?post=2125"}],"version-history":[{"count":4,"href":"https:\/\/www.optimal-germany.com\/de\/wp-json\/wp\/v2\/pages\/2125\/revisions"}],"predecessor-version":[{"id":3088,"href":"https:\/\/www.optimal-germany.com\/de\/wp-json\/wp\/v2\/pages\/2125\/revisions\/3088"}],"up":[{"embeddable":true,"href":"https:\/\/www.optimal-germany.com\/de\/wp-json\/wp\/v2\/pages\/2069"}],"wp:attachment":[{"href":"https:\/\/www.optimal-germany.com\/de\/wp-json\/wp\/v2\/media?parent=2125"}],"curies":[{"name":"wp","href":"https:\/\/api.w.org\/{rel}","templated":true}]}}