{"id":2079,"date":"2024-02-05T20:10:24","date_gmt":"2024-02-05T19:10:24","guid":{"rendered":"https:\/\/srv-www.optimal-germany.com\/?page_id=2079"},"modified":"2024-02-08T16:35:05","modified_gmt":"2024-02-08T15:35:05","slug":"bremsscheiben","status":"publish","type":"page","link":"https:\/\/www.optimal-germany.com\/de\/product-lines\/brake-systems\/brake-discs\/","title":{"rendered":"Bremsscheiben"},"content":{"rendered":"<div class=\"wp-block-uagb-container page-header-image-container uagb-block-f1ca19c8 alignfull uagb-is-root-container\"><div class=\"uagb-container-inner-blocks-wrap\">\n<figure class=\"wp-block-image aligncenter size-full\"><img loading=\"lazy\" decoding=\"async\" width=\"1140\" height=\"232\" src=\"https:\/\/www.optimal-germany.com\/wp-content\/uploads\/2024\/02\/image-49.png\" alt=\"\" class=\"wp-image-2081\" srcset=\"https:\/\/www.optimal-germany.com\/wp-content\/uploads\/2024\/02\/image-49.png 1140w, https:\/\/www.optimal-germany.com\/wp-content\/uploads\/2024\/02\/image-49-300x61.png 300w, https:\/\/www.optimal-germany.com\/wp-content\/uploads\/2024\/02\/image-49-1024x208.png 1024w, https:\/\/www.optimal-germany.com\/wp-content\/uploads\/2024\/02\/image-49-768x156.png 768w\" sizes=\"auto, (max-width: 1140px) 100vw, 1140px\" \/><\/figure>\n\n\n\n<p class=\"has-text-align-center page-header-image-text-front\"><strong>Bremsscheiben<\/strong><\/p>\n\n\n\n<p class=\"has-text-align-center page-header-image-text-back\"><strong>Bremsscheiben<\/strong><\/p>\n<\/div><\/div>\n\n\n\n<div class=\"wp-block-uagb-container uagb-block-5e603625 alignfull uagb-is-root-container\"><div class=\"uagb-container-inner-blocks-wrap\">\n<aside class=\"wp-block-uagb-container side-menu-container uagb-block-9766e0f1\"><nav style=\"font-size:14px;font-style:normal;font-weight:700;text-transform:uppercase;\" class=\"has-background has-ast-global-color-5-background-color  is-vertical side-menu wp-block-navigation is-layout-flex wp-container-core-navigation-is-layout-42e9c677 wp-block-navigation-is-layout-flex\" aria-label=\"Produktgruppen\"><ul style=\"font-size:14px;font-style:normal;font-weight:700;text-transform:uppercase;\" class=\"wp-block-navigation__container has-background has-ast-global-color-5-background-color  is-vertical side-menu wp-block-navigation\"><li style=\"font-size: 14px;\" class=\"wp-block-navigation-item wp-block-navigation-link\"><a class=\"wp-block-navigation-item__content\"  href=\"https:\/\/www.optimal-germany.com\/de\/produktgruppen-2\/produktgruppen-2\/\"><span class=\"wp-block-navigation-item__label\">Produktgruppen<\/span><\/a><\/li><li style=\"font-size: 14px;\" class=\"wp-block-navigation-item wp-block-navigation-link\"><a class=\"wp-block-navigation-item__content\"  href=\"https:\/\/www.optimal-germany.com\/de\/produktgruppen-2\/radlagersaetze\/\"><span class=\"wp-block-navigation-item__label\">Radlagers\u00e4tze<\/span><\/a><\/li><li style=\"font-size: 14px;\" class=\"wp-block-navigation-item wp-block-navigation-link\"><a class=\"wp-block-navigation-item__content\"  href=\"https:\/\/www.optimal-germany.com\/de\/produktgruppen-2\/radantriebskomponenten\/\"><span class=\"wp-block-navigation-item__label\">Radantriebskomponenten<\/span><\/a><\/li><li style=\"font-size: 14px;\" class=\"wp-block-navigation-item wp-block-navigation-link\"><a class=\"wp-block-navigation-item__content\"  href=\"https:\/\/www.optimal-germany.com\/de\/produktgruppen-2\/abs-sensoren\/\"><span class=\"wp-block-navigation-item__label\">ABS-Sensoren<\/span><\/a><\/li><li data-wp-context=\"{ &quot;submenuOpenedBy&quot;: { &quot;click&quot;: false, &quot;hover&quot;: false, &quot;focus&quot;: false }, &quot;type&quot;: &quot;submenu&quot;, &quot;modal&quot;: null, &quot;previousFocus&quot;: null }\" data-wp-interactive=\"core\/navigation\" data-wp-on--focusout=\"actions.handleMenuFocusout\" data-wp-on--keydown=\"actions.handleMenuKeydown\" data-wp-watch=\"callbacks.initMenu\" tabindex=\"-1\" style=\"font-size: 14px;\" class=\"wp-block-navigation-item has-child open-on-click wp-block-navigation-submenu\"><button data-wp-bind--aria-expanded=\"state.isMenuOpen\" data-wp-on--click=\"actions.toggleMenuOnClick\" aria-label=\"Untermen\u00fc von Steering and suspension\" class=\"wp-block-navigation-item__content wp-block-navigation-submenu__toggle\" ><span class=\"wp-block-navigation-item__label\">Lenkungsteile<\/span><\/button><span class=\"wp-block-navigation__submenu-icon\"><svg xmlns=\"http:\/\/www.w3.org\/2000\/svg\" width=\"12\" height=\"12\" viewbox=\"0 0 12 12\" fill=\"none\" aria-hidden=\"true\" focusable=\"false\"><path d=\"M1.50002 4L6.00002 8L10.5 4\" stroke-width=\"1.5\"><\/path><\/svg><\/span><ul data-wp-on--focus=\"actions.openMenuOnFocus\" class=\"wp-block-navigation__submenu-container wp-block-navigation-submenu\"><li style=\"font-size: 14px;\" class=\"wp-block-navigation-item wp-block-navigation-link\"><a class=\"wp-block-navigation-item__content\"  href=\"https:\/\/www.optimal-germany.com\/de\/produktgruppen-2\/lenkungsteile\/lenkungsteile-2\/\"><span class=\"wp-block-navigation-item__label\">Lenkungsteile<\/span><\/a><\/li><li style=\"font-size: 14px;\" class=\"wp-block-navigation-item wp-block-navigation-link\"><a class=\"wp-block-navigation-item__content\"  href=\"https:\/\/www.optimal-germany.com\/de\/produktgruppen-2\/lenkungsteile\/hydraulikpumpen\/\"><span class=\"wp-block-navigation-item__label\">Hydraulikpumpen<\/span><\/a><\/li><\/ul><\/li><li data-wp-context=\"{ &quot;submenuOpenedBy&quot;: { &quot;click&quot;: false, &quot;hover&quot;: false, &quot;focus&quot;: false }, &quot;type&quot;: &quot;submenu&quot;, &quot;modal&quot;: null, &quot;previousFocus&quot;: null }\" data-wp-interactive=\"core\/navigation\" data-wp-on--focusout=\"actions.handleMenuFocusout\" data-wp-on--keydown=\"actions.handleMenuKeydown\" data-wp-watch=\"callbacks.initMenu\" tabindex=\"-1\" style=\"font-size: 14px;\" class=\"wp-block-navigation-item has-child open-on-click wp-block-navigation-submenu\"><button data-wp-bind--aria-expanded=\"state.isMenuOpen\" data-wp-on--click=\"actions.toggleMenuOnClick\" aria-label=\"Untermen\u00fc von Brake systems\" class=\"wp-block-navigation-item__content wp-block-navigation-submenu__toggle\" ><span class=\"wp-block-navigation-item__label\">Bremssysteme<\/span><\/button><span class=\"wp-block-navigation__submenu-icon\"><svg xmlns=\"http:\/\/www.w3.org\/2000\/svg\" width=\"12\" height=\"12\" viewbox=\"0 0 12 12\" fill=\"none\" aria-hidden=\"true\" focusable=\"false\"><path d=\"M1.50002 4L6.00002 8L10.5 4\" stroke-width=\"1.5\"><\/path><\/svg><\/span><ul data-wp-on--focus=\"actions.openMenuOnFocus\" class=\"wp-block-navigation__submenu-container wp-block-navigation-submenu\"><li style=\"font-size: 14px;\" class=\"wp-block-navigation-item wp-block-navigation-link\"><a class=\"wp-block-navigation-item__content\"  href=\"https:\/\/www.optimal-germany.com\/de\/produktgruppen-2\/bremssysteme\/bremssysteme\/\"><span class=\"wp-block-navigation-item__label\">Bremssysteme<\/span><\/a><\/li><li style=\"font-size: 14px;\" class=\"wp-block-navigation-item wp-block-navigation-link\"><a class=\"wp-block-navigation-item__content\"  href=\"https:\/\/www.optimal-germany.com\/de\/produktgruppen-2\/bremssysteme\/bremsscheiben\/\"><span class=\"wp-block-navigation-item__label\">Bremsscheiben<\/span><\/a><\/li><li style=\"font-size: 14px;\" class=\"wp-block-navigation-item wp-block-navigation-link\"><a class=\"wp-block-navigation-item__content\"  href=\"https:\/\/www.optimal-germany.com\/de\/produktgruppen-2\/bremssysteme\/bremsbelaege\/\"><span class=\"wp-block-navigation-item__label\">Bremsbel\u00e4ge<\/span><\/a><\/li><li style=\"font-size: 14px;\" class=\"wp-block-navigation-item wp-block-navigation-link\"><a class=\"wp-block-navigation-item__content\"  href=\"https:\/\/www.optimal-germany.com\/de\/produktgruppen-2\/bremssysteme\/warnkontakte\/\"><span class=\"wp-block-navigation-item__label\">Warnkontakte<\/span><\/a><\/li><li style=\"font-size: 14px;\" class=\"wp-block-navigation-item wp-block-navigation-link\"><a class=\"wp-block-navigation-item__content\"  href=\"https:\/\/www.optimal-germany.com\/de\/produktgruppen-2\/bremssysteme\/bremssattel\/\"><span class=\"wp-block-navigation-item__label\">Bremss\u00e4ttel<\/span><\/a><\/li><li style=\"font-size: 14px;\" class=\"wp-block-navigation-item wp-block-navigation-link\"><a class=\"wp-block-navigation-item__content\"  href=\"https:\/\/www.optimal-germany.com\/de\/produktgruppen-2\/bremssysteme\/bremstrommeln\/\"><span class=\"wp-block-navigation-item__label\">Bremstrommeln<\/span><\/a><\/li><\/ul><\/li><li data-wp-context=\"{ &quot;submenuOpenedBy&quot;: { &quot;click&quot;: false, &quot;hover&quot;: false, &quot;focus&quot;: false }, &quot;type&quot;: &quot;submenu&quot;, &quot;modal&quot;: null, &quot;previousFocus&quot;: null }\" data-wp-interactive=\"core\/navigation\" data-wp-on--focusout=\"actions.handleMenuFocusout\" data-wp-on--keydown=\"actions.handleMenuKeydown\" data-wp-watch=\"callbacks.initMenu\" tabindex=\"-1\" style=\"font-size: 14px;\" class=\"wp-block-navigation-item has-child open-on-click wp-block-navigation-submenu\"><button data-wp-bind--aria-expanded=\"state.isMenuOpen\" data-wp-on--click=\"actions.toggleMenuOnClick\" aria-label=\"Untermen\u00fc von Shock absorbers\" class=\"wp-block-navigation-item__content wp-block-navigation-submenu__toggle\" ><span class=\"wp-block-navigation-item__label\">Sto\u00dfd\u00e4mpfer<\/span><\/button><span class=\"wp-block-navigation__submenu-icon\"><svg xmlns=\"http:\/\/www.w3.org\/2000\/svg\" width=\"12\" height=\"12\" viewbox=\"0 0 12 12\" fill=\"none\" aria-hidden=\"true\" focusable=\"false\"><path d=\"M1.50002 4L6.00002 8L10.5 4\" stroke-width=\"1.5\"><\/path><\/svg><\/span><ul data-wp-on--focus=\"actions.openMenuOnFocus\" class=\"wp-block-navigation__submenu-container wp-block-navigation-submenu\"><li style=\"font-size: 14px;\" class=\"wp-block-navigation-item wp-block-navigation-link\"><a class=\"wp-block-navigation-item__content\"  href=\"https:\/\/www.optimal-germany.com\/de\/produktgruppen-2\/stossdampfer-2\/stossdampfer-2\/\"><span class=\"wp-block-navigation-item__label\">Sto\u00dfd\u00e4mpfer<\/span><\/a><\/li><li style=\"font-size: 14px;\" class=\"wp-block-navigation-item wp-block-navigation-link\"><a class=\"wp-block-navigation-item__content\"  href=\"https:\/\/www.optimal-germany.com\/de\/produktgruppen-2\/stossdampfer-2\/fahrwerksfedern\/\"><span class=\"wp-block-navigation-item__label\">Fahrwerksfedern<\/span><\/a><\/li><li style=\"font-size: 14px;\" class=\"wp-block-navigation-item wp-block-navigation-link\"><a class=\"wp-block-navigation-item__content\"  href=\"https:\/\/www.optimal-germany.com\/de\/produktgruppen-2\/stossdampfer-2\/gasdruckfeder\/\"><span class=\"wp-block-navigation-item__label\">Gasdruckfeder<\/span><\/a><\/li><\/ul><\/li><li style=\"font-size: 14px;\" class=\"wp-block-navigation-item wp-block-navigation-link\"><a class=\"wp-block-navigation-item__content\"  href=\"https:\/\/www.optimal-germany.com\/de\/produktgruppen-2\/spannrollensatze\/\"><span class=\"wp-block-navigation-item__label\">Spannrollens\u00e4tze<\/span><\/a><\/li><li style=\"font-size: 14px;\" class=\"wp-block-navigation-item wp-block-navigation-link\"><a class=\"wp-block-navigation-item__content\"  href=\"https:\/\/www.optimal-germany.com\/de\/produktgruppen-2\/wasserpumpen\/\"><span class=\"wp-block-navigation-item__label\">Wasserpumpen<\/span><\/a><\/li><li style=\"font-size: 14px;\" class=\"wp-block-navigation-item wp-block-navigation-link\"><a class=\"wp-block-navigation-item__content\"  href=\"https:\/\/www.optimal-germany.com\/de\/produktgruppen-2\/gummimetallteile\/\"><span class=\"wp-block-navigation-item__label\">Gummimetallteile<\/span><\/a><\/li><li style=\"font-size: 14px;\" class=\"wp-block-navigation-item wp-block-navigation-link\"><a class=\"wp-block-navigation-item__content\"  href=\"https:\/\/www.optimal-germany.com\/de\/produktgruppen-2\/radnaben-achszapfen\/\"><span class=\"wp-block-navigation-item__label\">Radnaben \/ Achszapfen<\/span><\/a><\/li><li style=\"font-size: 14px;\" class=\"wp-block-navigation-item wp-block-navigation-link\"><a class=\"wp-block-navigation-item__content\"  href=\"https:\/\/www.optimal-germany.com\/de\/produktgruppen-2\/filter\/\"><span class=\"wp-block-navigation-item__label\">Filter<\/span><\/a><\/li><\/ul><\/nav>\n\n\n<div class=\"wp-block-uagb-image uagb-block-876d2c63 wp-block-uagb-image--layout-default wp-block-uagb-image--effect-static wp-block-uagb-image--align-none\"><figure class=\"wp-block-uagb-image__figure\"><a class=\"\" href=\"https:\/\/b2b.optimal-germany.com\" target=\"_blank\" rel=\"noreferrer noopener\"><img decoding=\"async\"  sizes=\"auto, (max-width: 480px) 150px\" src=\"https:\/\/www.optimal-germany.com\/wp-content\/uploads\/2024\/02\/image-20.png\" alt=\"B2B Online Shop\" width=\"262\" height=\"97\" title=\"\" loading=\"lazy\" role=\"img\"\/><\/a><\/figure><\/div>\n\n\n\n<div class=\"wp-block-uagb-image uagb-block-c148217a wp-block-uagb-image--layout-default wp-block-uagb-image--effect-static wp-block-uagb-image--align-none\"><figure class=\"wp-block-uagb-image__figure\"><a class=\"\" href=\"https:\/\/www.tecalliance.net\/\" target=\"_blank\" rel=\"noreferrer noopener\"><img decoding=\"async\"  sizes=\"auto, (max-width: 480px) 150px\" src=\"https:\/\/www.optimal-germany.com\/wp-content\/uploads\/2024\/02\/image-23.png\" alt=\"\" width=\"262\" height=\"98\" title=\"\" loading=\"lazy\" role=\"img\"\/><\/a><\/figure><\/div>\n<\/aside>\n\n\n\n<div class=\"wp-block-uagb-container main-content uagb-block-26b8dfe4\">\n<div class=\"wp-block-group shadow has-ast-global-color-5-background-color has-background is-layout-constrained wp-container-core-group-is-layout-a51490eb wp-block-group-is-layout-constrained\" style=\"margin-bottom:0;padding-top:14px;padding-right:30px;padding-bottom:14px;padding-left:30px\">\n<div class=\"wp-block-uagb-container uagb-block-9bc97d1b\">\n<p class=\"has-text-color has-link-color wp-elements-9aebe0cc1f510d8358977f31522446c8\" style=\"color:#777777;margin-top:0;margin-bottom:0;padding-top:0;padding-right:0;padding-bottom:0;padding-left:0;font-size:11px\">Sie sind hier:<\/p>\n\n\n<div class=\"breadcrumbs align  wp-block-bcn-breadcrumb-trail has-text-color has-background\" vocab=\"https:\/\/schema.org\/\" typeof=\"BreadcrumbList\">\n\t<span><\/span>\n\t<span property=\"itemListElement\" typeof=\"ListItem\"><a property=\"item\" typeof=\"WebPage\" title=\"Go to OPTIMAL Automotive GmbH.\" href=\"https:\/\/www.optimal-germany.com\/de\" class=\"home\" aria-current=\"page\"><span property=\"name\">Home<\/span><\/a><meta property=\"position\" content=\"1\"><\/span><\/div>\n<\/div>\n\n\n\n<h1 class=\"wp-block-heading\" style=\"margin-top:var(--wp--preset--spacing--30);margin-bottom:var(--wp--preset--spacing--30)\">BREMSSCHEIBEN<\/h1>\n\n\n\n<figure class=\"wp-block-image alignright size-full\"><img loading=\"lazy\" decoding=\"async\" width=\"400\" height=\"200\" src=\"https:\/\/www.optimal-germany.com\/wp-content\/uploads\/2024\/02\/image-50.png\" alt=\"Bremsscheiben\" class=\"wp-image-2082\" title=\"Bremsscheiben\" srcset=\"https:\/\/www.optimal-germany.com\/wp-content\/uploads\/2024\/02\/image-50.png 400w, https:\/\/www.optimal-germany.com\/wp-content\/uploads\/2024\/02\/image-50-300x150.png 300w\" sizes=\"auto, (max-width: 400px) 100vw, 400px\" \/><\/figure>\n\n\n\n<p>Bremsscheiben von OPTIMAL bestechen aufgrund ihres einfachen Handlings und ihrer optimalen Sicherheit. Aktuell beinhaltet das Bremsenprogramm von OPTIMAL ausschlie\u00dflich beschichtete Bremsscheiben in den folgenden Ausf\u00fchrungen:<\/p>\n\n\n\n<h3 class=\"wp-block-heading\" style=\"margin-top:20px;margin-bottom:20px;font-size:18px;font-style:normal;font-weight:500\">Beschichtete Bremsscheiben<\/h3>\n\n\n\n<p>Beschichtete Bremsscheiben von OPTIMAL besitzen eine hochtemperaturfeste Beschichtung, die einen zuverl\u00e4ssigen Korrosionsschutz bietet. Doch damit nicht genug, denn beschichtete Bremsscheiben von OPTIMAL gl\u00e4nzen nicht nur aufgrund ihres einfachen Handlings und schnellerer Montage (beschichtete Bremsscheiben m\u00fcssen vor dem Einbau nicht entfettet werden), sondern passen auch optisch perfekt zu Alufelgen. F\u00fcr die schnelle Teileidentifikation sind sie anhand der Bezeichnung \u201eBS\u201c, einer vierstelligen Nummer und einem \u201eC\u201c in der Artikelnummer eindeutig zu erkennen (beispielsweise BS-8474C).<\/p>\n\n\n\n<h3 class=\"wp-block-heading\" style=\"margin-top:20px;margin-bottom:20px;font-size:18px;font-style:normal;font-weight:500\">High Carbon-Bremsscheiben<\/h3>\n\n\n\n<p>Zus\u00e4tzlich zur breiten Palette beschichteter Bremsscheiben bietet OPTIMAL k\u00fcnftig \u00fcber 300 High Carbon-Bremsscheiben an. Diese zus\u00e4tzlich hochgekohlten und beschichteten Bremsscheiben weisen einen h\u00f6heren Kohlenstoff-Anteil auf. Aufgrund der insgesamt h\u00f6heren Temperaturbelastbarkeit sind High Carbon-Scheiben zus\u00e4tzlich resistenter gegen\u00fcber Verformungen und f\u00fchren zu weniger \u201eBremsrubbeln\u201c. High Carbon-Bremsscheiben von OPTIMAL bieten ein optimales, vibrationsfreies und sicheres Bremsen. Sie sind an der Endung \u201eHC\u201c \u2013 f\u00fcr \u201eHigh Carbon\u201c \u2013 der Artikelnummer eindeutig zu erkennen (beispielsweise BS-8474HC).<\/p>\n\n\n\n<h3 class=\"wp-block-heading\" style=\"margin-top:20px;margin-bottom:20px;font-size:18px;font-style:normal;font-weight:500\">Zweiteilige BMW-Bremsscheiben<\/h3>\n\n\n\n<p>Ein entscheidender Vorteil von zweiteiligen Bremsscheiben ist, dass sie ein geringeres Gewicht aufweisen als einteilige Bremsscheiben, da der Tr\u00e4gerkopf aus Aluminium gefertigt ist. Fahrer von Fahrzeugen mit serienm\u00e4\u00dfig eingebauten zweiteiligen Bremsscheiben m\u00fcssen daher nicht auf ihren Fahrspa\u00df verzichten, denn die hochgekohlten und beschichteten zweiteiligen Bremsscheiben von OPTIMAL erm\u00f6glichen aufgrund ihrer geringeren Masse gegen\u00fcber einteiligen Bremsscheiben ein OPTIMALes Handling. Sie sind ebenfalls an der Endung \u201eHC\u201c f\u00fcr \u201eHigh Carbon\u201c zu erkennen sowie am Zusatz \u201ezweiteilig\u201c in den elektronischen Katalogen wie zum Beispiel in TecDoc.<\/p>\n\n\n\n<div class=\"wp-block-uagb-container uagb-block-0e9193f1 alignfull uagb-is-root-container\"><div class=\"uagb-container-inner-blocks-wrap\">\n<div class=\"alignnormal\"><div id=\"metaslider-id-3009\" style=\"width: 100%; margin: 0 auto;\" class=\"ml-slider-3-107-0 metaslider metaslider-flex metaslider-3009 ml-slider has-carousel-mode ms-theme-default nav-hidden\" role=\"region\" aria-label=\"Bremsscheiben\" data-height=\"100\" data-width=\"150\">\n    <div id=\"metaslider_container_3009\">\n        <div id=\"metaslider_3009\">\n            <ul class='slides'>\n                <li style=\"display: none; width: 100%;\" class=\"slide-3011 ms-image\" aria-roledescription=\"slide\" data-date=\"2024-02-08 16:33:02\" data-filename=\"2a-slider-bs-8794c-150x100.png\" data-slide-type=\"image\"><img loading=\"lazy\" decoding=\"async\" src=\"https:\/\/www.optimal-germany.com\/wp-content\/uploads\/2024\/02\/2a-slider-bs-8794c-150x100.png\" height=\"100\" width=\"150\" alt=\"\" class=\"slider-3009 slide-3011 msDefaultImage\" title=\"2a-slider-bs-8794c\" \/><\/li>\n                <li style=\"display: none; width: 100%;\" class=\"slide-3013 ms-image\" aria-roledescription=\"slide\" data-date=\"2024-02-08 16:33:09\" data-filename=\"2b-slider-bs-9172c-1-150x100.png\" data-slide-type=\"image\"><img loading=\"lazy\" decoding=\"async\" src=\"https:\/\/www.optimal-germany.com\/wp-content\/uploads\/2024\/02\/2b-slider-bs-9172c-1-150x100.png\" height=\"100\" width=\"150\" alt=\"\" class=\"slider-3009 slide-3013 msDefaultImage\" title=\"2b-slider-bs-9172c\" \/><\/li>\n                <li style=\"display: none; width: 100%;\" class=\"slide-3015 ms-image\" aria-roledescription=\"slide\" data-date=\"2024-02-08 16:33:19\" data-filename=\"2c-slider-bs-8896hc-1-150x100.png\" data-slide-type=\"image\"><img loading=\"lazy\" decoding=\"async\" src=\"https:\/\/www.optimal-germany.com\/wp-content\/uploads\/2024\/02\/2c-slider-bs-8896hc-1-150x100.png\" height=\"100\" width=\"150\" alt=\"\" class=\"slider-3009 slide-3015 msDefaultImage\" title=\"2c-slider-bs-8896hc\" \/><\/li>\n                <li style=\"display: none; width: 100%;\" class=\"slide-3017 ms-image\" aria-roledescription=\"slide\" data-date=\"2024-02-08 16:33:27\" data-filename=\"2d-slider-702976bs5-150x100.png\" data-slide-type=\"image\"><img loading=\"lazy\" decoding=\"async\" src=\"https:\/\/www.optimal-germany.com\/wp-content\/uploads\/2024\/02\/2d-slider-702976bs5-150x100.png\" height=\"100\" width=\"150\" alt=\"\" class=\"slider-3009 slide-3017 msDefaultImage\" title=\"2d-slider-702976bs5\" \/><\/li>\n                <li style=\"display: none; width: 100%;\" class=\"slide-3019 ms-image\" aria-roledescription=\"slide\" data-date=\"2024-02-08 16:33:40\" data-filename=\"2e-slider-bs-9284hc-150x100.png\" data-slide-type=\"image\"><img loading=\"lazy\" decoding=\"async\" src=\"https:\/\/www.optimal-germany.com\/wp-content\/uploads\/2024\/02\/2e-slider-bs-9284hc-150x100.png\" height=\"100\" width=\"150\" alt=\"\" class=\"slider-3009 slide-3019 msDefaultImage\" title=\"2e-slider-bs-9284hc\" \/><\/li>\n                <li style=\"display: none; width: 100%;\" class=\"slide-3021 ms-image\" aria-roledescription=\"slide\" data-date=\"2024-02-08 16:33:50\" data-filename=\"2f-slider-bs-9308hc-150x100.png\" data-slide-type=\"image\"><img loading=\"lazy\" decoding=\"async\" src=\"https:\/\/www.optimal-germany.com\/wp-content\/uploads\/2024\/02\/2f-slider-bs-9308hc-150x100.png\" height=\"100\" width=\"150\" alt=\"\" class=\"slider-3009 slide-3021 msDefaultImage\" title=\"2f-slider-bs-9308hc\" \/><\/li>\n            <\/ul>\n        <\/div>\n        \n    <\/div>\n<\/div><\/div>\n<\/div><\/div>\n\n\n\n<div class=\"wp-block-uagb-container uagb-block-f93a7eca\">\n<p><\/p>\n<\/div>\n<\/div>\n<\/div>\n<\/div><\/div>","protected":false},"excerpt":{"rendered":"<p>Brake discs Brake discs BRAKE DISCS Brake discs from OPTIMAL are noted for their easy handling and optimum safety. The OPTIMAL brake range currently only includes coated brake discs in the following versions: Coated brake discs Coated brake discs from OPTIMAL uses a high-temperature resistant coating that provides reliable corrosion protection. But that&#8217;s not all, [&hellip;]<\/p>\n","protected":false},"author":1,"featured_media":0,"parent":2069,"menu_order":0,"comment_status":"closed","ping_status":"closed","template":"","meta":{"_uag_custom_page_level_css":"","site-sidebar-layout":"no-sidebar","site-content-layout":"plain-container","ast-site-content-layout":"normal-width-container","site-content-style":"unboxed","site-sidebar-style":"unboxed","ast-global-header-display":"","ast-banner-title-visibility":"","ast-main-header-display":"","ast-hfb-above-header-display":"","ast-hfb-below-header-display":"","ast-hfb-mobile-header-display":"","site-post-title":"disabled","ast-breadcrumbs-content":"","ast-featured-img":"disabled","footer-sml-layout":"","ast-disable-related-posts":"","theme-transparent-header-meta":"disabled","adv-header-id-meta":"","stick-header-meta":"","header-above-stick-meta":"","header-main-stick-meta":"","header-below-stick-meta":"","astra-migrate-meta-layouts":"set","ast-page-background-enabled":"default","ast-page-background-meta":{"desktop":{"background-color":"var(--ast-global-color-4)","background-image":"","background-repeat":"repeat","background-position":"center center","background-size":"auto","background-attachment":"scroll","background-type":"","background-media":"","overlay-type":"","overlay-color":"","overlay-opacity":"","overlay-gradient":""},"tablet":{"background-color":"","background-image":"","background-repeat":"repeat","background-position":"center center","background-size":"auto","background-attachment":"scroll","background-type":"","background-media":"","overlay-type":"","overlay-color":"","overlay-opacity":"","overlay-gradient":""},"mobile":{"background-color":"","background-image":"","background-repeat":"repeat","background-position":"center center","background-size":"auto","background-attachment":"scroll","background-type":"","background-media":"","overlay-type":"","overlay-color":"","overlay-opacity":"","overlay-gradient":""}},"ast-content-background-meta":{"desktop":{"background-color":"var(--ast-global-color-5)","background-image":"","background-repeat":"repeat","background-position":"center center","background-size":"auto","background-attachment":"scroll","background-type":"","background-media":"","overlay-type":"","overlay-color":"","overlay-opacity":"","overlay-gradient":""},"tablet":{"background-color":"var(--ast-global-color-5)","background-image":"","background-repeat":"repeat","background-position":"center center","background-size":"auto","background-attachment":"scroll","background-type":"","background-media":"","overlay-type":"","overlay-color":"","overlay-opacity":"","overlay-gradient":""},"mobile":{"background-color":"var(--ast-global-color-5)","background-image":"","background-repeat":"repeat","background-position":"center center","background-size":"auto","background-attachment":"scroll","background-type":"","background-media":"","overlay-type":"","overlay-color":"","overlay-opacity":"","overlay-gradient":""}},"footnotes":""},"class_list":["post-2079","page","type-page","status-publish","hentry"],"uagb_featured_image_src":{"full":false,"thumbnail":false,"medium":false,"medium_large":false,"large":false,"1536x1536":false,"2048x2048":false,"trp-custom-language-flag":false},"uagb_author_info":{"display_name":"Administrator","author_link":"https:\/\/www.optimal-germany.com\/de\/author\/wpadmino\/"},"uagb_comment_info":0,"uagb_excerpt":"Brake discs Brake discs BRAKE DISCS Brake discs from OPTIMAL are noted for their easy handling and optimum safety. The OPTIMAL brake range currently only includes coated brake discs in the following versions: Coated brake discs Coated brake discs from OPTIMAL uses a high-temperature resistant coating that provides reliable corrosion protection. But that&#8217;s not all,&hellip;","_links":{"self":[{"href":"https:\/\/www.optimal-germany.com\/de\/wp-json\/wp\/v2\/pages\/2079","targetHints":{"allow":["GET"]}}],"collection":[{"href":"https:\/\/www.optimal-germany.com\/de\/wp-json\/wp\/v2\/pages"}],"about":[{"href":"https:\/\/www.optimal-germany.com\/de\/wp-json\/wp\/v2\/types\/page"}],"author":[{"embeddable":true,"href":"https:\/\/www.optimal-germany.com\/de\/wp-json\/wp\/v2\/users\/1"}],"replies":[{"embeddable":true,"href":"https:\/\/www.optimal-germany.com\/de\/wp-json\/wp\/v2\/comments?post=2079"}],"version-history":[{"count":9,"href":"https:\/\/www.optimal-germany.com\/de\/wp-json\/wp\/v2\/pages\/2079\/revisions"}],"predecessor-version":[{"id":3022,"href":"https:\/\/www.optimal-germany.com\/de\/wp-json\/wp\/v2\/pages\/2079\/revisions\/3022"}],"up":[{"embeddable":true,"href":"https:\/\/www.optimal-germany.com\/de\/wp-json\/wp\/v2\/pages\/2069"}],"wp:attachment":[{"href":"https:\/\/www.optimal-germany.com\/de\/wp-json\/wp\/v2\/media?parent=2079"}],"curies":[{"name":"wp","href":"https:\/\/api.w.org\/{rel}","templated":true}]}}