{"id":2062,"date":"2024-02-05T19:59:20","date_gmt":"2024-02-05T18:59:20","guid":{"rendered":"https:\/\/srv-www.optimal-germany.com\/?page_id=2062"},"modified":"2024-03-06T13:21:15","modified_gmt":"2024-03-06T12:21:15","slug":"hydraulikpumpen","status":"publish","type":"page","link":"https:\/\/www.optimal-germany.com\/de\/product-lines\/steering-and-suspension\/hydraulic-pumps\/","title":{"rendered":"Hydraulikpumpen"},"content":{"rendered":"<div class=\"wp-block-uagb-container page-header-image-container uagb-block-f1ca19c8 alignfull uagb-is-root-container\"><div class=\"uagb-container-inner-blocks-wrap\">\n<figure class=\"wp-block-image aligncenter size-full\"><img loading=\"lazy\" decoding=\"async\" width=\"1140\" height=\"232\" src=\"https:\/\/www.optimal-germany.com\/wp-content\/uploads\/2024\/02\/image-45.png\" alt=\"Hydraulikpumpen\" class=\"wp-image-2064\" title=\"Hydraulikpumpen\" srcset=\"https:\/\/www.optimal-germany.com\/wp-content\/uploads\/2024\/02\/image-45.png 1140w, https:\/\/www.optimal-germany.com\/wp-content\/uploads\/2024\/02\/image-45-300x61.png 300w, https:\/\/www.optimal-germany.com\/wp-content\/uploads\/2024\/02\/image-45-1024x208.png 1024w, https:\/\/www.optimal-germany.com\/wp-content\/uploads\/2024\/02\/image-45-768x156.png 768w\" sizes=\"auto, (max-width: 1140px) 100vw, 1140px\" \/><\/figure>\n\n\n\n<p class=\"has-text-align-center page-header-image-text-front\"><strong>Hydraulikpumpen<\/strong><\/p>\n\n\n\n<p class=\"has-text-align-center page-header-image-text-back\"><strong>Hydraulikpumpen<\/strong><\/p>\n<\/div><\/div>\n\n\n\n<div class=\"wp-block-uagb-container uagb-block-5e603625 alignfull uagb-is-root-container\"><div class=\"uagb-container-inner-blocks-wrap\">\n<aside class=\"wp-block-uagb-container side-menu-container uagb-block-9766e0f1\"><nav style=\"font-size:14px;font-style:normal;font-weight:700;text-transform:uppercase;\" class=\"has-background has-ast-global-color-5-background-color  is-vertical side-menu wp-block-navigation is-layout-flex wp-container-core-navigation-is-layout-42e9c677 wp-block-navigation-is-layout-flex\" aria-label=\"Produktgruppen\"><ul style=\"font-size:14px;font-style:normal;font-weight:700;text-transform:uppercase;\" class=\"wp-block-navigation__container has-background has-ast-global-color-5-background-color  is-vertical side-menu wp-block-navigation\"><li style=\"font-size: 14px;\" class=\"wp-block-navigation-item wp-block-navigation-link\"><a class=\"wp-block-navigation-item__content\"  href=\"https:\/\/www.optimal-germany.com\/de\/produktgruppen-2\/produktgruppen-2\/\"><span class=\"wp-block-navigation-item__label\">Produktgruppen<\/span><\/a><\/li><li style=\"font-size: 14px;\" class=\"wp-block-navigation-item wp-block-navigation-link\"><a class=\"wp-block-navigation-item__content\"  href=\"https:\/\/www.optimal-germany.com\/de\/produktgruppen-2\/radlagersaetze\/\"><span class=\"wp-block-navigation-item__label\">Radlagers\u00e4tze<\/span><\/a><\/li><li style=\"font-size: 14px;\" class=\"wp-block-navigation-item wp-block-navigation-link\"><a class=\"wp-block-navigation-item__content\"  href=\"https:\/\/www.optimal-germany.com\/de\/produktgruppen-2\/radantriebskomponenten\/\"><span class=\"wp-block-navigation-item__label\">Radantriebskomponenten<\/span><\/a><\/li><li style=\"font-size: 14px;\" class=\"wp-block-navigation-item wp-block-navigation-link\"><a class=\"wp-block-navigation-item__content\"  href=\"https:\/\/www.optimal-germany.com\/de\/produktgruppen-2\/abs-sensoren\/\"><span class=\"wp-block-navigation-item__label\">ABS-Sensoren<\/span><\/a><\/li><li data-wp-context=\"{ &quot;submenuOpenedBy&quot;: { &quot;click&quot;: false, &quot;hover&quot;: false, &quot;focus&quot;: false }, &quot;type&quot;: &quot;submenu&quot;, &quot;modal&quot;: null, &quot;previousFocus&quot;: null }\" data-wp-interactive=\"core\/navigation\" data-wp-on--focusout=\"actions.handleMenuFocusout\" data-wp-on--keydown=\"actions.handleMenuKeydown\" data-wp-watch=\"callbacks.initMenu\" tabindex=\"-1\" style=\"font-size: 14px;\" class=\"wp-block-navigation-item has-child open-on-click wp-block-navigation-submenu\"><button data-wp-bind--aria-expanded=\"state.isMenuOpen\" data-wp-on--click=\"actions.toggleMenuOnClick\" aria-label=\"Untermen\u00fc von Steering and suspension\" class=\"wp-block-navigation-item__content wp-block-navigation-submenu__toggle\" ><span class=\"wp-block-navigation-item__label\">Lenkungsteile<\/span><\/button><span class=\"wp-block-navigation__submenu-icon\"><svg xmlns=\"http:\/\/www.w3.org\/2000\/svg\" width=\"12\" height=\"12\" viewbox=\"0 0 12 12\" fill=\"none\" aria-hidden=\"true\" focusable=\"false\"><path d=\"M1.50002 4L6.00002 8L10.5 4\" stroke-width=\"1.5\"><\/path><\/svg><\/span><ul data-wp-on--focus=\"actions.openMenuOnFocus\" class=\"wp-block-navigation__submenu-container wp-block-navigation-submenu\"><li style=\"font-size: 14px;\" class=\"wp-block-navigation-item wp-block-navigation-link\"><a class=\"wp-block-navigation-item__content\"  href=\"https:\/\/www.optimal-germany.com\/de\/produktgruppen-2\/lenkungsteile\/lenkungsteile-2\/\"><span class=\"wp-block-navigation-item__label\">Lenkungsteile<\/span><\/a><\/li><li style=\"font-size: 14px;\" class=\"wp-block-navigation-item wp-block-navigation-link\"><a class=\"wp-block-navigation-item__content\"  href=\"https:\/\/www.optimal-germany.com\/de\/produktgruppen-2\/lenkungsteile\/hydraulikpumpen\/\"><span class=\"wp-block-navigation-item__label\">Hydraulikpumpen<\/span><\/a><\/li><\/ul><\/li><li data-wp-context=\"{ &quot;submenuOpenedBy&quot;: { &quot;click&quot;: false, &quot;hover&quot;: false, &quot;focus&quot;: false }, &quot;type&quot;: &quot;submenu&quot;, &quot;modal&quot;: null, &quot;previousFocus&quot;: null }\" data-wp-interactive=\"core\/navigation\" data-wp-on--focusout=\"actions.handleMenuFocusout\" data-wp-on--keydown=\"actions.handleMenuKeydown\" data-wp-watch=\"callbacks.initMenu\" tabindex=\"-1\" style=\"font-size: 14px;\" class=\"wp-block-navigation-item has-child open-on-click wp-block-navigation-submenu\"><button data-wp-bind--aria-expanded=\"state.isMenuOpen\" data-wp-on--click=\"actions.toggleMenuOnClick\" aria-label=\"Untermen\u00fc von Brake systems\" class=\"wp-block-navigation-item__content wp-block-navigation-submenu__toggle\" ><span class=\"wp-block-navigation-item__label\">Bremssysteme<\/span><\/button><span class=\"wp-block-navigation__submenu-icon\"><svg xmlns=\"http:\/\/www.w3.org\/2000\/svg\" width=\"12\" height=\"12\" viewbox=\"0 0 12 12\" fill=\"none\" aria-hidden=\"true\" focusable=\"false\"><path d=\"M1.50002 4L6.00002 8L10.5 4\" stroke-width=\"1.5\"><\/path><\/svg><\/span><ul data-wp-on--focus=\"actions.openMenuOnFocus\" class=\"wp-block-navigation__submenu-container wp-block-navigation-submenu\"><li style=\"font-size: 14px;\" class=\"wp-block-navigation-item wp-block-navigation-link\"><a class=\"wp-block-navigation-item__content\"  href=\"https:\/\/www.optimal-germany.com\/de\/produktgruppen-2\/bremssysteme\/bremssysteme\/\"><span class=\"wp-block-navigation-item__label\">Bremssysteme<\/span><\/a><\/li><li style=\"font-size: 14px;\" class=\"wp-block-navigation-item wp-block-navigation-link\"><a class=\"wp-block-navigation-item__content\"  href=\"https:\/\/www.optimal-germany.com\/de\/produktgruppen-2\/bremssysteme\/bremsscheiben\/\"><span class=\"wp-block-navigation-item__label\">Bremsscheiben<\/span><\/a><\/li><li style=\"font-size: 14px;\" class=\"wp-block-navigation-item wp-block-navigation-link\"><a class=\"wp-block-navigation-item__content\"  href=\"https:\/\/www.optimal-germany.com\/de\/produktgruppen-2\/bremssysteme\/bremsbelaege\/\"><span class=\"wp-block-navigation-item__label\">Bremsbel\u00e4ge<\/span><\/a><\/li><li style=\"font-size: 14px;\" class=\"wp-block-navigation-item wp-block-navigation-link\"><a class=\"wp-block-navigation-item__content\"  href=\"https:\/\/www.optimal-germany.com\/de\/produktgruppen-2\/bremssysteme\/warnkontakte\/\"><span class=\"wp-block-navigation-item__label\">Warnkontakte<\/span><\/a><\/li><li style=\"font-size: 14px;\" class=\"wp-block-navigation-item wp-block-navigation-link\"><a class=\"wp-block-navigation-item__content\"  href=\"https:\/\/www.optimal-germany.com\/de\/produktgruppen-2\/bremssysteme\/bremssattel\/\"><span class=\"wp-block-navigation-item__label\">Bremss\u00e4ttel<\/span><\/a><\/li><li style=\"font-size: 14px;\" class=\"wp-block-navigation-item wp-block-navigation-link\"><a class=\"wp-block-navigation-item__content\"  href=\"https:\/\/www.optimal-germany.com\/de\/produktgruppen-2\/bremssysteme\/bremstrommeln\/\"><span class=\"wp-block-navigation-item__label\">Bremstrommeln<\/span><\/a><\/li><\/ul><\/li><li data-wp-context=\"{ &quot;submenuOpenedBy&quot;: { &quot;click&quot;: false, &quot;hover&quot;: false, &quot;focus&quot;: false }, &quot;type&quot;: &quot;submenu&quot;, &quot;modal&quot;: null, &quot;previousFocus&quot;: null }\" data-wp-interactive=\"core\/navigation\" data-wp-on--focusout=\"actions.handleMenuFocusout\" data-wp-on--keydown=\"actions.handleMenuKeydown\" data-wp-watch=\"callbacks.initMenu\" tabindex=\"-1\" style=\"font-size: 14px;\" class=\"wp-block-navigation-item has-child open-on-click wp-block-navigation-submenu\"><button data-wp-bind--aria-expanded=\"state.isMenuOpen\" data-wp-on--click=\"actions.toggleMenuOnClick\" aria-label=\"Untermen\u00fc von Shock absorbers\" class=\"wp-block-navigation-item__content wp-block-navigation-submenu__toggle\" ><span class=\"wp-block-navigation-item__label\">Sto\u00dfd\u00e4mpfer<\/span><\/button><span class=\"wp-block-navigation__submenu-icon\"><svg xmlns=\"http:\/\/www.w3.org\/2000\/svg\" width=\"12\" height=\"12\" viewbox=\"0 0 12 12\" fill=\"none\" aria-hidden=\"true\" focusable=\"false\"><path d=\"M1.50002 4L6.00002 8L10.5 4\" stroke-width=\"1.5\"><\/path><\/svg><\/span><ul data-wp-on--focus=\"actions.openMenuOnFocus\" class=\"wp-block-navigation__submenu-container wp-block-navigation-submenu\"><li style=\"font-size: 14px;\" class=\"wp-block-navigation-item wp-block-navigation-link\"><a class=\"wp-block-navigation-item__content\"  href=\"https:\/\/www.optimal-germany.com\/de\/produktgruppen-2\/stossdampfer-2\/stossdampfer-2\/\"><span class=\"wp-block-navigation-item__label\">Sto\u00dfd\u00e4mpfer<\/span><\/a><\/li><li style=\"font-size: 14px;\" class=\"wp-block-navigation-item wp-block-navigation-link\"><a class=\"wp-block-navigation-item__content\"  href=\"https:\/\/www.optimal-germany.com\/de\/produktgruppen-2\/stossdampfer-2\/fahrwerksfedern\/\"><span class=\"wp-block-navigation-item__label\">Fahrwerksfedern<\/span><\/a><\/li><li style=\"font-size: 14px;\" class=\"wp-block-navigation-item wp-block-navigation-link\"><a class=\"wp-block-navigation-item__content\"  href=\"https:\/\/www.optimal-germany.com\/de\/produktgruppen-2\/stossdampfer-2\/gasdruckfeder\/\"><span class=\"wp-block-navigation-item__label\">Gasdruckfeder<\/span><\/a><\/li><\/ul><\/li><li style=\"font-size: 14px;\" class=\"wp-block-navigation-item wp-block-navigation-link\"><a class=\"wp-block-navigation-item__content\"  href=\"https:\/\/www.optimal-germany.com\/de\/produktgruppen-2\/spannrollensatze\/\"><span class=\"wp-block-navigation-item__label\">Spannrollens\u00e4tze<\/span><\/a><\/li><li style=\"font-size: 14px;\" class=\"wp-block-navigation-item wp-block-navigation-link\"><a class=\"wp-block-navigation-item__content\"  href=\"https:\/\/www.optimal-germany.com\/de\/produktgruppen-2\/wasserpumpen\/\"><span class=\"wp-block-navigation-item__label\">Wasserpumpen<\/span><\/a><\/li><li style=\"font-size: 14px;\" class=\"wp-block-navigation-item wp-block-navigation-link\"><a class=\"wp-block-navigation-item__content\"  href=\"https:\/\/www.optimal-germany.com\/de\/produktgruppen-2\/gummimetallteile\/\"><span class=\"wp-block-navigation-item__label\">Gummimetallteile<\/span><\/a><\/li><li style=\"font-size: 14px;\" class=\"wp-block-navigation-item wp-block-navigation-link\"><a class=\"wp-block-navigation-item__content\"  href=\"https:\/\/www.optimal-germany.com\/de\/produktgruppen-2\/radnaben-achszapfen\/\"><span class=\"wp-block-navigation-item__label\">Radnaben \/ Achszapfen<\/span><\/a><\/li><li style=\"font-size: 14px;\" class=\"wp-block-navigation-item wp-block-navigation-link\"><a class=\"wp-block-navigation-item__content\"  href=\"https:\/\/www.optimal-germany.com\/de\/produktgruppen-2\/filter\/\"><span class=\"wp-block-navigation-item__label\">Filter<\/span><\/a><\/li><\/ul><\/nav>\n\n\n<div class=\"wp-block-uagb-image uagb-block-876d2c63 wp-block-uagb-image--layout-default wp-block-uagb-image--effect-static wp-block-uagb-image--align-none\"><figure class=\"wp-block-uagb-image__figure\"><a class=\"\" href=\"https:\/\/b2b.optimal-germany.com\" target=\"_blank\" rel=\"noreferrer noopener\"><img decoding=\"async\"  sizes=\"auto, (max-width: 480px) 150px\" src=\"https:\/\/www.optimal-germany.com\/wp-content\/uploads\/2024\/02\/image-20.png\" alt=\"B2B Online Shop\" width=\"262\" height=\"97\" title=\"\" loading=\"lazy\" role=\"img\"\/><\/a><\/figure><\/div>\n\n\n\n<div class=\"wp-block-uagb-image uagb-block-c148217a wp-block-uagb-image--layout-default wp-block-uagb-image--effect-static wp-block-uagb-image--align-none\"><figure class=\"wp-block-uagb-image__figure\"><a class=\"\" href=\"https:\/\/www.tecalliance.net\/\" target=\"_blank\" rel=\"noreferrer noopener\"><img decoding=\"async\"  sizes=\"auto, (max-width: 480px) 150px\" src=\"https:\/\/www.optimal-germany.com\/wp-content\/uploads\/2024\/02\/image-23.png\" alt=\"\" width=\"262\" height=\"98\" title=\"\" loading=\"lazy\" role=\"img\"\/><\/a><\/figure><\/div>\n<\/aside>\n\n\n\n<div class=\"wp-block-uagb-container main-content uagb-block-26b8dfe4\">\n<div class=\"wp-block-group shadow has-ast-global-color-5-background-color has-background is-layout-constrained wp-container-core-group-is-layout-a51490eb wp-block-group-is-layout-constrained\" style=\"margin-bottom:0;padding-top:14px;padding-right:30px;padding-bottom:14px;padding-left:30px\">\n<div class=\"wp-block-uagb-container uagb-block-9bc97d1b\">\n<p class=\"has-text-color has-link-color wp-elements-9aebe0cc1f510d8358977f31522446c8\" style=\"color:#777777;margin-top:0;margin-bottom:0;padding-top:0;padding-right:0;padding-bottom:0;padding-left:0;font-size:11px\">Sie sind hier:<\/p>\n\n\n<div class=\"breadcrumbs align  wp-block-bcn-breadcrumb-trail has-text-color has-background\" vocab=\"https:\/\/schema.org\/\" typeof=\"BreadcrumbList\">\n\t<span><\/span>\n\t<span property=\"itemListElement\" typeof=\"ListItem\"><a property=\"item\" typeof=\"WebPage\" title=\"Go to OPTIMAL Automotive GmbH.\" href=\"https:\/\/www.optimal-germany.com\/de\" class=\"home\" aria-current=\"page\"><span property=\"name\">Home<\/span><\/a><meta property=\"position\" content=\"1\"><\/span><\/div>\n<\/div>\n\n\n\n<h1 class=\"wp-block-heading\" style=\"margin-top:var(--wp--preset--spacing--30);margin-bottom:var(--wp--preset--spacing--30)\">HYDRAULIKPUMPEN<\/h1>\n\n\n\n<figure class=\"wp-block-image alignright size-full\"><img loading=\"lazy\" decoding=\"async\" width=\"382\" height=\"331\" src=\"https:\/\/www.optimal-germany.com\/wp-content\/uploads\/2024\/02\/image-46.png\" alt=\"Hydraulikpumpen\" class=\"wp-image-2066\" title=\"Hydraulikpumpen\" srcset=\"https:\/\/www.optimal-germany.com\/wp-content\/uploads\/2024\/02\/image-46.png 382w, https:\/\/www.optimal-germany.com\/wp-content\/uploads\/2024\/02\/image-46-300x260.png 300w\" sizes=\"auto, (max-width: 382px) 100vw, 382px\" \/><\/figure>\n\n\n\n<p>Alle Hydraulikpumpen der OPTIMAL Automotive GmbH sind runderneuert mit wiederhergestellten Nockenringen und flach \u00fcbereinanderliegenden Druckplatten(-ventilen).<\/p>\n\n\n\n<p>Diese Prozesse werden von unserer IATF 16949:2016 zertifizierten Produktion durchgef\u00fchrt und stellen den einwandfreien Lauf und eine lange Lebensdauer unserer Hydraulikpumpen sicher.<\/p>\n\n\n\n<p>Um das h\u00f6chste Ma\u00df an Qualit\u00e4t f\u00fcr unsere Kunden sicherzustellen, ist jede Pumpe zweifach getestet. Die \u00dcberpr\u00fcfung beinhaltet eine pneumatische sowie eine hydraulische Testmethode.<\/p>\n\n\n\n<p>Zahlreiche Verbesserungen zu den Originalpumpen flie\u00dfen bei der Produktion unserer Servopumpen ein. Dies garantiert eine permanente \u00dcberarbeitung der existierenden Originalprodukte, wobei die urspr\u00fcngliche Lenkcharakteristik beibehalten wird.\n\nLenkungspumpen der OPTIMAL Automotive GmbH sind eine preis- sowie umweltbewusste Alternative zu Originalteilen der verschiedenen Fahrzeughersteller, ohne dabei Kompromisse oder Einbu\u00dfen bei Ihren Qualit\u00e4tsanforderungen machen zu m\u00fcssen. Unsere Produktpalette in diesem Segment umfasst mehr als 100 verschiedene Pumpen, welche ann\u00e4hernd alle Fast Mover f\u00fcr den europ\u00e4ischen Markt abdeckt. Gerne erweitern wir unser Programm basierend auf Ihren W\u00fcnschen \u2013 wir freuen uns auf Ihre Anfrage.<\/p>\n\n\n\n<div class=\"wp-block-uagb-container uagb-block-8a3bd38b alignfull uagb-is-root-container\"><div class=\"uagb-container-inner-blocks-wrap\">\n<div class=\"alignnormal\"><div id=\"metaslider-id-2977\" style=\"width: 100%; margin: 0 auto;\" class=\"ml-slider-3-107-0 metaslider metaslider-flex metaslider-2977 ml-slider has-carousel-mode ms-theme-default nav-hidden\" role=\"region\" aria-label=\"Hydraulikpumpen\" data-height=\"100\" data-width=\"150\">\n    <div id=\"metaslider_container_2977\">\n        <div id=\"metaslider_2977\">\n            <ul class='slides'>\n                <li style=\"display: none; width: 100%;\" class=\"slide-2979 ms-image\" aria-roledescription=\"slide\" data-date=\"2024-02-08 16:23:40\" data-filename=\"8_7-150x100.png\" data-slide-type=\"image\"><img loading=\"lazy\" decoding=\"async\" src=\"https:\/\/www.optimal-germany.com\/wp-content\/uploads\/2024\/02\/8_7-150x100.png\" height=\"100\" width=\"150\" alt=\"\" class=\"slider-2977 slide-2979 msDefaultImage\" title=\"8_7\" \/><\/li>\n                <li style=\"display: none; width: 100%;\" class=\"slide-2981 ms-image\" aria-roledescription=\"slide\" data-date=\"2024-02-08 16:23:50\" data-filename=\"7_6-150x100.png\" data-slide-type=\"image\"><img loading=\"lazy\" decoding=\"async\" src=\"https:\/\/www.optimal-germany.com\/wp-content\/uploads\/2024\/02\/7_6-150x100.png\" height=\"100\" width=\"150\" alt=\"\" class=\"slider-2977 slide-2981 msDefaultImage\" title=\"7_6\" \/><\/li>\n                <li style=\"display: none; width: 100%;\" class=\"slide-2983 ms-image\" aria-roledescription=\"slide\" data-date=\"2024-02-08 16:23:57\" data-filename=\"6_8-150x100.png\" data-slide-type=\"image\"><img loading=\"lazy\" decoding=\"async\" src=\"https:\/\/www.optimal-germany.com\/wp-content\/uploads\/2024\/02\/6_8-150x100.png\" height=\"100\" width=\"150\" alt=\"\" class=\"slider-2977 slide-2983 msDefaultImage\" title=\"6_8\" \/><\/li>\n                <li style=\"display: none; width: 100%;\" class=\"slide-2985 ms-image\" aria-roledescription=\"slide\" data-date=\"2024-02-08 16:24:09\" data-filename=\"5_7-150x100.png\" data-slide-type=\"image\"><img loading=\"lazy\" decoding=\"async\" src=\"https:\/\/www.optimal-germany.com\/wp-content\/uploads\/2024\/02\/5_7-150x100.png\" height=\"100\" width=\"150\" alt=\"\" class=\"slider-2977 slide-2985 msDefaultImage\" title=\"5_7\" \/><\/li>\n                <li style=\"display: none; width: 100%;\" class=\"slide-2987 ms-image\" aria-roledescription=\"slide\" data-date=\"2024-02-08 16:24:20\" data-filename=\"4_8-150x100.png\" data-slide-type=\"image\"><img loading=\"lazy\" decoding=\"async\" src=\"https:\/\/www.optimal-germany.com\/wp-content\/uploads\/2024\/02\/4_8-150x100.png\" height=\"100\" width=\"150\" alt=\"\" class=\"slider-2977 slide-2987 msDefaultImage\" title=\"4_8\" \/><\/li>\n                <li style=\"display: none; width: 100%;\" class=\"slide-2989 ms-image\" aria-roledescription=\"slide\" data-date=\"2024-02-08 16:24:27\" data-filename=\"3_8-150x100.png\" data-slide-type=\"image\"><img loading=\"lazy\" decoding=\"async\" src=\"https:\/\/www.optimal-germany.com\/wp-content\/uploads\/2024\/02\/3_8-150x100.png\" height=\"100\" width=\"150\" alt=\"\" class=\"slider-2977 slide-2989 msDefaultImage\" title=\"3_8\" \/><\/li>\n                <li style=\"display: none; width: 100%;\" class=\"slide-2991 ms-image\" aria-roledescription=\"slide\" data-date=\"2024-02-08 16:24:42\" data-filename=\"2_7-150x100.png\" data-slide-type=\"image\"><img loading=\"lazy\" decoding=\"async\" src=\"https:\/\/www.optimal-germany.com\/wp-content\/uploads\/2024\/02\/2_7-150x100.png\" height=\"100\" width=\"150\" alt=\"\" class=\"slider-2977 slide-2991 msDefaultImage\" title=\"2_7\" \/><\/li>\n                <li style=\"display: none; width: 100%;\" class=\"slide-2993 ms-image\" aria-roledescription=\"slide\" data-date=\"2024-02-08 16:24:50\" data-filename=\"1_7-150x100.png\" data-slide-type=\"image\"><img loading=\"lazy\" decoding=\"async\" src=\"https:\/\/www.optimal-germany.com\/wp-content\/uploads\/2024\/02\/1_7-150x100.png\" height=\"100\" width=\"150\" alt=\"\" class=\"slider-2977 slide-2993 msDefaultImage\" title=\"1_7\" \/><\/li>\n            <\/ul>\n        <\/div>\n        \n    <\/div>\n<\/div><\/div>\n<\/div><\/div>\n\n\n\n<div class=\"wp-block-uagb-container uagb-block-f93a7eca\">\n<p><\/p>\n<\/div>\n<\/div>\n<\/div>\n<\/div><\/div>\n\n\n\n<p><\/p>","protected":false},"excerpt":{"rendered":"<p>Hydraulic pumps Hydraulic pumps HYDRAULIC PUMPS All OPTIMAL Automotive GmbH steering pumps are remanufactured with re-profiled cam rings and flat lapped pressure plates. These processes ensure that original service life and operation are restored, these processes are carried out on our IATF 16949:2016 certified line. Every pump is double tested with both pneumatic and hydraulic [&hellip;]<\/p>\n","protected":false},"author":1,"featured_media":0,"parent":1683,"menu_order":0,"comment_status":"closed","ping_status":"closed","template":"","meta":{"_uag_custom_page_level_css":"","site-sidebar-layout":"no-sidebar","site-content-layout":"plain-container","ast-site-content-layout":"normal-width-container","site-content-style":"unboxed","site-sidebar-style":"unboxed","ast-global-header-display":"","ast-banner-title-visibility":"","ast-main-header-display":"","ast-hfb-above-header-display":"","ast-hfb-below-header-display":"","ast-hfb-mobile-header-display":"","site-post-title":"disabled","ast-breadcrumbs-content":"","ast-featured-img":"disabled","footer-sml-layout":"","ast-disable-related-posts":"","theme-transparent-header-meta":"disabled","adv-header-id-meta":"","stick-header-meta":"","header-above-stick-meta":"","header-main-stick-meta":"","header-below-stick-meta":"","astra-migrate-meta-layouts":"set","ast-page-background-enabled":"default","ast-page-background-meta":{"desktop":{"background-color":"var(--ast-global-color-4)","background-image":"","background-repeat":"repeat","background-position":"center center","background-size":"auto","background-attachment":"scroll","background-type":"","background-media":"","overlay-type":"","overlay-color":"","overlay-opacity":"","overlay-gradient":""},"tablet":{"background-color":"","background-image":"","background-repeat":"repeat","background-position":"center center","background-size":"auto","background-attachment":"scroll","background-type":"","background-media":"","overlay-type":"","overlay-color":"","overlay-opacity":"","overlay-gradient":""},"mobile":{"background-color":"","background-image":"","background-repeat":"repeat","background-position":"center center","background-size":"auto","background-attachment":"scroll","background-type":"","background-media":"","overlay-type":"","overlay-color":"","overlay-opacity":"","overlay-gradient":""}},"ast-content-background-meta":{"desktop":{"background-color":"var(--ast-global-color-5)","background-image":"","background-repeat":"repeat","background-position":"center center","background-size":"auto","background-attachment":"scroll","background-type":"","background-media":"","overlay-type":"","overlay-color":"","overlay-opacity":"","overlay-gradient":""},"tablet":{"background-color":"var(--ast-global-color-5)","background-image":"","background-repeat":"repeat","background-position":"center center","background-size":"auto","background-attachment":"scroll","background-type":"","background-media":"","overlay-type":"","overlay-color":"","overlay-opacity":"","overlay-gradient":""},"mobile":{"background-color":"var(--ast-global-color-5)","background-image":"","background-repeat":"repeat","background-position":"center center","background-size":"auto","background-attachment":"scroll","background-type":"","background-media":"","overlay-type":"","overlay-color":"","overlay-opacity":"","overlay-gradient":""}},"footnotes":""},"class_list":["post-2062","page","type-page","status-publish","hentry"],"uagb_featured_image_src":{"full":false,"thumbnail":false,"medium":false,"medium_large":false,"large":false,"1536x1536":false,"2048x2048":false,"trp-custom-language-flag":false},"uagb_author_info":{"display_name":"Administrator","author_link":"https:\/\/www.optimal-germany.com\/de\/author\/wpadmino\/"},"uagb_comment_info":0,"uagb_excerpt":"Hydraulic pumps Hydraulic pumps HYDRAULIC PUMPS All OPTIMAL Automotive GmbH steering pumps are remanufactured with re-profiled cam rings and flat lapped pressure plates. These processes ensure that original service life and operation are restored, these processes are carried out on our IATF 16949:2016 certified line. Every pump is double tested with both pneumatic and hydraulic&hellip;","_links":{"self":[{"href":"https:\/\/www.optimal-germany.com\/de\/wp-json\/wp\/v2\/pages\/2062","targetHints":{"allow":["GET"]}}],"collection":[{"href":"https:\/\/www.optimal-germany.com\/de\/wp-json\/wp\/v2\/pages"}],"about":[{"href":"https:\/\/www.optimal-germany.com\/de\/wp-json\/wp\/v2\/types\/page"}],"author":[{"embeddable":true,"href":"https:\/\/www.optimal-germany.com\/de\/wp-json\/wp\/v2\/users\/1"}],"replies":[{"embeddable":true,"href":"https:\/\/www.optimal-germany.com\/de\/wp-json\/wp\/v2\/comments?post=2062"}],"version-history":[{"count":5,"href":"https:\/\/www.optimal-germany.com\/de\/wp-json\/wp\/v2\/pages\/2062\/revisions"}],"predecessor-version":[{"id":4524,"href":"https:\/\/www.optimal-germany.com\/de\/wp-json\/wp\/v2\/pages\/2062\/revisions\/4524"}],"up":[{"embeddable":true,"href":"https:\/\/www.optimal-germany.com\/de\/wp-json\/wp\/v2\/pages\/1683"}],"wp:attachment":[{"href":"https:\/\/www.optimal-germany.com\/de\/wp-json\/wp\/v2\/media?parent=2062"}],"curies":[{"name":"wp","href":"https:\/\/api.w.org\/{rel}","templated":true}]}}