{"id":1879,"date":"2024-02-04T15:09:14","date_gmt":"2024-02-04T14:09:14","guid":{"rendered":"https:\/\/srv-www.optimal-germany.com\/?page_id=1879"},"modified":"2024-02-04T19:32:35","modified_gmt":"2024-02-04T18:32:35","slug":"compliance","status":"publish","type":"page","link":"https:\/\/www.optimal-germany.com\/de\/business\/compliance\/","title":{"rendered":"Compliance"},"content":{"rendered":"<div class=\"wp-block-uagb-container page-header-image-container uagb-block-f1ca19c8 alignfull uagb-is-root-container\"><div class=\"uagb-container-inner-blocks-wrap\">\n<figure class=\"wp-block-image aligncenter size-full\"><img loading=\"lazy\" decoding=\"async\" width=\"1140\" height=\"232\" src=\"https:\/\/www.optimal-germany.com\/wp-content\/uploads\/2024\/02\/image-41.png\" alt=\"Compliance\" class=\"wp-image-1924\" title=\"Compliance\" srcset=\"https:\/\/www.optimal-germany.com\/wp-content\/uploads\/2024\/02\/image-41.png 1140w, https:\/\/www.optimal-germany.com\/wp-content\/uploads\/2024\/02\/image-41-300x61.png 300w, https:\/\/www.optimal-germany.com\/wp-content\/uploads\/2024\/02\/image-41-1024x208.png 1024w, https:\/\/www.optimal-germany.com\/wp-content\/uploads\/2024\/02\/image-41-768x156.png 768w\" sizes=\"auto, (max-width: 1140px) 100vw, 1140px\" \/><\/figure>\n\n\n\n<p class=\"has-text-align-center page-header-image-text-front\"><strong>Compliance<\/strong><\/p>\n\n\n\n<p class=\"has-text-align-center page-header-image-text-back\"><strong>Compliance<\/strong><\/p>\n<\/div><\/div>\n\n\n\n<div class=\"wp-block-uagb-container uagb-block-5e603625 alignfull uagb-is-root-container\"><div class=\"uagb-container-inner-blocks-wrap\">\n<aside class=\"wp-block-uagb-container side-menu-container uagb-block-9766e0f1\"><nav style=\"font-size:14px;font-style:normal;font-weight:700;text-transform:uppercase;\" class=\"has-background has-ast-global-color-5-background-color  is-vertical side-menu wp-block-navigation is-layout-flex wp-container-core-navigation-is-layout-42e9c677 wp-block-navigation-is-layout-flex\" aria-label=\"Unternehmen\"><ul style=\"font-size:14px;font-style:normal;font-weight:700;text-transform:uppercase;\" class=\"wp-block-navigation__container has-background has-ast-global-color-5-background-color  is-vertical side-menu wp-block-navigation\"><li style=\"font-size: 14px;\" class=\"wp-block-navigation-item wp-block-navigation-link\"><a class=\"wp-block-navigation-item__content\"  href=\"https:\/\/www.optimal-germany.com\/de\/unternehmen\/profil\/\"><span class=\"wp-block-navigation-item__label\">Profil<\/span><\/a><\/li><li style=\"font-size: 14px;\" class=\"wp-block-navigation-item wp-block-navigation-link\"><a class=\"wp-block-navigation-item__content\"  href=\"https:\/\/www.optimal-germany.com\/de\/unternehmen\/marken\/\"><span class=\"wp-block-navigation-item__label\">Marken<\/span><\/a><\/li><li style=\"font-size: 14px;\" class=\"wp-block-navigation-item wp-block-navigation-link\"><a class=\"wp-block-navigation-item__content\"  href=\"https:\/\/www.optimal-germany.com\/de\/unternehmen\/qualitat\/\"><span class=\"wp-block-navigation-item__label\">Qualit\u00e4t<\/span><\/a><\/li><li style=\"font-size: 14px;\" class=\"wp-block-navigation-item wp-block-navigation-link\"><a class=\"wp-block-navigation-item__content\"  href=\"https:\/\/www.optimal-germany.com\/de\/unternehmen\/zertifikate-2\/\"><span class=\"wp-block-navigation-item__label\">Zertifikate<\/span><\/a><\/li><li style=\"font-size: 14px;\" class=\"wp-block-navigation-item wp-block-navigation-link\"><a class=\"wp-block-navigation-item__content\"  href=\"https:\/\/www.optimal-germany.com\/de\/unternehmen\/presse\/\"><span class=\"wp-block-navigation-item__label\">Presse<\/span><\/a><\/li><li style=\"font-size: 14px;\" class=\"wp-block-navigation-item wp-block-navigation-link\"><a class=\"wp-block-navigation-item__content\"  href=\"https:\/\/www.optimal-germany.com\/de\/unternehmen\/messen\/\"><span class=\"wp-block-navigation-item__label\">Messen<\/span><\/a><\/li><li style=\"font-size: 14px;\" class=\"wp-block-navigation-item wp-block-navigation-link\"><a class=\"wp-block-navigation-item__content\"  href=\"https:\/\/www.optimal-germany.com\/de\/unternehmen\/agb\/\"><span class=\"wp-block-navigation-item__label\">Gesch\u00e4ftsbedingungen AGB<\/span><\/a><\/li><li style=\"font-size: 14px;\" class=\"wp-block-navigation-item wp-block-navigation-link\"><a class=\"wp-block-navigation-item__content\"  href=\"https:\/\/www.optimal-germany.com\/de\/unternehmen\/standorte\/\"><span class=\"wp-block-navigation-item__label\">Standorte<\/span><\/a><\/li><li style=\"font-size: 14px;\" class=\"wp-block-navigation-item wp-block-navigation-link\"><a class=\"wp-block-navigation-item__content\"  href=\"https:\/\/www.optimal-germany.com\/de\/unternehmen\/compliance\/\"><span class=\"wp-block-navigation-item__label\">Compliance<\/span><\/a><\/li><\/ul><\/nav>\n\n\n<div class=\"wp-block-uagb-image uagb-block-876d2c63 wp-block-uagb-image--layout-default wp-block-uagb-image--effect-static wp-block-uagb-image--align-none\"><figure class=\"wp-block-uagb-image__figure\"><a class=\"\" href=\"https:\/\/b2b.optimal-germany.com\" target=\"_blank\" rel=\"noreferrer noopener\"><img decoding=\"async\"  sizes=\"auto, (max-width: 480px) 150px\" src=\"https:\/\/www.optimal-germany.com\/wp-content\/uploads\/2024\/02\/image-20.png\" alt=\"B2B Online Shop\" width=\"262\" height=\"97\" title=\"\" loading=\"lazy\" role=\"img\"\/><\/a><\/figure><\/div>\n\n\n\n<div class=\"wp-block-uagb-image uagb-block-c148217a wp-block-uagb-image--layout-default wp-block-uagb-image--effect-static wp-block-uagb-image--align-none\"><figure class=\"wp-block-uagb-image__figure\"><a class=\"\" href=\"https:\/\/www.tecalliance.net\/\" target=\"_blank\" rel=\"noreferrer noopener\"><img decoding=\"async\" srcset=\"https:\/\/www.optimal-germany.com\/wp-content\/uploads\/2024\/02\/image-23.png ,https:\/\/www.optimal-germany.com\/wp-content\/uploads\/2024\/02\/image-23.png 780w, https:\/\/www.optimal-germany.com\/wp-content\/uploads\/2024\/02\/image-23.png 360w\" sizes=\"auto, (max-width: 480px) 150px\" src=\"https:\/\/www.optimal-germany.com\/wp-content\/uploads\/2024\/02\/image-23.png\" alt=\"\" class=\"uag-image-1653\" width=\"262\" height=\"98\" title=\"\" loading=\"lazy\" role=\"img\"\/><\/a><\/figure><\/div>\n<\/aside>\n\n\n\n<div class=\"wp-block-uagb-container main-content uagb-block-26b8dfe4\">\n<div class=\"wp-block-group shadow has-ast-global-color-5-background-color has-background is-layout-constrained wp-container-core-group-is-layout-a51490eb wp-block-group-is-layout-constrained\" style=\"margin-bottom:0;padding-top:14px;padding-right:30px;padding-bottom:14px;padding-left:30px\">\n<div class=\"wp-block-uagb-container uagb-block-9bc97d1b\">\n<p class=\"has-text-color has-link-color wp-elements-9aebe0cc1f510d8358977f31522446c8\" style=\"color:#777777;margin-top:0;margin-bottom:0;padding-top:0;padding-right:0;padding-bottom:0;padding-left:0;font-size:11px\">Sie sind hier:<\/p>\n\n\n<div class=\"breadcrumbs align  wp-block-bcn-breadcrumb-trail has-text-color has-background\" vocab=\"https:\/\/schema.org\/\" typeof=\"BreadcrumbList\">\n\t<span><\/span>\n\t<span property=\"itemListElement\" typeof=\"ListItem\"><a property=\"item\" typeof=\"WebPage\" title=\"Go to OPTIMAL Automotive GmbH.\" href=\"https:\/\/www.optimal-germany.com\/de\" class=\"home\" aria-current=\"page\"><span property=\"name\">Home<\/span><\/a><meta property=\"position\" content=\"1\"><\/span><\/div>\n<\/div>\n\n\n\n<h1 class=\"wp-block-heading\" style=\"margin-top:var(--wp--preset--spacing--30);margin-bottom:20px\">COMPLIANCE<\/h1>\n\n\n\n<h2 class=\"wp-block-heading\"><strong>Das OPTIMAL Hinweisgeberportal&nbsp;<\/strong><br><br><\/h2>\n\n\n\n<p>F\u00fcr uns als OPTIMAL Automotive GmbH ist es das Wichtigste, unser Gesch\u00e4ft mit dem h\u00f6chsten Grad an Integrit\u00e4t zu f\u00fchren und alle geltenden Gesetze und Vorschriften einzuhalten. Unser Umgang mit Menschen, unsere Entscheidungen und unser tagt\u00e4gliches Handeln werden durch unser gemeinsames Wertesystem getragen.<\/p>\n\n\n\n<p>Verst\u00f6\u00dfe gegen diese Werte schaden nicht nur dem guten Ruf der OPTIMAL Automotive GmbH, sie k\u00f6nnen sogar schwere, rechtliche Konsequenzen nach sich ziehen. Beispiele daf\u00fcr gibt es viele, Korruptionsstraftaten im Bereich der Wirtschaftskriminalit\u00e4t, kartellrechtliche Verst\u00f6\u00dfe wie illegale Preisabsprachen oder Verst\u00f6\u00dfe gegen die geltenden Datenschutz-Richtlinien. Wenn Sie Fehlverhalten bemerken, oder einen begr\u00fcndeten Verdacht haben und uns dazu gerne einen anonymen Hinweis geben m\u00f6chten, haben Sie jetzt mit Speak Up! die M\u00f6glichkeit. Sie erm\u00f6glichen es uns gesetzeswidrige Handlungen fr\u00fchzeitig aufzudecken, Sachverhalte genauer untersuchen zu k\u00f6nnen und m\u00f6glichen weiteren Schaden zu vermeiden.<br><\/p>\n\n\n\n<p>Speak Up! richtet sich an alle Mitarbeiterinnen und Mitarbeiter sowie F\u00fchrungskr\u00e4fte, Kunden, Lieferanten und Gesch\u00e4ftspartner der OPTIMAL Automotive GmbH. Wir garantieren daf\u00fcr, dass jedem Hinweis mit der notwendigen Sensibilit\u00e4t, der gebotenen Ernsthaftigkeit und der notwendigen Mittel nachgegangen wird.<br><\/p>\n\n\n\n<p style=\"margin-bottom:30px\">Uns ist bewusst, dass manch einer nun bef\u00fcrchtet, Mobbing und Denunziantentum w\u00fcrden T\u00fcr und Tor ge\u00f6ffnet. Hier m\u00f6chten wir folgendes klarstellen: Speak Up! soll Sie dabei unterst\u00fctzen, wenn Sie Dinge im Unternehmen wahrnehmen, die Ihnen verd\u00e4chtig vorkommen, oder von denen Sie vielleicht sogar wissen, dass diese sich in einer rechtlichen Grauzone abspielen. Sie haben damit die M\u00f6glichkeit, Schaden vom Unternehmen abzuwenden, ohne dass Sie sich selber in irgendeiner Weise einem Konflikt aussetzen m\u00fcssen. Denn unsere Mitarbeiterinnen und Mitarbeiter haben ein Recht auf einen integren Arbeitgeber und damit auf einen sicheren Arbeitsplatz.<\/p>\n\n\n\n<p>\u00dcber folgenden Link haben Sie die M\u00f6glichkeit, einen Hinweis einzustellen:<\/p>\n\n\n\n<p><a href=\"https:\/\/urldefense.com\/v3\/__http:\/www.lkqcorp.ethicspoint.com__;!!OxEhUBCb!-7mJX2s6KN6gCigNB08cifJIVg64-3MhTcgFeX9VPGSpb0BIQfVIv_An3AgOeJqnvrkveBhs$\" target=\"_blank\" rel=\"noreferrer noopener\">www.lkqcorp.ethicspoint.com<\/a><\/p>\n\n\n\n<p>Herzlichen Dank f\u00fcr Ihre Unterst\u00fctzung!<\/p>\n\n\n\n<div class=\"wp-block-uagb-container uagb-block-2917e3d9\">\n<figure class=\"wp-block-image aligncenter size-full\"><a href=\"http:\/\/www.lkqcorp.ethicspoint.com\" target=\"_blank\" rel=\"noreferrer noopener\"><img loading=\"lazy\" decoding=\"async\" width=\"351\" height=\"41\" src=\"https:\/\/www.optimal-germany.com\/wp-content\/uploads\/2024\/02\/tell-us-button-en.png\" alt=\"\" class=\"wp-image-1882\" srcset=\"https:\/\/www.optimal-germany.com\/wp-content\/uploads\/2024\/02\/tell-us-button-en.png 351w, https:\/\/www.optimal-germany.com\/wp-content\/uploads\/2024\/02\/tell-us-button-en-300x35.png 300w\" sizes=\"auto, (max-width: 351px) 100vw, 351px\" \/><\/a><\/figure>\n<\/div>\n\n\n\n<h1 class=\"wp-block-heading\" style=\"margin-top:40px;margin-bottom:40px;font-size:28px\"><strong>FAQ<\/strong><\/h1>\n\n\n\n<p style=\"margin-top:30px;font-size:14px\"><strong>Was ist \u00fcberhaupt Compliance?<\/strong><\/p>\n\n\n\n<p style=\"font-size:14px\">Compliance bedeutet \u201eRegeltreue\u201c und steht f\u00fcr die Einhaltung von Recht und Gesetz sowie internen Richtlinien.  Das dient dem Schutz des Unternehmens und aller Mitarbeiterinnen und Mitarbeiter.&nbsp;<\/p>\n\n\n\n<p style=\"margin-top:30px;font-size:14px\"><strong><strong>Warum sollte ich Speak Up! nutzen?<\/strong><\/strong><\/p>\n\n\n\n<p style=\"font-size:14px\">Vielleicht haben Sie Kenntnis von konkreten Vorf\u00e4llen, die die Einhaltung der Regeltreue gef\u00e4hrden k\u00f6nnten? Vielleicht scheuen Sie sich aber, diese Informationen pers\u00f6nlich weiter zu geben? Wir wollen Sie als Hinweisgeber wirksam sch\u00fctzen und bieten Ihnen hier eine mit den h\u00f6chsten Sicherheitsstandards gesicherte Kommunikationsplattform zur Abgabe von anonymen oder, wenn gew\u00fcnscht, namentlichen Meldungen.<\/p>\n\n\n\n<p style=\"margin-top:30px;font-size:14px\"><strong>Wie kann ich mit meinem Hinweis helfen?<\/strong><\/p>\n\n\n\n<p style=\"font-size:14px\">Ihr Hinweis erm\u00f6glicht es, Sachverhalten nachzugehen, Risiken fr\u00fchzeitig aufzudecken und eventuelle Verm\u00f6gens- und Reputationssch\u00e4den f\u00fcr OPTIMAL und Dritte zu verhindern. Sie k\u00f6nnen so aktiv an der Aufkl\u00e4rung mitwirken und Risiken f\u00fcr das Unternehmen und alle Mitarbeiterinnen und Mitarbeiter minimieren.&nbsp;<\/p>\n\n\n\n<p style=\"margin-top:30px;font-size:14px\"><strong>Welche F\u00e4lle kann ich melden?<\/strong><\/p>\n\n\n\n<p style=\"font-size:14px\">Sie k\u00f6nnen uns Hinweise zu Sachverhalten mit direktem oder auch mit indirektem Bezug zu folgenden Themen melden:<\/p>\n\n\n\n<ul class=\"wp-block-list\" style=\"font-size:14px;line-height:2\">\n<li>Verletzung von internen Richtlinien<\/li>\n\n\n\n<li>Verletzung wichtiger gesetzlicher Regelungen (z.B. Sozialversicherungs-, Handels-, Gesellschafts- &amp; Steuerrecht)<\/li>\n\n\n\n<li>Umweltrecht<\/li>\n\n\n\n<li>Arbeitssicherheit, Besch\u00e4digungen &amp; Gefahren<\/li>\n\n\n\n<li>Datenschutz &amp; IT-Sicherheit<\/li>\n\n\n\n<li>Diebstahl, Unterschlagung &amp; Betrug<\/li>\n\n\n\n<li>Allgemeines Gleichbehandlungsgesetz, Bel\u00e4stigung und Diskriminierung<\/li>\n\n\n\n<li>Korruption, Bestechung &amp; Interessenskonflikte<\/li>\n\n\n\n<li>Wettbewerbsverst\u00f6\u00dfe, Preisabsprachen &amp; Verrat von Gesch\u00e4ftsgeheimnissen<\/li>\n<\/ul>\n\n\n\n<p style=\"margin-top:10px;font-size:14px\">N\u00e4here Erkl\u00e4rungen zu den einzelnen Schwerpunktthemen k\u00f6nnen Sie w\u00e4hrend des Meldevorgangs einsehen.<\/p>\n\n\n\n<p style=\"margin-top:30px;font-size:14px\"><strong>Ich m\u00f6chte anonym bleiben \u2013 ist das gesichert?&nbsp;<\/strong><\/p>\n\n\n\n<p style=\"font-size:14px\">Oberstes Prinzip des hier verwendeten NAVEX Verfahrens ist der Schutz des Hinweisgebers. Die technische Gew\u00e4hrleistung der Vertraulichkeit der Daten ist zertifiziert.  Wichtiger Hinweis dazu: Bitte achten Sie w\u00e4hrend des Meldevorgangs darauf, dass Sie selbst \u2013 sofern gew\u00fcnscht \u2013 Ihre Anonymit\u00e4t wahren und nicht aus Versehen Ihre Identit\u00e4t offenlegen.<\/p>\n\n\n\n<p style=\"margin-top:30px;font-size:14px\"><strong>Welche Daten kann OPTIMAL anfordern oder einsehen?&nbsp;<\/strong><\/p>\n\n\n\n<p style=\"font-size:14px\">OPTIMAL bekommt nur die Informationen, die Sie in das System eingeben.&nbsp;&nbsp;<\/p>\n\n\n\n<p style=\"margin-top:30px;font-size:14px\" class=\"translation-block\">Muss ich Speak Up! aus dem Firmennetz nutzen?<\/p>\n\n\n\n<p style=\"font-size:14px\">Nein. Speak Up! ist \u00fcber alle internetf\u00e4higen Ger\u00e4te zu erreichen. Rufen Sie einfach&nbsp;<a href=\"https:\/\/urldefense.com\/v3\/__http:\/www.lkqcorp.ethicspoint.com__;!!OxEhUBCb!-7mJX2s6KN6gCigNB08cifJIVg64-3MhTcgFeX9VPGSpb0BIQfVIv_An3AgOeJqnvrkveBhs$\">www.lkqcorp.ethicspoint.com<\/a>auf. Wenn Sie die Meldung \u00fcber das Firmennetzwerk abgeben, w\u00e4re dort theoretisch nachvollziehbar, dass Sie auf der NAVEX Seite gewesen sind. Garantiert 100 % anonym ist eine Meldung \u00fcber eine Internetverbindung, die nicht \u00fcber das Firmennetzwerk hergestellt wird.<\/p>\n\n\n\n<p style=\"margin-top:30px;font-size:14px\"><strong>Gibt es eine M\u00f6glichkeit mit OPTIMAL zu kommunizieren?&nbsp;<\/strong><\/p>\n\n\n\n<p style=\"font-size:14px\">Ja, \u00fcber einen gesch\u00fctzten Postkasten.  Diesen k\u00f6nnen Sie sich im Rahmen Ihrer Meldung einrichten. Bei der Einrichtung Ihres Postkastens w\u00e4hlen Sie ein Pseudonym und ein Kennwort selbst. Ihre Meldung wird durch Verschl\u00fcsselungs- und andere spezielle Sicherheitsroutinen gesichert.Zu Ihrem gesch\u00fctzten Postkasten gelangen Sie \u00fcber den Button \u201eLogin\u201c. Geben Sie anschlie\u00dfend Ihr pers\u00f6nliches Pseudonym\/Benutzername und Kennwort ein, welches Sie nach der Abgabe des Hinweises selbst gew\u00e4hlt haben.<\/p>\n\n\n\n<p style=\"margin-top:30px;font-size:14px\"><strong>Welchen Zweck hat der gesch\u00fctzte Postkasten?&nbsp;<\/strong><\/p>\n\n\n\n<p style=\"font-size:14px\">\u00dcber diesen Postkasten kann Ihnen unser Compliance-Verantwortlicher Fragen stellen, falls Einzelheiten noch unklar sein sollten.<\/p>\n\n\n\n<div class=\"wp-block-uagb-container uagb-block-f93a7eca\">\n<p><\/p>\n<\/div>\n<\/div>\n<\/div>\n<\/div><\/div>","protected":false},"excerpt":{"rendered":"<p>Compliance Compliance COMPLIANCE OPTIMAL\u2019s whistleblower portal&nbsp; For us at OPTIMAL&nbsp;Automotive GmbH, it is of vital importance to run our business with the highest level of integrity and to comply with all the applicable laws and provisions. How we deal with people, our decisions and our day-to-day actions are guided by our shared value system. Failing [&hellip;]<\/p>\n","protected":false},"author":1,"featured_media":0,"parent":1697,"menu_order":0,"comment_status":"closed","ping_status":"closed","template":"","meta":{"_uag_custom_page_level_css":"","site-sidebar-layout":"no-sidebar","site-content-layout":"plain-container","ast-site-content-layout":"normal-width-container","site-content-style":"unboxed","site-sidebar-style":"unboxed","ast-global-header-display":"","ast-banner-title-visibility":"","ast-main-header-display":"","ast-hfb-above-header-display":"","ast-hfb-below-header-display":"","ast-hfb-mobile-header-display":"","site-post-title":"disabled","ast-breadcrumbs-content":"","ast-featured-img":"disabled","footer-sml-layout":"","ast-disable-related-posts":"","theme-transparent-header-meta":"disabled","adv-header-id-meta":"","stick-header-meta":"","header-above-stick-meta":"","header-main-stick-meta":"","header-below-stick-meta":"","astra-migrate-meta-layouts":"set","ast-page-background-enabled":"default","ast-page-background-meta":{"desktop":{"background-color":"var(--ast-global-color-4)","background-image":"","background-repeat":"repeat","background-position":"center center","background-size":"auto","background-attachment":"scroll","background-type":"","background-media":"","overlay-type":"","overlay-color":"","overlay-opacity":"","overlay-gradient":""},"tablet":{"background-color":"","background-image":"","background-repeat":"repeat","background-position":"center center","background-size":"auto","background-attachment":"scroll","background-type":"","background-media":"","overlay-type":"","overlay-color":"","overlay-opacity":"","overlay-gradient":""},"mobile":{"background-color":"","background-image":"","background-repeat":"repeat","background-position":"center center","background-size":"auto","background-attachment":"scroll","background-type":"","background-media":"","overlay-type":"","overlay-color":"","overlay-opacity":"","overlay-gradient":""}},"ast-content-background-meta":{"desktop":{"background-color":"var(--ast-global-color-5)","background-image":"","background-repeat":"repeat","background-position":"center center","background-size":"auto","background-attachment":"scroll","background-type":"","background-media":"","overlay-type":"","overlay-color":"","overlay-opacity":"","overlay-gradient":""},"tablet":{"background-color":"var(--ast-global-color-5)","background-image":"","background-repeat":"repeat","background-position":"center center","background-size":"auto","background-attachment":"scroll","background-type":"","background-media":"","overlay-type":"","overlay-color":"","overlay-opacity":"","overlay-gradient":""},"mobile":{"background-color":"var(--ast-global-color-5)","background-image":"","background-repeat":"repeat","background-position":"center center","background-size":"auto","background-attachment":"scroll","background-type":"","background-media":"","overlay-type":"","overlay-color":"","overlay-opacity":"","overlay-gradient":""}},"footnotes":""},"class_list":["post-1879","page","type-page","status-publish","hentry"],"uagb_featured_image_src":{"full":false,"thumbnail":false,"medium":false,"medium_large":false,"large":false,"1536x1536":false,"2048x2048":false,"trp-custom-language-flag":false},"uagb_author_info":{"display_name":"Administrator","author_link":"https:\/\/www.optimal-germany.com\/de\/author\/wpadmino\/"},"uagb_comment_info":0,"uagb_excerpt":"Compliance Compliance COMPLIANCE OPTIMAL\u2019s whistleblower portal&nbsp; For us at OPTIMAL&nbsp;Automotive GmbH, it is of vital importance to run our business with the highest level of integrity and to comply with all the applicable laws and provisions. How we deal with people, our decisions and our day-to-day actions are guided by our shared value system. Failing&hellip;","_links":{"self":[{"href":"https:\/\/www.optimal-germany.com\/de\/wp-json\/wp\/v2\/pages\/1879","targetHints":{"allow":["GET"]}}],"collection":[{"href":"https:\/\/www.optimal-germany.com\/de\/wp-json\/wp\/v2\/pages"}],"about":[{"href":"https:\/\/www.optimal-germany.com\/de\/wp-json\/wp\/v2\/types\/page"}],"author":[{"embeddable":true,"href":"https:\/\/www.optimal-germany.com\/de\/wp-json\/wp\/v2\/users\/1"}],"replies":[{"embeddable":true,"href":"https:\/\/www.optimal-germany.com\/de\/wp-json\/wp\/v2\/comments?post=1879"}],"version-history":[{"count":22,"href":"https:\/\/www.optimal-germany.com\/de\/wp-json\/wp\/v2\/pages\/1879\/revisions"}],"predecessor-version":[{"id":1966,"href":"https:\/\/www.optimal-germany.com\/de\/wp-json\/wp\/v2\/pages\/1879\/revisions\/1966"}],"up":[{"embeddable":true,"href":"https:\/\/www.optimal-germany.com\/de\/wp-json\/wp\/v2\/pages\/1697"}],"wp:attachment":[{"href":"https:\/\/www.optimal-germany.com\/de\/wp-json\/wp\/v2\/media?parent=1879"}],"curies":[{"name":"wp","href":"https:\/\/api.w.org\/{rel}","templated":true}]}}