{"id":1720,"date":"2024-02-03T12:55:19","date_gmt":"2024-02-03T11:55:19","guid":{"rendered":"https:\/\/srv-www.optimal-germany.com\/?page_id=1720"},"modified":"2024-03-04T12:10:11","modified_gmt":"2024-03-04T11:10:11","slug":"zertifikate-2","status":"publish","type":"page","link":"https:\/\/www.optimal-germany.com\/de\/business\/certificates\/","title":{"rendered":"Zertifikate"},"content":{"rendered":"<div class=\"wp-block-uagb-container page-header-image-container uagb-block-f1ca19c8 alignfull uagb-is-root-container\"><div class=\"uagb-container-inner-blocks-wrap\">\n<figure class=\"wp-block-image aligncenter size-full\"><img loading=\"lazy\" decoding=\"async\" width=\"1140\" height=\"232\" src=\"https:\/\/www.optimal-germany.com\/wp-content\/uploads\/2024\/02\/image-30.png\" alt=\"Zertifikate\" class=\"wp-image-1722\" title=\"Zertifikate\" srcset=\"https:\/\/www.optimal-germany.com\/wp-content\/uploads\/2024\/02\/image-30.png 1140w, https:\/\/www.optimal-germany.com\/wp-content\/uploads\/2024\/02\/image-30-300x61.png 300w, https:\/\/www.optimal-germany.com\/wp-content\/uploads\/2024\/02\/image-30-1024x208.png 1024w, https:\/\/www.optimal-germany.com\/wp-content\/uploads\/2024\/02\/image-30-768x156.png 768w\" sizes=\"auto, (max-width: 1140px) 100vw, 1140px\" \/><\/figure>\n\n\n\n<p class=\"has-text-align-center page-header-image-text-front\"><strong>Zertifikate<\/strong><\/p>\n\n\n\n<p class=\"has-text-align-center page-header-image-text-back\"><strong>Zertifikate<\/strong><\/p>\n<\/div><\/div>\n\n\n\n<div class=\"wp-block-uagb-container uagb-block-5e603625 alignfull uagb-is-root-container\"><div class=\"uagb-container-inner-blocks-wrap\">\n<aside class=\"wp-block-uagb-container side-menu-container uagb-block-9766e0f1\"><nav style=\"font-size:14px;font-style:normal;font-weight:700;text-transform:uppercase;\" class=\"has-background has-ast-global-color-5-background-color  is-vertical side-menu wp-block-navigation is-layout-flex wp-container-core-navigation-is-layout-42e9c677 wp-block-navigation-is-layout-flex\" aria-label=\"Unternehmen\"><ul style=\"font-size:14px;font-style:normal;font-weight:700;text-transform:uppercase;\" class=\"wp-block-navigation__container has-background has-ast-global-color-5-background-color  is-vertical side-menu wp-block-navigation\"><li style=\"font-size: 14px;\" class=\"wp-block-navigation-item wp-block-navigation-link\"><a class=\"wp-block-navigation-item__content\"  href=\"https:\/\/www.optimal-germany.com\/de\/unternehmen\/profil\/\"><span class=\"wp-block-navigation-item__label\">Profil<\/span><\/a><\/li><li style=\"font-size: 14px;\" class=\"wp-block-navigation-item wp-block-navigation-link\"><a class=\"wp-block-navigation-item__content\"  href=\"https:\/\/www.optimal-germany.com\/de\/unternehmen\/marken\/\"><span class=\"wp-block-navigation-item__label\">Marken<\/span><\/a><\/li><li style=\"font-size: 14px;\" class=\"wp-block-navigation-item wp-block-navigation-link\"><a class=\"wp-block-navigation-item__content\"  href=\"https:\/\/www.optimal-germany.com\/de\/unternehmen\/qualitat\/\"><span class=\"wp-block-navigation-item__label\">Qualit\u00e4t<\/span><\/a><\/li><li style=\"font-size: 14px;\" class=\"wp-block-navigation-item wp-block-navigation-link\"><a class=\"wp-block-navigation-item__content\"  href=\"https:\/\/www.optimal-germany.com\/de\/unternehmen\/zertifikate-2\/\"><span class=\"wp-block-navigation-item__label\">Zertifikate<\/span><\/a><\/li><li style=\"font-size: 14px;\" class=\"wp-block-navigation-item wp-block-navigation-link\"><a class=\"wp-block-navigation-item__content\"  href=\"https:\/\/www.optimal-germany.com\/de\/unternehmen\/presse\/\"><span class=\"wp-block-navigation-item__label\">Presse<\/span><\/a><\/li><li style=\"font-size: 14px;\" class=\"wp-block-navigation-item wp-block-navigation-link\"><a class=\"wp-block-navigation-item__content\"  href=\"https:\/\/www.optimal-germany.com\/de\/unternehmen\/messen\/\"><span class=\"wp-block-navigation-item__label\">Messen<\/span><\/a><\/li><li style=\"font-size: 14px;\" class=\"wp-block-navigation-item wp-block-navigation-link\"><a class=\"wp-block-navigation-item__content\"  href=\"https:\/\/www.optimal-germany.com\/de\/unternehmen\/agb\/\"><span class=\"wp-block-navigation-item__label\">Gesch\u00e4ftsbedingungen AGB<\/span><\/a><\/li><li style=\"font-size: 14px;\" class=\"wp-block-navigation-item wp-block-navigation-link\"><a class=\"wp-block-navigation-item__content\"  href=\"https:\/\/www.optimal-germany.com\/de\/unternehmen\/standorte\/\"><span class=\"wp-block-navigation-item__label\">Standorte<\/span><\/a><\/li><li style=\"font-size: 14px;\" class=\"wp-block-navigation-item wp-block-navigation-link\"><a class=\"wp-block-navigation-item__content\"  href=\"https:\/\/www.optimal-germany.com\/de\/unternehmen\/compliance\/\"><span class=\"wp-block-navigation-item__label\">Compliance<\/span><\/a><\/li><\/ul><\/nav>\n\n\n<div class=\"wp-block-uagb-image uagb-block-876d2c63 wp-block-uagb-image--layout-default wp-block-uagb-image--effect-static wp-block-uagb-image--align-none\"><figure class=\"wp-block-uagb-image__figure\"><a class=\"\" href=\"https:\/\/b2b.optimal-germany.com\" target=\"_blank\" rel=\"noreferrer noopener\"><img decoding=\"async\"  sizes=\"auto, (max-width: 480px) 150px\" src=\"https:\/\/www.optimal-germany.com\/wp-content\/uploads\/2024\/02\/image-20.png\" alt=\"B2B Online Shop\" width=\"262\" height=\"97\" title=\"\" loading=\"lazy\" role=\"img\"\/><\/a><\/figure><\/div>\n\n\n\n<div class=\"wp-block-uagb-image uagb-block-c148217a wp-block-uagb-image--layout-default wp-block-uagb-image--effect-static wp-block-uagb-image--align-none\"><figure class=\"wp-block-uagb-image__figure\"><a class=\"\" href=\"https:\/\/www.tecalliance.net\/\" target=\"_blank\" rel=\"noreferrer noopener\"><img decoding=\"async\" srcset=\"https:\/\/www.optimal-germany.com\/wp-content\/uploads\/2024\/02\/image-23.png ,https:\/\/www.optimal-germany.com\/wp-content\/uploads\/2024\/02\/image-23.png 780w, https:\/\/www.optimal-germany.com\/wp-content\/uploads\/2024\/02\/image-23.png 360w\" sizes=\"auto, (max-width: 480px) 150px\" src=\"https:\/\/www.optimal-germany.com\/wp-content\/uploads\/2024\/02\/image-23.png\" alt=\"\" class=\"uag-image-1653\" width=\"262\" height=\"98\" title=\"\" loading=\"lazy\" role=\"img\"\/><\/a><\/figure><\/div>\n<\/aside>\n\n\n\n<div class=\"wp-block-uagb-container main-content uagb-block-26b8dfe4\">\n<div class=\"wp-block-group shadow has-ast-global-color-5-background-color has-background is-layout-constrained wp-container-core-group-is-layout-a51490eb wp-block-group-is-layout-constrained\" style=\"margin-bottom:0;padding-top:14px;padding-right:30px;padding-bottom:14px;padding-left:30px\">\n<div class=\"wp-block-uagb-container uagb-block-9bc97d1b\">\n<p class=\"has-text-color has-link-color wp-elements-9aebe0cc1f510d8358977f31522446c8\" style=\"color:#777777;margin-top:0;margin-bottom:0;padding-top:0;padding-right:0;padding-bottom:0;padding-left:0;font-size:11px\">Sie sind hier:<\/p>\n\n\n<div class=\"breadcrumbs align  wp-block-bcn-breadcrumb-trail has-text-color has-background\" vocab=\"https:\/\/schema.org\/\" typeof=\"BreadcrumbList\">\n\t<span><\/span>\n\t<span property=\"itemListElement\" typeof=\"ListItem\"><a property=\"item\" typeof=\"WebPage\" title=\"Go to OPTIMAL Automotive GmbH.\" href=\"https:\/\/www.optimal-germany.com\/de\" class=\"home\" aria-current=\"page\"><span property=\"name\">Home<\/span><\/a><meta property=\"position\" content=\"1\"><\/span><\/div>\n<\/div>\n\n\n\n<h1 class=\"wp-block-heading\" style=\"margin-top:var(--wp--preset--spacing--30);margin-bottom:var(--wp--preset--spacing--30)\">ZERTIFIKATE<br><\/h1>\n\n\n\n<p><\/p>\n\n\n\n<div class=\"wp-block-uagb-container certificate-container uagb-block-c2e456d1 alignfull uagb-is-root-container\"><div class=\"uagb-container-inner-blocks-wrap\">\n<div class=\"wp-block-uagb-container uagb-block-5dee499c\">\n<figure class=\"wp-block-image size-full is-resized\"><img loading=\"lazy\" decoding=\"async\" width=\"150\" height=\"100\" src=\"https:\/\/www.optimal-germany.com\/wp-content\/uploads\/2024\/02\/image-32.png\" alt=\"\" class=\"wp-image-1740\" style=\"width:150px\"\/><\/figure>\n<\/div>\n\n\n\n<div class=\"wp-block-uagb-container uagb-block-f9df88d8\">\n<h4 class=\"wp-block-heading\" style=\"margin-top:0;margin-bottom:0\">T\u00dcV Marke<\/h4>\n\n\n\n<p style=\"margin-top:0;margin-bottom:0\">\u00dcber 1.000 Lenkungsteile wurden vom T\u00dcV S\u00fcd einer Sicherheitspr\u00fcfung und Produktions\u00fcberwachung PPP 90007:2005 unterzogen und zertifiziert (http:\/\/www.tuv-sud.com\/ps-cert).<a href=\"http:\/\/www.tuv-sud.com\/ps-cert\" target=\"_blank\" rel=\"noreferrer noopener\">http:\/\/www.tuv-sud.com\/ps-cert<\/a>).<\/p>\n<\/div>\n<\/div><\/div>\n\n\n\n<div class=\"wp-block-uagb-container uagb-block-baadebe1\">\n<div class=\"wp-block-uagb-container certificate-container uagb-block-3e427b7a alignfull uagb-is-root-container\"><div class=\"uagb-container-inner-blocks-wrap\">\n<div class=\"wp-block-uagb-container uagb-block-fd3aaeb8\">\n<figure class=\"wp-block-image size-full is-resized\"><img loading=\"lazy\" decoding=\"async\" width=\"150\" height=\"100\" src=\"https:\/\/www.optimal-germany.com\/wp-content\/uploads\/2024\/02\/image-33.png\" alt=\"\" class=\"wp-image-1760\" style=\"width:150px\"\/><\/figure>\n<\/div>\n\n\n\n<div class=\"wp-block-uagb-container uagb-block-dafd7ec3\">\n<h4 class=\"wp-block-heading\" style=\"margin-top:0;margin-bottom:0\">T\u00dcV System<\/h4>\n\n\n\n<p>Die Firma OPTIMAL Automotive GmbH ist seit dem 02.06.2004 vom T\u00dcV S\u00fcd zertifiziert&nbsp;<a href=\"http:\/\/www.tuev-sued.de\/ms-zert\" target=\"_blank\" rel=\"noreferrer noopener\">http:\/\/www.tuev-sued.de\/ms-zert<\/a>Durch st\u00e4ndige Verbesserung der Prozesse, werden die Forderungen nach ISO 9001:2008 und seit dem 26.09.2017 (Wiederholungsaudit am 26.06.2019 bestanden) nach ISO 9001:2015 erf\u00fcllt.<\/p>\n<\/div>\n<\/div><\/div>\n<\/div>\n\n\n\n<div class=\"wp-block-uagb-container certificate-container uagb-block-147aadd4 alignfull uagb-is-root-container\"><div class=\"uagb-container-inner-blocks-wrap\">\n<div class=\"wp-block-uagb-container uagb-block-b87e0232\">\n<figure class=\"wp-block-image size-full is-resized\"><img loading=\"lazy\" decoding=\"async\" width=\"150\" height=\"95\" src=\"https:\/\/www.optimal-germany.com\/wp-content\/uploads\/2024\/02\/image-34.png\" alt=\"\" class=\"wp-image-1762\" style=\"width:150px\"\/><\/figure>\n<\/div>\n\n\n\n<div class=\"wp-block-uagb-container uagb-block-d222225c\">\n<h4 class=\"wp-block-heading\" style=\"margin-top:0;margin-bottom:0\">GVA<\/h4>\n\n\n\n<p>Die Firma OPTIMAL Automotive GmbH ist seit 2006 Mitglied des GVA (Gesamtverband Autoteile-Handel e.V.).\nDamit unterst\u00fctzt die Firma OPTIMAL Automotive GmbH aktiv die Lobbyarbeit des freien Kfz-Ersatzteile-Marktes.<\/p>\n<\/div>\n<\/div><\/div>\n\n\n\n<div class=\"wp-block-uagb-container certificate-container uagb-block-9a73817b alignfull uagb-is-root-container\"><div class=\"uagb-container-inner-blocks-wrap\">\n<div class=\"wp-block-uagb-container uagb-block-229b9caf\">\n<figure class=\"wp-block-image size-full is-resized\"><img loading=\"lazy\" decoding=\"async\" width=\"150\" height=\"95\" src=\"https:\/\/www.optimal-germany.com\/wp-content\/uploads\/2024\/02\/image-35.png\" alt=\"\" class=\"wp-image-1764\" style=\"width:150px\"\/><\/figure>\n<\/div>\n\n\n\n<div class=\"wp-block-uagb-container uagb-block-55095f7d\">\n<h4 class=\"wp-block-heading\" style=\"margin-top:0;margin-bottom:0\">TecDoc<\/h4>\n\n\n\n<p style=\"margin-top:0;margin-bottom:0\">TecDoc CERTIFIED DATA SUPPLIER<br>Seit 2002 ist die Firma OPTIMAL Automotive GmbH Datenlieferant f\u00fcr TecDoc Informationssysteme.<\/p>\n<\/div>\n<\/div><\/div>\n\n\n\n<div class=\"wp-block-uagb-container certificate-container uagb-block-862596e5 alignfull uagb-is-root-container\"><div class=\"uagb-container-inner-blocks-wrap\">\n<div class=\"wp-block-uagb-container uagb-block-f53bdee9\">\n<figure class=\"wp-block-image size-full is-resized\"><img loading=\"lazy\" decoding=\"async\" width=\"150\" height=\"95\" src=\"https:\/\/www.optimal-germany.com\/wp-content\/uploads\/2024\/02\/image-36.png\" alt=\"\" class=\"wp-image-1765\" style=\"width:150px\"\/><\/figure>\n<\/div>\n\n\n\n<div class=\"wp-block-uagb-container uagb-block-c789b207\">\n<h4 class=\"wp-block-heading\" style=\"margin-top:0;margin-bottom:0\">B2B<\/h4>\n\n\n\n<p>Unser Onlineshop wurde auf einer B2B-Plattform (business to business) realisiert. Diese wurde speziell f\u00fcr die Handelspartner der Firma OPTIMAL Automotive GmbH geschaffen.<\/p>\n<\/div>\n<\/div><\/div>\n\n\n\n<div class=\"wp-block-uagb-container certificate-container uagb-block-324e44bf alignfull uagb-is-root-container\"><div class=\"uagb-container-inner-blocks-wrap\">\n<div class=\"wp-block-uagb-container uagb-block-3c04ba77\">\n<figure class=\"wp-block-image size-full is-resized\"><img loading=\"lazy\" decoding=\"async\" width=\"150\" height=\"95\" src=\"https:\/\/www.optimal-germany.com\/wp-content\/uploads\/2024\/02\/image-37.png\" alt=\"\" class=\"wp-image-1766\" style=\"width:150px\"\/><\/figure>\n<\/div>\n\n\n\n<div class=\"wp-block-uagb-container uagb-block-6511ea90\">\n<h4 class=\"wp-block-heading\" style=\"margin-top:0;margin-bottom:0\">Partslife<\/h4>\n\n\n\n<p>PARTSLIFE ist eine Initiative des freien Kfz-Teilemarktes mit Systempartnern aus Industrie und Handel und \u00fcbernimmt Entsorgungsverantwortung f\u00fcr die Produkte dieser Kfz-Teilehersteller und Teileh\u00e4ndler zur Erf\u00fcllung der gesetzlichen Auflagen (wie z. B. Kreislaufwirtschafts-\/Abfallgesetz sowie der Altfahrzeugverordnung).<\/p>\n<\/div>\n<\/div><\/div>\n\n\n\n<div class=\"wp-block-uagb-container uagb-block-f93a7eca\">\n<p><\/p>\n<\/div>\n<\/div>\n<\/div>\n<\/div><\/div>","protected":false},"excerpt":{"rendered":"<p>Certificates Certificates CERTIFICATES T\u00dcV (German Technical Inspection Authority) mark More than 1000 of our steering and suspension parts have undergone a safety inspection and production control by T\u00dcV S\u00fcd and have been certified in accordance with PPP 90007:2005 (http:\/\/www.tuv-sud.com\/ps-cert). T\u00dcV System OPTIMAL Automotive GmbH was granted new ISO 9001:2015 certification by T\u00dcV S\u00fcd&nbsp;(www.tuev-sued.de\/ms-zert) 26.09.2017 (repeat [&hellip;]<\/p>\n","protected":false},"author":1,"featured_media":0,"parent":1697,"menu_order":0,"comment_status":"closed","ping_status":"closed","template":"","meta":{"_uag_custom_page_level_css":".certificate-img {\n\tpadding:\n}","site-sidebar-layout":"no-sidebar","site-content-layout":"plain-container","ast-site-content-layout":"normal-width-container","site-content-style":"unboxed","site-sidebar-style":"unboxed","ast-global-header-display":"","ast-banner-title-visibility":"","ast-main-header-display":"","ast-hfb-above-header-display":"","ast-hfb-below-header-display":"","ast-hfb-mobile-header-display":"","site-post-title":"disabled","ast-breadcrumbs-content":"","ast-featured-img":"disabled","footer-sml-layout":"","ast-disable-related-posts":"","theme-transparent-header-meta":"disabled","adv-header-id-meta":"","stick-header-meta":"","header-above-stick-meta":"","header-main-stick-meta":"","header-below-stick-meta":"","astra-migrate-meta-layouts":"set","ast-page-background-enabled":"default","ast-page-background-meta":{"desktop":{"background-color":"var(--ast-global-color-4)","background-image":"","background-repeat":"repeat","background-position":"center center","background-size":"auto","background-attachment":"scroll","background-type":"","background-media":"","overlay-type":"","overlay-color":"","overlay-opacity":"","overlay-gradient":""},"tablet":{"background-color":"","background-image":"","background-repeat":"repeat","background-position":"center center","background-size":"auto","background-attachment":"scroll","background-type":"","background-media":"","overlay-type":"","overlay-color":"","overlay-opacity":"","overlay-gradient":""},"mobile":{"background-color":"","background-image":"","background-repeat":"repeat","background-position":"center center","background-size":"auto","background-attachment":"scroll","background-type":"","background-media":"","overlay-type":"","overlay-color":"","overlay-opacity":"","overlay-gradient":""}},"ast-content-background-meta":{"desktop":{"background-color":"var(--ast-global-color-5)","background-image":"","background-repeat":"repeat","background-position":"center center","background-size":"auto","background-attachment":"scroll","background-type":"","background-media":"","overlay-type":"","overlay-color":"","overlay-opacity":"","overlay-gradient":""},"tablet":{"background-color":"var(--ast-global-color-5)","background-image":"","background-repeat":"repeat","background-position":"center center","background-size":"auto","background-attachment":"scroll","background-type":"","background-media":"","overlay-type":"","overlay-color":"","overlay-opacity":"","overlay-gradient":""},"mobile":{"background-color":"var(--ast-global-color-5)","background-image":"","background-repeat":"repeat","background-position":"center center","background-size":"auto","background-attachment":"scroll","background-type":"","background-media":"","overlay-type":"","overlay-color":"","overlay-opacity":"","overlay-gradient":""}},"footnotes":""},"class_list":["post-1720","page","type-page","status-publish","hentry"],"uagb_featured_image_src":{"full":false,"thumbnail":false,"medium":false,"medium_large":false,"large":false,"1536x1536":false,"2048x2048":false,"trp-custom-language-flag":false},"uagb_author_info":{"display_name":"Administrator","author_link":"https:\/\/www.optimal-germany.com\/de\/author\/wpadmino\/"},"uagb_comment_info":0,"uagb_excerpt":"Certificates Certificates CERTIFICATES T\u00dcV (German Technical Inspection Authority) mark More than 1000 of our steering and suspension parts have undergone a safety inspection and production control by T\u00dcV S\u00fcd and have been certified in accordance with PPP 90007:2005 (http:\/\/www.tuv-sud.com\/ps-cert). T\u00dcV System OPTIMAL Automotive GmbH was granted new ISO 9001:2015 certification by T\u00dcV S\u00fcd&nbsp;(www.tuev-sued.de\/ms-zert) 26.09.2017 (repeat&hellip;","_links":{"self":[{"href":"https:\/\/www.optimal-germany.com\/de\/wp-json\/wp\/v2\/pages\/1720","targetHints":{"allow":["GET"]}}],"collection":[{"href":"https:\/\/www.optimal-germany.com\/de\/wp-json\/wp\/v2\/pages"}],"about":[{"href":"https:\/\/www.optimal-germany.com\/de\/wp-json\/wp\/v2\/types\/page"}],"author":[{"embeddable":true,"href":"https:\/\/www.optimal-germany.com\/de\/wp-json\/wp\/v2\/users\/1"}],"replies":[{"embeddable":true,"href":"https:\/\/www.optimal-germany.com\/de\/wp-json\/wp\/v2\/comments?post=1720"}],"version-history":[{"count":33,"href":"https:\/\/www.optimal-germany.com\/de\/wp-json\/wp\/v2\/pages\/1720\/revisions"}],"predecessor-version":[{"id":4483,"href":"https:\/\/www.optimal-germany.com\/de\/wp-json\/wp\/v2\/pages\/1720\/revisions\/4483"}],"up":[{"embeddable":true,"href":"https:\/\/www.optimal-germany.com\/de\/wp-json\/wp\/v2\/pages\/1697"}],"wp:attachment":[{"href":"https:\/\/www.optimal-germany.com\/de\/wp-json\/wp\/v2\/media?parent=1720"}],"curies":[{"name":"wp","href":"https:\/\/api.w.org\/{rel}","templated":true}]}}