{"id":1683,"date":"2024-02-03T12:14:00","date_gmt":"2024-02-03T11:14:00","guid":{"rendered":"https:\/\/srv-www.optimal-germany.com\/?page_id=1683"},"modified":"2024-06-17T08:10:15","modified_gmt":"2024-06-17T07:10:15","slug":"lenkungsteile","status":"publish","type":"page","link":"https:\/\/www.optimal-germany.com\/de\/product-lines\/steering-and-suspension\/","title":{"rendered":"Lenkungsteile"},"content":{"rendered":"<div class=\"wp-block-uagb-container page-header-image-container uagb-block-f1ca19c8 alignfull uagb-is-root-container\"><div class=\"uagb-container-inner-blocks-wrap\">\n<figure class=\"wp-block-image aligncenter size-full\"><img loading=\"lazy\" decoding=\"async\" width=\"1140\" height=\"232\" src=\"https:\/\/www.optimal-germany.com\/wp-content\/uploads\/2024\/02\/image-24.png\" alt=\"\" class=\"wp-image-1685\" srcset=\"https:\/\/www.optimal-germany.com\/wp-content\/uploads\/2024\/02\/image-24.png 1140w, https:\/\/www.optimal-germany.com\/wp-content\/uploads\/2024\/02\/image-24-300x61.png 300w, https:\/\/www.optimal-germany.com\/wp-content\/uploads\/2024\/02\/image-24-1024x208.png 1024w, https:\/\/www.optimal-germany.com\/wp-content\/uploads\/2024\/02\/image-24-768x156.png 768w\" sizes=\"auto, (max-width: 1140px) 100vw, 1140px\" \/><\/figure>\n\n\n\n<p class=\"has-text-align-center page-header-image-text-front\"><strong>Lenkungsteile<\/strong><\/p>\n\n\n\n<p class=\"has-text-align-center page-header-image-text-back\"><strong>Lenkungsteile<\/strong><\/p>\n<\/div><\/div>\n\n\n\n<div class=\"wp-block-uagb-container uagb-block-5e603625 alignfull uagb-is-root-container\"><div class=\"uagb-container-inner-blocks-wrap\">\n<aside class=\"wp-block-uagb-container side-menu-container uagb-block-9766e0f1\"><nav style=\"font-size:14px;font-style:normal;font-weight:700;text-transform:uppercase;\" class=\"has-background has-ast-global-color-5-background-color  is-vertical side-menu wp-block-navigation is-layout-flex wp-container-core-navigation-is-layout-42e9c677 wp-block-navigation-is-layout-flex\" aria-label=\"Lenkungsteile\"><ul style=\"font-size:14px;font-style:normal;font-weight:700;text-transform:uppercase;\" class=\"wp-block-navigation__container has-background has-ast-global-color-5-background-color  is-vertical side-menu wp-block-navigation\"><li style=\"font-size: 14px;\" class=\"wp-block-navigation-item wp-block-navigation-link\"><a class=\"wp-block-navigation-item__content\"  href=\"https:\/\/www.optimal-germany.com\/de\/produktgruppen-2\/lenkungsteile\/lenkungsteile-2\/\"><span class=\"wp-block-navigation-item__label\">Lenkungsteile<\/span><\/a><\/li><li style=\"font-size: 14px;\" class=\"wp-block-navigation-item wp-block-navigation-link\"><a class=\"wp-block-navigation-item__content\"  href=\"https:\/\/www.optimal-germany.com\/de\/produktgruppen-2\/lenkungsteile\/hydraulikpumpen\/\"><span class=\"wp-block-navigation-item__label\">Hydraulikpumpen<\/span><\/a><\/li><\/ul><\/nav>\n\n\n<div class=\"wp-block-uagb-image uagb-block-876d2c63 wp-block-uagb-image--layout-default wp-block-uagb-image--effect-static wp-block-uagb-image--align-none\"><figure class=\"wp-block-uagb-image__figure\"><a class=\"\" href=\"https:\/\/b2b.optimal-germany.com\" target=\"_blank\" rel=\"noreferrer noopener\"><img decoding=\"async\" srcset=\"https:\/\/www.optimal-germany.com\/wp-content\/uploads\/2024\/02\/image-20.png ,https:\/\/www.optimal-germany.com\/wp-content\/uploads\/2024\/02\/image-20.png 780w, https:\/\/www.optimal-germany.com\/wp-content\/uploads\/2024\/02\/image-20.png 360w\" sizes=\"auto, (max-width: 480px) 150px\" src=\"https:\/\/www.optimal-germany.com\/wp-content\/uploads\/2024\/02\/image-20.png\" alt=\"B2B Online Shop\" class=\"uag-image-1646\" width=\"262\" height=\"97\" title=\"\" loading=\"lazy\" role=\"img\"\/><\/a><\/figure><\/div>\n\n\n\n<div class=\"wp-block-uagb-image uagb-block-c148217a wp-block-uagb-image--layout-default wp-block-uagb-image--effect-static wp-block-uagb-image--align-none\"><figure class=\"wp-block-uagb-image__figure\"><a class=\"\" href=\"https:\/\/www.tecalliance.net\/\" target=\"_blank\" rel=\"noreferrer noopener\"><img decoding=\"async\" srcset=\"https:\/\/www.optimal-germany.com\/wp-content\/uploads\/2024\/02\/image-23.png ,https:\/\/www.optimal-germany.com\/wp-content\/uploads\/2024\/02\/image-23.png 780w, https:\/\/www.optimal-germany.com\/wp-content\/uploads\/2024\/02\/image-23.png 360w\" sizes=\"auto, (max-width: 480px) 150px\" src=\"https:\/\/www.optimal-germany.com\/wp-content\/uploads\/2024\/02\/image-23.png\" alt=\"\" class=\"uag-image-1653\" width=\"262\" height=\"98\" title=\"\" loading=\"lazy\" role=\"img\"\/><\/a><\/figure><\/div>\n\n\n\n<div class=\"wp-block-uagb-container countries-map uagb-block-d97a9fc7 default uagb-is-root-container\">\n<h4 class=\"wp-block-heading\" style=\"margin-top:10px;margin-bottom:10px;padding-right:24px;padding-left:24px;font-style:normal;font-weight:400;text-transform:uppercase\">INTERNATIONAL<\/h4>\n\n\n\n<div class=\"wp-block-uagb-image uagb-block-69472d17 wp-block-uagb-image--layout-default wp-block-uagb-image--effect-static wp-block-uagb-image--align-none\"><figure class=\"wp-block-uagb-image__figure\"><img decoding=\"async\" srcset=\"https:\/\/www.optimal-germany.com\/wp-content\/uploads\/2024\/02\/countries_map-1.svg ,https:\/\/www.optimal-germany.com\/wp-content\/uploads\/2024\/02\/countries_map-1.svg 780w, https:\/\/www.optimal-germany.com\/wp-content\/uploads\/2024\/02\/countries_map-1.svg 360w\" sizes=\"auto, (max-width: 480px) 150px\" src=\"https:\/\/www.optimal-germany.com\/wp-content\/uploads\/2024\/02\/countries_map-1.svg\" alt=\"\" class=\"uag-image-1651\" width=\"300\" height=\"120\" title=\"\" loading=\"lazy\" role=\"img\"\/><\/figure><\/div>\n\n\n\n<div class=\"wp-block-uagb-buttons uagb-buttons__outer-wrap uagb-btn__default-btn uagb-btn-tablet__default-btn uagb-btn-mobile__default-btn uagb-block-f4ac8daa\"><div class=\"uagb-buttons__wrap uagb-buttons-layout-wrap\">\n<div class=\"wp-block-uagb-buttons-child uagb-buttons__outer-wrap uagb-block-243626ce wp-block-button\"><div class=\"uagb-button__wrapper\"><a class=\"uagb-buttons-repeater ast-outline-button\" aria-label=\"\" style=\"border-width:revert-layer\" href=\"\/de\/kundenservice\/sales-structure\/\" rel=\"follow noopener\" target=\"_self\" role=\"button\"><div class=\"uagb-button__link\">W\u00e4hlen Sie ein Land &gt;<\/div><\/a><\/div><\/div>\n<\/div><\/div>\n<\/div>\n\n\n\n<div class=\"wp-block-uagb-image uagb-block-7d075df1 wp-block-uagb-image--layout-default wp-block-uagb-image--effect-static wp-block-uagb-image--align-none\"><figure class=\"wp-block-uagb-image__figure\"><a class=\"\" href=\"http:\/\/testwww.optimal-germany.com\/en\/newsletter\/subscribe\" target=\"_blank\" rel=\"noreferrer noopener\"><img decoding=\"async\" srcset=\"https:\/\/www.optimal-germany.com\/wp-content\/uploads\/2024\/02\/image-22.png ,https:\/\/www.optimal-germany.com\/wp-content\/uploads\/2024\/02\/image-22.png 780w, https:\/\/www.optimal-germany.com\/wp-content\/uploads\/2024\/02\/image-22.png 360w\" sizes=\"auto, (max-width: 480px) 150px\" src=\"https:\/\/www.optimal-germany.com\/wp-content\/uploads\/2024\/02\/image-22.png\" alt=\"\" class=\"uag-image-1648\" width=\"262\" height=\"50\" title=\"\" loading=\"lazy\" role=\"img\"\/><\/a><\/figure><\/div>\n<\/aside>\n\n\n\n<div class=\"wp-block-uagb-container main-content uagb-block-26b8dfe4\">\n<div class=\"wp-block-group shadow has-ast-global-color-5-background-color has-background is-layout-constrained wp-container-core-group-is-layout-a51490eb wp-block-group-is-layout-constrained\" style=\"margin-bottom:0;padding-top:14px;padding-right:30px;padding-bottom:14px;padding-left:30px\">\n<div class=\"wp-block-uagb-container uagb-block-9bc97d1b\">\n<p class=\"has-text-color has-link-color wp-elements-9aebe0cc1f510d8358977f31522446c8\" style=\"color:#777777;margin-top:0;margin-bottom:0;padding-top:0;padding-right:0;padding-bottom:0;padding-left:0;font-size:11px\">Sie sind hier:<\/p>\n\n\n<div class=\"breadcrumbs align  wp-block-bcn-breadcrumb-trail has-text-color has-background\" vocab=\"https:\/\/schema.org\/\" typeof=\"BreadcrumbList\">\n\t<span><\/span>\n\t<span property=\"itemListElement\" typeof=\"ListItem\"><a property=\"item\" typeof=\"WebPage\" title=\"Go to OPTIMAL Automotive GmbH.\" href=\"https:\/\/www.optimal-germany.com\/de\" class=\"home\" aria-current=\"page\"><span property=\"name\">Home<\/span><\/a><meta property=\"position\" content=\"1\"><\/span><\/div>\n<\/div>\n\n\n\n<h1 class=\"wp-block-heading\" style=\"margin-top:var(--wp--preset--spacing--30);margin-bottom:var(--wp--preset--spacing--30)\">LENKUNGSTEILE<\/h1>\n\n\n\n<figure class=\"wp-block-image alignright size-full\"><img loading=\"lazy\" decoding=\"async\" width=\"400\" height=\"286\" src=\"https:\/\/www.optimal-germany.com\/wp-content\/uploads\/2024\/02\/image-25.png\" alt=\"\" class=\"wp-image-1686\" srcset=\"https:\/\/www.optimal-germany.com\/wp-content\/uploads\/2024\/02\/image-25.png 400w, https:\/\/www.optimal-germany.com\/wp-content\/uploads\/2024\/02\/image-25-300x215.png 300w\" sizes=\"auto, (max-width: 400px) 100vw, 400px\" \/><\/figure>\n\n\n\n<p style=\"margin-top:var(--wp--preset--spacing--20);margin-bottom:var(--wp--preset--spacing--20)\">Die Lenkungsteile (ca. 3000 Artikel) werden auf modernen Pr\u00e4zisionsmaschinen hergestellt. Durch st\u00e4ndige Kontrollen w\u00e4hrend des kompletten Herstellungsprozesses gew\u00e4hrleistet Ihnen OPTIMAL Automotive GmbH hervorragende Qualit\u00e4t.<\/p>\n\n\n\n<p>Dies ist die Basis f\u00fcr die Zuverl\u00e4ssigkeit unserer Achs- und Lenkungsteile, die in speziellen Pr\u00fcf- und Testverfahren f\u00fcr einen Gro\u00dfteil der Artikel, ausdr\u00fccklich durch den T\u00dcV\u2013S\u00fcd \u00fcberpr\u00fcft, zertifiziert und best\u00e4tigt wurde!<\/p>\n\n\n\n<p>Damit wir diesem Anspruch auch f\u00fcr die neueste Teilegeneration gerecht werden k\u00f6nnen, wird dieser Prozess kontinuierlich erweitert und fortgef\u00fchrt.<\/p>\n\n\n\n<div class=\"wp-block-uagb-container uagb-block-31f880f7 alignfull uagb-is-root-container\"><div class=\"uagb-container-inner-blocks-wrap\">\n<div class=\"alignnormal\"><div id=\"metaslider-id-2955\" style=\"width: 100%; margin: 0 auto;\" class=\"ml-slider-3-108-0 metaslider metaslider-flex metaslider-2955 ml-slider has-carousel-mode ms-theme-default nav-hidden\" role=\"region\" aria-label=\"Lenkungsteile\" data-height=\"100\" data-width=\"150\">\n    <div id=\"metaslider_container_2955\">\n        <div id=\"metaslider_2955\">\n            <ul class='slides'>\n                <li style=\"display: none; width: 100%;\" class=\"slide-2957 ms-image\" aria-roledescription=\"slide\" data-date=\"2024-02-08 16:18:07\" data-filename=\"10_0-150x100.png\" data-slide-type=\"image\"><img loading=\"lazy\" decoding=\"async\" src=\"https:\/\/www.optimal-germany.com\/wp-content\/uploads\/2024\/02\/10_0-150x100.png\" height=\"100\" width=\"150\" alt=\"\" class=\"slider-2955 slide-2957 msDefaultImage\" title=\"10_0\" \/><\/li>\n                <li style=\"display: none; width: 100%;\" class=\"slide-2959 ms-image\" aria-roledescription=\"slide\" data-date=\"2024-02-08 16:18:16\" data-filename=\"9_0-150x100.png\" data-slide-type=\"image\"><img loading=\"lazy\" decoding=\"async\" src=\"https:\/\/www.optimal-germany.com\/wp-content\/uploads\/2024\/02\/9_0-150x100.png\" height=\"100\" width=\"150\" alt=\"\" class=\"slider-2955 slide-2959 msDefaultImage\" title=\"9_0\" \/><\/li>\n                <li style=\"display: none; width: 100%;\" class=\"slide-2961 ms-image\" aria-roledescription=\"slide\" data-date=\"2024-02-08 16:18:24\" data-filename=\"8_0-150x100.png\" data-slide-type=\"image\"><img loading=\"lazy\" decoding=\"async\" src=\"https:\/\/www.optimal-germany.com\/wp-content\/uploads\/2024\/02\/8_0-150x100.png\" height=\"100\" width=\"150\" alt=\"\" class=\"slider-2955 slide-2961 msDefaultImage\" title=\"8_0\" \/><\/li>\n                <li style=\"display: none; width: 100%;\" class=\"slide-2963 ms-image\" aria-roledescription=\"slide\" data-date=\"2024-02-08 16:18:34\" data-filename=\"7_0-150x100.png\" data-slide-type=\"image\"><img loading=\"lazy\" decoding=\"async\" src=\"https:\/\/www.optimal-germany.com\/wp-content\/uploads\/2024\/02\/7_0-150x100.png\" height=\"100\" width=\"150\" alt=\"\" class=\"slider-2955 slide-2963 msDefaultImage\" title=\"7_0\" \/><\/li>\n                <li style=\"display: none; width: 100%;\" class=\"slide-2965 ms-image\" aria-roledescription=\"slide\" data-date=\"2024-02-08 16:18:43\" data-filename=\"6_0-150x100.png\" data-slide-type=\"image\"><img loading=\"lazy\" decoding=\"async\" src=\"https:\/\/www.optimal-germany.com\/wp-content\/uploads\/2024\/02\/6_0-150x100.png\" height=\"100\" width=\"150\" alt=\"\" class=\"slider-2955 slide-2965 msDefaultImage\" title=\"6_0\" \/><\/li>\n                <li style=\"display: none; width: 100%;\" class=\"slide-2967 ms-image\" aria-roledescription=\"slide\" data-date=\"2024-02-08 16:18:54\" data-filename=\"5_0-150x100.png\" data-slide-type=\"image\"><img loading=\"lazy\" decoding=\"async\" src=\"https:\/\/www.optimal-germany.com\/wp-content\/uploads\/2024\/02\/5_0-150x100.png\" height=\"100\" width=\"150\" alt=\"\" class=\"slider-2955 slide-2967 msDefaultImage\" title=\"5_0\" \/><\/li>\n                <li style=\"display: none; width: 100%;\" class=\"slide-2969 ms-image\" aria-roledescription=\"slide\" data-date=\"2024-02-08 16:19:06\" data-filename=\"4_0-150x100.png\" data-slide-type=\"image\"><img loading=\"lazy\" decoding=\"async\" src=\"https:\/\/www.optimal-germany.com\/wp-content\/uploads\/2024\/02\/4_0-150x100.png\" height=\"100\" width=\"150\" alt=\"\" class=\"slider-2955 slide-2969 msDefaultImage\" title=\"4_0\" \/><\/li>\n                <li style=\"display: none; width: 100%;\" class=\"slide-2971 ms-image\" aria-roledescription=\"slide\" data-date=\"2024-02-08 16:19:13\" data-filename=\"3_0-150x100.png\" data-slide-type=\"image\"><img loading=\"lazy\" decoding=\"async\" src=\"https:\/\/www.optimal-germany.com\/wp-content\/uploads\/2024\/02\/3_0-150x100.png\" height=\"100\" width=\"150\" alt=\"\" class=\"slider-2955 slide-2971 msDefaultImage\" title=\"3_0\" \/><\/li>\n                <li style=\"display: none; width: 100%;\" class=\"slide-2973 ms-image\" aria-roledescription=\"slide\" data-date=\"2024-02-08 16:19:22\" data-filename=\"2_0-150x100.png\" data-slide-type=\"image\"><img loading=\"lazy\" decoding=\"async\" src=\"https:\/\/www.optimal-germany.com\/wp-content\/uploads\/2024\/02\/2_0-150x100.png\" height=\"100\" width=\"150\" alt=\"\" class=\"slider-2955 slide-2973 msDefaultImage\" title=\"2_0\" \/><\/li>\n                <li style=\"display: none; width: 100%;\" class=\"slide-2975 ms-image\" aria-roledescription=\"slide\" data-date=\"2024-02-08 16:19:31\" data-filename=\"1_0-150x100.png\" data-slide-type=\"image\"><img loading=\"lazy\" decoding=\"async\" src=\"https:\/\/www.optimal-germany.com\/wp-content\/uploads\/2024\/02\/1_0-150x100.png\" height=\"100\" width=\"150\" alt=\"\" class=\"slider-2955 slide-2975 msDefaultImage\" title=\"1_0\" \/><\/li>\n            <\/ul>\n        <\/div>\n        \n    <\/div>\n<\/div><\/div>\n<\/div><\/div>\n\n\n\n<div class=\"wp-block-uagb-container uagb-block-f93a7eca\">\n<p><\/p>\n<\/div>\n<\/div>\n<\/div>\n<\/div><\/div>\n\n\n\n<p><\/p>","protected":false},"excerpt":{"rendered":"<p>&amp; Suspension parts Steering parts INTERNATIONAL STEERING AND SUSPENSION Our steering and suspension parts (approx. 3000 products) are manufactured using the most up-to-date precision machines. OPTIMAL Automotive GmbH guarantees excellent quality for you by carrying out regular inspections throughout the entire manufacturing process. This is why our axle and steering and suspension parts are so [&hellip;]<\/p>\n","protected":false},"author":1,"featured_media":0,"parent":1301,"menu_order":0,"comment_status":"closed","ping_status":"closed","template":"","meta":{"_uag_custom_page_level_css":"","site-sidebar-layout":"no-sidebar","site-content-layout":"plain-container","ast-site-content-layout":"normal-width-container","site-content-style":"unboxed","site-sidebar-style":"unboxed","ast-global-header-display":"","ast-banner-title-visibility":"","ast-main-header-display":"","ast-hfb-above-header-display":"","ast-hfb-below-header-display":"","ast-hfb-mobile-header-display":"","site-post-title":"disabled","ast-breadcrumbs-content":"","ast-featured-img":"disabled","footer-sml-layout":"","ast-disable-related-posts":"","theme-transparent-header-meta":"disabled","adv-header-id-meta":"","stick-header-meta":"","header-above-stick-meta":"","header-main-stick-meta":"","header-below-stick-meta":"","astra-migrate-meta-layouts":"set","ast-page-background-enabled":"default","ast-page-background-meta":{"desktop":{"background-color":"var(--ast-global-color-4)","background-image":"","background-repeat":"repeat","background-position":"center center","background-size":"auto","background-attachment":"scroll","background-type":"","background-media":"","overlay-type":"","overlay-color":"","overlay-opacity":"","overlay-gradient":""},"tablet":{"background-color":"","background-image":"","background-repeat":"repeat","background-position":"center center","background-size":"auto","background-attachment":"scroll","background-type":"","background-media":"","overlay-type":"","overlay-color":"","overlay-opacity":"","overlay-gradient":""},"mobile":{"background-color":"","background-image":"","background-repeat":"repeat","background-position":"center center","background-size":"auto","background-attachment":"scroll","background-type":"","background-media":"","overlay-type":"","overlay-color":"","overlay-opacity":"","overlay-gradient":""}},"ast-content-background-meta":{"desktop":{"background-color":"var(--ast-global-color-5)","background-image":"","background-repeat":"repeat","background-position":"center center","background-size":"auto","background-attachment":"scroll","background-type":"","background-media":"","overlay-type":"","overlay-color":"","overlay-opacity":"","overlay-gradient":""},"tablet":{"background-color":"var(--ast-global-color-5)","background-image":"","background-repeat":"repeat","background-position":"center center","background-size":"auto","background-attachment":"scroll","background-type":"","background-media":"","overlay-type":"","overlay-color":"","overlay-opacity":"","overlay-gradient":""},"mobile":{"background-color":"var(--ast-global-color-5)","background-image":"","background-repeat":"repeat","background-position":"center center","background-size":"auto","background-attachment":"scroll","background-type":"","background-media":"","overlay-type":"","overlay-color":"","overlay-opacity":"","overlay-gradient":""}},"footnotes":""},"class_list":["post-1683","page","type-page","status-publish","hentry"],"uagb_featured_image_src":{"full":false,"thumbnail":false,"medium":false,"medium_large":false,"large":false,"1536x1536":false,"2048x2048":false,"trp-custom-language-flag":false},"uagb_author_info":{"display_name":"Administrator","author_link":"https:\/\/www.optimal-germany.com\/de\/author\/wpadmino\/"},"uagb_comment_info":0,"uagb_excerpt":"&amp; Suspension parts Steering parts INTERNATIONAL STEERING AND SUSPENSION Our steering and suspension parts (approx. 3000 products) are manufactured using the most up-to-date precision machines. OPTIMAL Automotive GmbH guarantees excellent quality for you by carrying out regular inspections throughout the entire manufacturing process. This is why our axle and steering and suspension parts are so&hellip;","_links":{"self":[{"href":"https:\/\/www.optimal-germany.com\/de\/wp-json\/wp\/v2\/pages\/1683","targetHints":{"allow":["GET"]}}],"collection":[{"href":"https:\/\/www.optimal-germany.com\/de\/wp-json\/wp\/v2\/pages"}],"about":[{"href":"https:\/\/www.optimal-germany.com\/de\/wp-json\/wp\/v2\/types\/page"}],"author":[{"embeddable":true,"href":"https:\/\/www.optimal-germany.com\/de\/wp-json\/wp\/v2\/users\/1"}],"replies":[{"embeddable":true,"href":"https:\/\/www.optimal-germany.com\/de\/wp-json\/wp\/v2\/comments?post=1683"}],"version-history":[{"count":7,"href":"https:\/\/www.optimal-germany.com\/de\/wp-json\/wp\/v2\/pages\/1683\/revisions"}],"predecessor-version":[{"id":4730,"href":"https:\/\/www.optimal-germany.com\/de\/wp-json\/wp\/v2\/pages\/1683\/revisions\/4730"}],"up":[{"embeddable":true,"href":"https:\/\/www.optimal-germany.com\/de\/wp-json\/wp\/v2\/pages\/1301"}],"wp:attachment":[{"href":"https:\/\/www.optimal-germany.com\/de\/wp-json\/wp\/v2\/media?parent=1683"}],"curies":[{"name":"wp","href":"https:\/\/api.w.org\/{rel}","templated":true}]}}